{"id":27460,"date":"2025-08-19T10:13:47","date_gmt":"2025-08-19T07:13:47","guid":{"rendered":"https:\/\/pesu24.ee\/?post_type=product&#038;p=27460"},"modified":"2026-03-10T13:33:35","modified_gmt":"2026-03-10T11:33:35","slug":"korsett-obsessive-859","status":"publish","type":"product","link":"https:\/\/pesu24.ee\/en\/korsetid\/korsett-obsessive-859\/","title":{"rendered":"Korsett Obsessive 859"},"content":{"rendered":"<p>Obsessive 859 korsett on valmistatud nahalaadsest materjalist, mis tekitab imelise\u00a0<em>wet-look<\/em> v\u00e4limuse. Antud toode ei j\u00e4ta k\u00fclmaks mitte \u00fchtegi meesterahvast magamistoas.<\/p>\n<p><span style=\"color: #008000;\"><strong>KOMPLEKT SISALDAB:<\/strong><\/span><\/p>\n<ul>\n<li>korsett<\/li>\n<li>p\u00fcksikud<\/li>\n<li>NB! sukad ei kuulu komplekti<\/li>\n<\/ul>\n<p>Antud komplekt sobib suurep\u00e4raselt kokku Obsessive S800 mustade sukkadega, mille leiad <a href=\"https:\/\/pesu24.ee\/en\/sukad\/sukad-obsessive-s800\/\">siit<\/a>.<\/p>\n<p><span style=\"color: #008000;\"><strong>DETAILS:<\/strong><\/span><\/p>\n<ul>\n<li>valmistatud nahalaadsest materjalist<\/li>\n<li>kaunistatud l\u00e4bipaistva pitsiga<\/li>\n<li>kaela tagant kinnituv<\/li>\n<li>ees lukk<\/li>\n<li>selja pealt paelaga seotav<\/li>\n<li>satsid puusade kohas<\/li>\n<li>reguleeritavad &amp; eemaldatavad sukapaelad<\/li>\n<li>mugav kangas (90% pol\u00fcuretaan, 10% elastaan)<\/li>\n<\/ul>\n<p><span style=\"color: #008000;\"><strong>VIDEO<\/strong><\/span><\/p>\n<div class=\"video-container\"><iframe loading=\"lazy\" title=\"JEDINE\u010cN\u00dd KORZET 859 - COR - OBSESSIVE\" width=\"500\" height=\"281\" src=\"https:\/\/www.youtube.com\/embed\/BgoRjZetiKA?feature=oembed&#038;wmode=opaque\" frameborder=\"0\" allow=\"accelerometer; autoplay; clipboard-write; encrypted-media; gyroscope; picture-in-picture; web-share\" referrerpolicy=\"strict-origin-when-cross-origin\" allowfullscreen><\/iframe><\/div>","protected":false},"excerpt":{"rendered":"<p>&#46;&#46;&#46;<\/p>","protected":false},"featured_media":21311,"comment_status":"open","ping_status":"closed","template":"","meta":{"_glsr_average":0,"_glsr_ranking":0,"_glsr_reviews":0},"product_brand":[500],"product_cat":[33],"product_tag":[398,160],"class_list":{"0":"post-27460","1":"product","2":"type-product","3":"status-publish","4":"has-post-thumbnail","6":"product_brand-obsessive","7":"product_cat-korsetid","8":"product_tag-latekspesu","9":"product_tag-obsessive","10":"pa_suurus-l-xl","11":"pa_suurus-s-m","12":"pa_varvus-must","14":"first","15":"instock","16":"sold-individually","17":"taxable","18":"shipping-taxable","19":"purchasable","20":"product-type-variable"},"_links":{"self":[{"href":"https:\/\/pesu24.ee\/en\/wp-json\/wp\/v2\/product\/27460","targetHints":{"allow":["GET"]}}],"collection":[{"href":"https:\/\/pesu24.ee\/en\/wp-json\/wp\/v2\/product"}],"about":[{"href":"https:\/\/pesu24.ee\/en\/wp-json\/wp\/v2\/types\/product"}],"replies":[{"embeddable":true,"href":"https:\/\/pesu24.ee\/en\/wp-json\/wp\/v2\/comments?post=27460"}],"wp:featuredmedia":[{"embeddable":true,"href":"https:\/\/pesu24.ee\/en\/wp-json\/wp\/v2\/media\/21311"}],"wp:attachment":[{"href":"https:\/\/pesu24.ee\/en\/wp-json\/wp\/v2\/media?parent=27460"}],"wp:term":[{"taxonomy":"product_brand","embeddable":true,"href":"https:\/\/pesu24.ee\/en\/wp-json\/wp\/v2\/product_brand?post=27460"},{"taxonomy":"product_cat","embeddable":true,"href":"https:\/\/pesu24.ee\/en\/wp-json\/wp\/v2\/product_cat?post=27460"},{"taxonomy":"product_tag","embeddable":true,"href":"https:\/\/pesu24.ee\/en\/wp-json\/wp\/v2\/product_tag?post=27460"}],"curies":[{"name":"wp","href":"https:\/\/api.w.org\/{rel}","templated":true}]}}