{"id":27464,"date":"2025-08-19T10:14:26","date_gmt":"2025-08-19T07:14:26","guid":{"rendered":"https:\/\/pesu24.ee\/?post_type=product&#038;p=27464"},"modified":"2025-12-15T16:20:48","modified_gmt":"2025-12-15T13:20:48","slug":"korsett-obsessive-lacrisia","status":"publish","type":"product","link":"https:\/\/pesu24.ee\/en\/korsetid\/korsett-obsessive-lacrisia\/","title":{"rendered":"Korsett Obsessive Lacrisia"},"content":{"rendered":"<p>Korsett Obsessive Lacrisia on t\u00f5eline p\u00e4rl teie pesukollektsioonis. Sensuaalne l\u00f5ige paljastab keha ja loob \u00e4\u00e4rmiselt v\u00fcrtsika v\u00e4limuse, samal ajal kui avatud stringid julgustavad vallatuteks naudinguteks.<\/p>\n<p>Mugavad n\u00f6\u00f6rid seljal tagavad ideaalse sobivise vastavalt kehakujule. T\u00e4helepanu v\u00e4\u00e4rib kaela ja korsetti \u00fchendav ainulaadne choker-pael.<\/p>\n<p><span style=\"color: #008000;\"><strong>KOMPLEKT SISALDAB:<\/strong><\/span><\/p>\n<ul>\n<li>avatud rinnakorviga korsett<\/li>\n<li>avatud stringid<\/li>\n<li>NB! sukad ei kuulu komplekti<\/li>\n<\/ul>\n<p>Obsessive Lacrisia korsett sobib kokku <a href=\"https:\/\/pesu24.ee\/en\/sukad\/sukad-obsessive-s800\/\">Obsessive S800 mustade sukkadega<\/a>.<\/p>\n<p><span style=\"color: #008000;\"><strong>DETAILS:<\/strong><\/span><\/p>\n<ul>\n<li>julge disain<\/li>\n<li>vertikaalselt salendav efekt<\/li>\n<li>reguleeritavad &amp; eemaldatavad sukapaelad<\/li>\n<li>seljalt n\u00f6\u00f6ridega seotav<\/li>\n<li>\u00fcmber kaela kinnituv reguleeritav pael (choker)<\/li>\n<li>mugav &amp; elastne pooll\u00e4bipaistev kangas (90% pol\u00fcamiid, 10% elastaan)<\/li>\n<\/ul>","protected":false},"excerpt":{"rendered":"<p>&#46;&#46;&#46;<\/p>","protected":false},"featured_media":21875,"comment_status":"open","ping_status":"closed","template":"","meta":{"_glsr_average":0,"_glsr_ranking":0,"_glsr_reviews":0},"product_brand":[500],"product_cat":[33,151],"product_tag":[160],"class_list":{"0":"post-27464","1":"product","2":"type-product","3":"status-publish","4":"has-post-thumbnail","6":"product_brand-obsessive","7":"product_cat-korsetid","8":"product_cat-oosargid","9":"product_tag-obsessive","10":"pa_suurus-m-l","11":"pa_suurus-xl-xxl","12":"pa_suurus-xs-s","13":"pa_varvus-must","15":"first","16":"instock","17":"sold-individually","18":"taxable","19":"shipping-taxable","20":"purchasable","21":"product-type-variable"},"_links":{"self":[{"href":"https:\/\/pesu24.ee\/en\/wp-json\/wp\/v2\/product\/27464","targetHints":{"allow":["GET"]}}],"collection":[{"href":"https:\/\/pesu24.ee\/en\/wp-json\/wp\/v2\/product"}],"about":[{"href":"https:\/\/pesu24.ee\/en\/wp-json\/wp\/v2\/types\/product"}],"replies":[{"embeddable":true,"href":"https:\/\/pesu24.ee\/en\/wp-json\/wp\/v2\/comments?post=27464"}],"wp:featuredmedia":[{"embeddable":true,"href":"https:\/\/pesu24.ee\/en\/wp-json\/wp\/v2\/media\/21875"}],"wp:attachment":[{"href":"https:\/\/pesu24.ee\/en\/wp-json\/wp\/v2\/media?parent=27464"}],"wp:term":[{"taxonomy":"product_brand","embeddable":true,"href":"https:\/\/pesu24.ee\/en\/wp-json\/wp\/v2\/product_brand?post=27464"},{"taxonomy":"product_cat","embeddable":true,"href":"https:\/\/pesu24.ee\/en\/wp-json\/wp\/v2\/product_cat?post=27464"},{"taxonomy":"product_tag","embeddable":true,"href":"https:\/\/pesu24.ee\/en\/wp-json\/wp\/v2\/product_tag?post=27464"}],"curies":[{"name":"wp","href":"https:\/\/api.w.org\/{rel}","templated":true}]}}