{"id":27479,"date":"2025-08-19T10:16:55","date_gmt":"2025-08-19T07:16:55","guid":{"rendered":"https:\/\/pesu24.ee\/?post_type=product&#038;p=27479"},"modified":"2026-03-05T10:07:29","modified_gmt":"2026-03-05T08:07:29","slug":"2-osaline-pesukomplekt-beauty-night-bethany","status":"publish","type":"product","link":"https:\/\/pesu24.ee\/en\/pesukomplektid\/2-osaline-pesukomplekt-beauty-night-bethany\/","title":{"rendered":"2-osaline pesukomplekt Beauty Night Bethany"},"content":{"rendered":"<p>Beauty Night Bethany on 2-osaline komplekt, mis koosneb p\u00fckstest ja toppist. Komplekt on valmistatud l\u00e4ikivast wet-look kangast, mis toob suurep\u00e4raselt esile teie naiselikud vormid ja kumerused.<\/p>\n<p>Mugavamaks selga panemiseks on p\u00fcksid k\u00fclgedelt kuldsete lukkudega avatavad. Lisaks ilmestab antud komplekti erilise disainiga topp. Ideaalne pidudl, festivalidel ja muudel eri\u00fcritustel.<\/p>\n<p><span style=\"color: #008000;\"><strong>KOMPLEKT SISALDAB:<\/strong><\/span><\/p>\n<ul>\n<li>topp<\/li>\n<li>p\u00fcksid<\/li>\n<\/ul>\n<p><strong><span style=\"color: #008000;\">DETAILS:<\/span><\/strong><\/p>\n<ul>\n<li>color black<\/li>\n<li>valmistatud wet-look kangast<\/li>\n<li>reguleeritavad \u00f5lapaelad<\/li>\n<li>p\u00fcksid k\u00fclgedelt osaliselt avatavad<\/li>\n<li>erilise disainiga topp<\/li>\n<li>mugav &amp; elastne kangas (92% pol\u00fcamiid, 8% elastaan)<\/li>\n<\/ul>","protected":false},"excerpt":{"rendered":"<p>&#46;&#46;&#46;<\/p>","protected":false},"featured_media":17580,"comment_status":"open","ping_status":"closed","template":"","meta":{"_glsr_average":0,"_glsr_ranking":0,"_glsr_reviews":0},"product_brand":[503],"product_cat":[16,424,423],"product_tag":[403],"class_list":{"0":"post-27479","1":"product","2":"type-product","3":"status-publish","4":"has-post-thumbnail","6":"product_brand-beauty-night","7":"product_cat-pesukomplektid","8":"product_cat-puksid-pukskostuumid","9":"product_cat-topid-rinnahoidjad","10":"product_tag-beauty-night","11":"pa_suurus-l-xl","12":"pa_suurus-s-m","13":"pa_varvus-must","15":"first","16":"instock","17":"sold-individually","18":"taxable","19":"shipping-taxable","20":"purchasable","21":"product-type-variable"},"_links":{"self":[{"href":"https:\/\/pesu24.ee\/en\/wp-json\/wp\/v2\/product\/27479","targetHints":{"allow":["GET"]}}],"collection":[{"href":"https:\/\/pesu24.ee\/en\/wp-json\/wp\/v2\/product"}],"about":[{"href":"https:\/\/pesu24.ee\/en\/wp-json\/wp\/v2\/types\/product"}],"replies":[{"embeddable":true,"href":"https:\/\/pesu24.ee\/en\/wp-json\/wp\/v2\/comments?post=27479"}],"wp:featuredmedia":[{"embeddable":true,"href":"https:\/\/pesu24.ee\/en\/wp-json\/wp\/v2\/media\/17580"}],"wp:attachment":[{"href":"https:\/\/pesu24.ee\/en\/wp-json\/wp\/v2\/media?parent=27479"}],"wp:term":[{"taxonomy":"product_brand","embeddable":true,"href":"https:\/\/pesu24.ee\/en\/wp-json\/wp\/v2\/product_brand?post=27479"},{"taxonomy":"product_cat","embeddable":true,"href":"https:\/\/pesu24.ee\/en\/wp-json\/wp\/v2\/product_cat?post=27479"},{"taxonomy":"product_tag","embeddable":true,"href":"https:\/\/pesu24.ee\/en\/wp-json\/wp\/v2\/product_tag?post=27479"}],"curies":[{"name":"wp","href":"https:\/\/api.w.org\/{rel}","templated":true}]}}