{"id":28497,"date":"2025-08-09T08:42:43","date_gmt":"2025-08-09T05:42:43","guid":{"rendered":"https:\/\/pesu24.ee\/?post_type=product&#038;p=28497"},"modified":"2025-10-14T13:55:48","modified_gmt":"2025-10-14T10:55:48","slug":"2-osaline-pesukomplekt-obsessive-keira-lise","status":"publish","type":"product","link":"https:\/\/pesu24.ee\/en\/pesukomplektid\/2-osaline-pesukomplekt-obsessive-keira-lise\/","title":{"rendered":"2-osaline pesukomplekt Obsessive Keira Lise"},"content":{"rendered":"<p>2-osaline pesukomplekt Obsessive Keira Lise lummab oma l\u00e4ikiva wet look efektiga ja pilkup\u00fc\u00fcdvate detailidega. Sensuaalne rinnahoidja ja l\u00f5igatud stringid r\u00f5hutavad kauneid vorme ning j\u00e4tavad fantaasiale ruumi. T\u00e4iuslik valik, et tunda end enesekindla ja vastupandamatuna.<\/p>\n<p>Komplekti kuuluvad kergelt toestatud traadiga pehme korviga rinnahoidja ja samas stiilis l\u00f5igatud detailidega stringid. Dekoratiivsed rihmad ja ovaalne ripats lisavad luksuslikku h\u00f5ngu, r\u00f5hutades naiselikkust ning j\u00e4ttes samas fantaasiale ruumi. T\u00e4ielikult reguleeritavad rihmad ja kinnitus tagavad mugava ning ideaalselt sobiva istuvuse.<\/p>\n<p>Obsessive Keira Lise pesukomplekt on disainitud Euroopas ja valmistatud niklivabadest materjalidest, et tagada ohutus ja kvaliteet. See komplekt on ideaalne valik, kui soovid lisada oma garderoobi midagi erilist \u2013 s\u00e4ravat, ahvatlevat ja enesekindlust kiirgavat.<\/p>\n<p>Tutvuge ka teiste <a href=\"http:\/\/www.loveshop.ee\/omadus\/obsessive-keira-lise\/\">Obsessive Keira Lise<\/a> pesukollektsiooni toodetega.<\/p>\n<p><span style=\"color: #008000;\"><strong>KOMPLEKT SISALDAB:<\/strong><\/span><\/p>\n<ul>\n<li>rinnahoidja<\/li>\n<li>stringid<\/li>\n<\/ul>\n<p><span style=\"color: #008000;\"><strong>DETAILS:<\/strong><\/span><\/p>\n<ul>\n<li>rinnakorvil tugikaared<\/li>\n<li>taga astmeline kinnitus<\/li>\n<li>reguleeritavad kaela- ja \u00f5lapaelad<\/li>\n<li>l\u00e4ikiv lateksilaadne materjal &#8211; wet look ilme<\/li>\n<li>ees dekoratiivne ripats<\/li>\n<li>disainitud EU-s<\/li>\n<li>pehme ja elastne kangas<\/li>\n<\/ul>","protected":false},"excerpt":{"rendered":"<ul>\n<li>sensuaalsed sukad v\u00e4ga elegantses stiilis<\/li>\n<li>\u00f5hukese musta v\u00f5rguga<\/li>\n<li>geomeetriline pits<\/li>\n<li>stockings are not self-supported<\/li>\n<li>pehme ja elastne materjal (85% pol\u00fcamiid; 15% elastaan)<\/li>\n<\/ul>","protected":false},"featured_media":28520,"comment_status":"open","ping_status":"closed","template":"","meta":{"_glsr_average":0,"_glsr_ranking":0,"_glsr_reviews":0},"product_brand":[],"product_cat":[16],"product_tag":[160,509],"class_list":{"0":"post-28497","1":"product","2":"type-product","3":"status-publish","4":"has-post-thumbnail","6":"product_cat-pesukomplektid","7":"product_tag-obsessive","8":"product_tag-obsessive-keira-lise","9":"pa_suurus-l-xl","10":"pa_suurus-s-m","11":"pa_suurus-xxl-xxxl","12":"pa_varvus-must","14":"first","15":"instock","16":"sold-individually","17":"taxable","18":"shipping-taxable","19":"purchasable","20":"product-type-variable"},"_links":{"self":[{"href":"https:\/\/pesu24.ee\/en\/wp-json\/wp\/v2\/product\/28497","targetHints":{"allow":["GET"]}}],"collection":[{"href":"https:\/\/pesu24.ee\/en\/wp-json\/wp\/v2\/product"}],"about":[{"href":"https:\/\/pesu24.ee\/en\/wp-json\/wp\/v2\/types\/product"}],"replies":[{"embeddable":true,"href":"https:\/\/pesu24.ee\/en\/wp-json\/wp\/v2\/comments?post=28497"}],"wp:featuredmedia":[{"embeddable":true,"href":"https:\/\/pesu24.ee\/en\/wp-json\/wp\/v2\/media\/28520"}],"wp:attachment":[{"href":"https:\/\/pesu24.ee\/en\/wp-json\/wp\/v2\/media?parent=28497"}],"wp:term":[{"taxonomy":"product_brand","embeddable":true,"href":"https:\/\/pesu24.ee\/en\/wp-json\/wp\/v2\/product_brand?post=28497"},{"taxonomy":"product_cat","embeddable":true,"href":"https:\/\/pesu24.ee\/en\/wp-json\/wp\/v2\/product_cat?post=28497"},{"taxonomy":"product_tag","embeddable":true,"href":"https:\/\/pesu24.ee\/en\/wp-json\/wp\/v2\/product_tag?post=28497"}],"curies":[{"name":"wp","href":"https:\/\/api.w.org\/{rel}","templated":true}]}}