{"id":28498,"date":"2025-08-09T08:42:43","date_gmt":"2025-08-09T05:42:43","guid":{"rendered":"https:\/\/pesu24.ee\/?post_type=product&#038;p=28498"},"modified":"2025-10-14T13:56:08","modified_gmt":"2025-10-14T10:56:08","slug":"2-osaline-avatud-pesukomplekt-obsessive-keira-lise","status":"publish","type":"product","link":"https:\/\/pesu24.ee\/en\/pesukomplektid\/2-osaline-avatud-pesukomplekt-obsessive-keira-lise\/","title":{"rendered":"2-osaline avatud pesukomplekt Obsessive Keira Lise"},"content":{"rendered":"<p>2-osaline avatud pesukomplekt Obsessive Keira Lise on loodud neile, kes ei karda oma soove julgelt v\u00e4ljendada. See komplekt \u00fchendab endas sensuaalse disaini ja provokatiivse stiili, pakkudes elamust, mis ei j\u00e4ta kedagi k\u00fclmaks. L\u00e4ikiv lateksilaadne materjal loob pilkup\u00fc\u00fcdva wet look efekti, mis toob esile sinu enesekindluse ja kirgliku olemuse.<\/p>\n<p>Komplekti kuuluvad avatud rinnahoidja ja vaheosata stringid, mis paljastavad rohkem, kui katavad. Rinnahoidjal on eesmine kinnitus ja dekoratiivsed rihmad, mis t\u00f5mbavad t\u00e4helepanu rinnapiirkonnale, samas kui reguleeritavad stringide puusarihmad tagavad t\u00e4iusliku istuvuse. \u00dcmmargused \u00fchendused ja v\u00e4ikesed dekoratiivsed detailid lisavad luksuslikku puudutust.<\/p>\n<p>Reguleeritavad \u00f5larihmad ja kaelarihm annavad v\u00f5imaluse komplekt enda j\u00e4rgi kohandada, pakkudes nii mugavust kui ka liikumisvabadust. See teeb komplektist t\u00e4iusliku valiku m\u00e4nguliseks \u00f5htuks, kus sina oled see, kes seab reeglid.<\/p>\n<p>Obsessive Keira Lise avatud pesukomplekt on valmistatud kvaliteetsetest ja niklivabadest materjalidest ning disainitud Euroopas. See on ideaalne t\u00e4iendus sinu pesusahtlisse, kui soovid midagi ainulaadset, julget ja \u00e4\u00e4rmiselt sensuaalset.<\/p>\n<p>Tutvuge ka teiste <a href=\"http:\/\/www.loveshop.ee\/omadus\/obsessive-keira-lise\/\">Obsessive Keira Lise<\/a> pesukollektsiooni toodetega.<\/p>\n<p><span style=\"color: #008000;\"><strong>KOMPLEKT SISALDAB:<\/strong><\/span><\/p>\n<ul>\n<li>avatud rinnahoidja<\/li>\n<li>avatud stringid<\/li>\n<\/ul>\n<p>NB! Nibukatted ei kuulu komplekti<\/p>\n<p><span style=\"color: #008000;\"><strong>DETAILS:<\/strong><\/span><\/p>\n<ul>\n<li>rinnahoidja eest avatav<\/li>\n<li>reguleeritavad \u00f5la- ja kaelapael<\/li>\n<li>l\u00e4ikiv lateksilaadne materjal &#8211; wet look ilme<\/li>\n<li>disainitud EU-s<\/li>\n<li>pehme ja elastne kangas<\/li>\n<\/ul>","protected":false},"excerpt":{"rendered":"<ul>\n<li>sensuaalsed sukad v\u00e4ga elegantses stiilis<\/li>\n<li>\u00f5hukese musta v\u00f5rguga<\/li>\n<li>geomeetriline pits<\/li>\n<li>stockings are not self-supported<\/li>\n<li>pehme ja elastne materjal (85% pol\u00fcamiid; 15% elastaan)<\/li>\n<\/ul>","protected":false},"featured_media":28525,"comment_status":"open","ping_status":"closed","template":"","meta":{"_glsr_average":0,"_glsr_ranking":0,"_glsr_reviews":0},"product_brand":[],"product_cat":[16],"product_tag":[160,509],"class_list":{"0":"post-28498","1":"product","2":"type-product","3":"status-publish","4":"has-post-thumbnail","6":"product_cat-pesukomplektid","7":"product_tag-obsessive","8":"product_tag-obsessive-keira-lise","9":"pa_suurus-l-xl","10":"pa_suurus-s-m","11":"pa_varvus-must","13":"first","14":"instock","15":"sold-individually","16":"taxable","17":"shipping-taxable","18":"purchasable","19":"product-type-variable"},"_links":{"self":[{"href":"https:\/\/pesu24.ee\/en\/wp-json\/wp\/v2\/product\/28498","targetHints":{"allow":["GET"]}}],"collection":[{"href":"https:\/\/pesu24.ee\/en\/wp-json\/wp\/v2\/product"}],"about":[{"href":"https:\/\/pesu24.ee\/en\/wp-json\/wp\/v2\/types\/product"}],"replies":[{"embeddable":true,"href":"https:\/\/pesu24.ee\/en\/wp-json\/wp\/v2\/comments?post=28498"}],"wp:featuredmedia":[{"embeddable":true,"href":"https:\/\/pesu24.ee\/en\/wp-json\/wp\/v2\/media\/28525"}],"wp:attachment":[{"href":"https:\/\/pesu24.ee\/en\/wp-json\/wp\/v2\/media?parent=28498"}],"wp:term":[{"taxonomy":"product_brand","embeddable":true,"href":"https:\/\/pesu24.ee\/en\/wp-json\/wp\/v2\/product_brand?post=28498"},{"taxonomy":"product_cat","embeddable":true,"href":"https:\/\/pesu24.ee\/en\/wp-json\/wp\/v2\/product_cat?post=28498"},{"taxonomy":"product_tag","embeddable":true,"href":"https:\/\/pesu24.ee\/en\/wp-json\/wp\/v2\/product_tag?post=28498"}],"curies":[{"name":"wp","href":"https:\/\/api.w.org\/{rel}","templated":true}]}}