{"id":28499,"date":"2025-08-09T08:42:43","date_gmt":"2025-08-09T05:42:43","guid":{"rendered":"https:\/\/pesu24.ee\/?post_type=product&#038;p=28499"},"modified":"2025-10-14T13:56:23","modified_gmt":"2025-10-14T10:56:23","slug":"avatud-body-obsessive-keira-lise","status":"publish","type":"product","link":"https:\/\/pesu24.ee\/en\/bodyd\/avatud-body-obsessive-keira-lise\/","title":{"rendered":"Avatud body Obsessive Keira Lise"},"content":{"rendered":"<p>Avatud body Obsessive Keira Lise on pesu, mis ei karda piire \u00fcletada. See on loodud naisele, kes soovib tunda end julgelt, enesekindlalt ja vastupandamatult. L\u00e4ikiv lateksilaadne materjal koos provokatiivse l\u00f5ikega muudab iga hetkega \u00f5hkkonna pingelisemaks ja sensuaalsemaks.<\/p>\n<p>Keira Lise body erip\u00e4raks on avatud rinnad ja vaheosa, mis loovad \u00e4\u00e4rmiselt ahvatleva v\u00e4limuse. T\u00e4pselt paigutatud rihmad \u00fcmbritsevad keha graatsiliselt, r\u00f5hutades k\u00f5iki naiselikke vorme ning lisades disainile luksusliku ja domineeriva puudutuse.<\/p>\n<p>Mitu reguleerimispunkti puusadel, v\u00f6\u00f6l ja kaela \u00fcmber v\u00f5imaldavad bodit kohandada vastavalt sinu kehakujule, pakkudes nii t\u00e4iuslikku istuvust kui ka mugavust. Seljal olev kinnitus ja tugevad metallist \u00fchendused lisavad komplektile kvaliteedi ja vastupidavuse, mida Obsessive pesult ootad.<\/p>\n<p>See body on loodud Euroopas ja valmistatud niklivabadest materjalidest, et pakkuda sulle turvalist ja samal ajal \u00e4\u00e4rmiselt sensuaalset elamust. Avatud body Obsessive Keira Lise ei ole pelgalt pesu \u2013 see on julge avaldus sinu kirgedest ja vabadusest neid v\u00e4ljendada.<\/p>\n<p>Tutvuge ka teiste <a href=\"http:\/\/www.loveshop.ee\/omadus\/obsessive-keira-lise\/\">Obsessive Keira Lise<\/a> pesukollektsiooni toodetega.<\/p>\n<p><span style=\"color: #008000;\"><strong>KOMPLEKT SISALDAB:<\/strong><\/span><\/p>\n<ul>\n<li>avatud body<\/li>\n<\/ul>\n<p><span style=\"color: #008000;\"><strong>DETAILS:<\/strong><\/span><\/p>\n<ul>\n<li>avatud rinnakorv &amp; jalge vahe<\/li>\n<li>reguleeritavad paelad &amp; rihmad<\/li>\n<li>seljal pealt kinnituv<\/li>\n<li>l\u00e4ikiv lateksilaadne materjal &#8211; wet look ilme<\/li>\n<li>disainitud EU-s<\/li>\n<li>pehme ja elastne kangas<\/li>\n<\/ul>","protected":false},"excerpt":{"rendered":"<ul>\n<li>sensuaalsed sukad v\u00e4ga elegantses stiilis<\/li>\n<li>\u00f5hukese musta v\u00f5rguga<\/li>\n<li>geomeetriline pits<\/li>\n<li>stockings are not self-supported<\/li>\n<li>pehme ja elastne materjal (85% pol\u00fcamiid; 15% elastaan)<\/li>\n<\/ul>","protected":false},"featured_media":28531,"comment_status":"open","ping_status":"closed","template":"","meta":{"_glsr_average":0,"_glsr_ranking":0,"_glsr_reviews":0},"product_brand":[],"product_cat":[89],"product_tag":[160,509],"class_list":{"0":"post-28499","1":"product","2":"type-product","3":"status-publish","4":"has-post-thumbnail","6":"product_cat-bodyd","7":"product_tag-obsessive","8":"product_tag-obsessive-keira-lise","9":"pa_suurus-l-xl","10":"pa_suurus-s-m","11":"pa_varvus-must","13":"first","14":"instock","15":"sold-individually","16":"taxable","17":"shipping-taxable","18":"purchasable","19":"product-type-variable"},"_links":{"self":[{"href":"https:\/\/pesu24.ee\/en\/wp-json\/wp\/v2\/product\/28499","targetHints":{"allow":["GET"]}}],"collection":[{"href":"https:\/\/pesu24.ee\/en\/wp-json\/wp\/v2\/product"}],"about":[{"href":"https:\/\/pesu24.ee\/en\/wp-json\/wp\/v2\/types\/product"}],"replies":[{"embeddable":true,"href":"https:\/\/pesu24.ee\/en\/wp-json\/wp\/v2\/comments?post=28499"}],"wp:featuredmedia":[{"embeddable":true,"href":"https:\/\/pesu24.ee\/en\/wp-json\/wp\/v2\/media\/28531"}],"wp:attachment":[{"href":"https:\/\/pesu24.ee\/en\/wp-json\/wp\/v2\/media?parent=28499"}],"wp:term":[{"taxonomy":"product_brand","embeddable":true,"href":"https:\/\/pesu24.ee\/en\/wp-json\/wp\/v2\/product_brand?post=28499"},{"taxonomy":"product_cat","embeddable":true,"href":"https:\/\/pesu24.ee\/en\/wp-json\/wp\/v2\/product_cat?post=28499"},{"taxonomy":"product_tag","embeddable":true,"href":"https:\/\/pesu24.ee\/en\/wp-json\/wp\/v2\/product_tag?post=28499"}],"curies":[{"name":"wp","href":"https:\/\/api.w.org\/{rel}","templated":true}]}}