{"id":28500,"date":"2025-08-09T08:42:43","date_gmt":"2025-08-09T05:42:43","guid":{"rendered":"https:\/\/pesu24.ee\/?post_type=product&#038;p=28500"},"modified":"2025-10-14T13:56:39","modified_gmt":"2025-10-14T10:56:39","slug":"body-obsessive-keira-lise","status":"publish","type":"product","link":"https:\/\/pesu24.ee\/en\/bodyd\/body-obsessive-keira-lise\/","title":{"rendered":"Body Obsessive Keira Lise"},"content":{"rendered":"<p>Body Obsessive Keira Lise on pesu, mis \u00fchendab endas modernse stiili ja intensiivse sensuaalsuse. L\u00e4ikiv lateksilaadne kangas loob pilkup\u00fc\u00fcdva wet look efekti, mis t\u00f5stab esile sinu enesekindluse ja muudab iga liigutuse eriliseks. See on pesu, mis ei j\u00e4\u00e4 m\u00e4rkamatuks ja mille v\u00e4limus juba iseenesest loob erutava meeleolu.<\/p>\n<p>Body ainulaadne disain \u00fchendab julged l\u00f5iked ja detailid, mis toovad esile keha k\u00f5ige ahvatlevamad jooned. Kaela, v\u00f6\u00f6 ja puusade \u00fcmber jooksvad rihmad raamivad sinu siluetti sensuaalselt, samal ajal kui avatud vaheosa lisab kogu komplektile eriti provokatiivse puudutuse. Ovaalne graveeritud ripats ja metall\u00fchendused annavad luksusliku viimase lihvi.<\/p>\n<p>T\u00e4nu mitmetasandilistele kinnitustele ja reguleeritavatele rihmadele saad body ideaalselt oma kehale kohandada. Nii on tagatud nii mugavus kui ka t\u00e4iuslik istuvus, mis laseb sul tunda end samaaegselt vabalt ja vastupandamatult.<\/p>\n<p>Body Obsessive Keira Lise on loodud Euroopas ning valmistatud niklivabadest materjalidest, pakkudes kvaliteeti ja ohutust igaks hetkeks. See on pesu, mis ei ole ainult riietus, vaid elamus \u2013 julge ja k\u00fctkestav v\u00e4ljendus sinu sisemistest soovidest.<\/p>\n<p>Tutvuge ka teiste <a href=\"http:\/\/www.loveshop.ee\/omadus\/obsessive-keira-lise\/\">Obsessive Keira Lise<\/a> pesukollektsiooni toodetega.<\/p>\n<p><span style=\"color: #008000;\"><strong>KOMPLEKT SISALDAB:<\/strong><\/span><\/p>\n<ul>\n<li>\u00a0body<\/li>\n<\/ul>\n<p><span style=\"color: #008000;\"><strong>DETAILS:<\/strong><\/span><\/p>\n<ul>\n<li>modernne disain<\/li>\n<li>reguleeritavad \u00f5la- ja kaelapael<\/li>\n<li>taga kaks astmelist kinnitust<\/li>\n<li>l\u00e4ikiv lateksilaadne materjal &#8211; wet look ilme<\/li>\n<li>disainitud EU-s<\/li>\n<li>pehme ja elastne kangas<\/li>\n<\/ul>","protected":false},"excerpt":{"rendered":"<ul>\n<li>sensuaalsed sukad v\u00e4ga elegantses stiilis<\/li>\n<li>\u00f5hukese musta v\u00f5rguga<\/li>\n<li>geomeetriline pits<\/li>\n<li>stockings are not self-supported<\/li>\n<li>pehme ja elastne materjal (85% pol\u00fcamiid; 15% elastaan)<\/li>\n<\/ul>","protected":false},"featured_media":28537,"comment_status":"open","ping_status":"closed","template":"","meta":{"_glsr_average":0,"_glsr_ranking":0,"_glsr_reviews":0},"product_brand":[],"product_cat":[89],"product_tag":[160,509],"class_list":{"0":"post-28500","1":"product","2":"type-product","3":"status-publish","4":"has-post-thumbnail","6":"product_cat-bodyd","7":"product_tag-obsessive","8":"product_tag-obsessive-keira-lise","9":"pa_suurus-l-xl","10":"pa_suurus-s-m","11":"pa_varvus-must","13":"first","14":"instock","15":"sold-individually","16":"taxable","17":"shipping-taxable","18":"purchasable","19":"product-type-variable"},"_links":{"self":[{"href":"https:\/\/pesu24.ee\/en\/wp-json\/wp\/v2\/product\/28500","targetHints":{"allow":["GET"]}}],"collection":[{"href":"https:\/\/pesu24.ee\/en\/wp-json\/wp\/v2\/product"}],"about":[{"href":"https:\/\/pesu24.ee\/en\/wp-json\/wp\/v2\/types\/product"}],"replies":[{"embeddable":true,"href":"https:\/\/pesu24.ee\/en\/wp-json\/wp\/v2\/comments?post=28500"}],"wp:featuredmedia":[{"embeddable":true,"href":"https:\/\/pesu24.ee\/en\/wp-json\/wp\/v2\/media\/28537"}],"wp:attachment":[{"href":"https:\/\/pesu24.ee\/en\/wp-json\/wp\/v2\/media?parent=28500"}],"wp:term":[{"taxonomy":"product_brand","embeddable":true,"href":"https:\/\/pesu24.ee\/en\/wp-json\/wp\/v2\/product_brand?post=28500"},{"taxonomy":"product_cat","embeddable":true,"href":"https:\/\/pesu24.ee\/en\/wp-json\/wp\/v2\/product_cat?post=28500"},{"taxonomy":"product_tag","embeddable":true,"href":"https:\/\/pesu24.ee\/en\/wp-json\/wp\/v2\/product_tag?post=28500"}],"curies":[{"name":"wp","href":"https:\/\/api.w.org\/{rel}","templated":true}]}}