{"id":28501,"date":"2025-08-09T08:42:43","date_gmt":"2025-08-09T05:42:43","guid":{"rendered":"https:\/\/pesu24.ee\/?post_type=product&#038;p=28501"},"modified":"2025-10-14T13:56:57","modified_gmt":"2025-10-14T10:56:57","slug":"stringid-obsessive-keira-lise","status":"publish","type":"product","link":"https:\/\/pesu24.ee\/en\/stringid-puksikud\/stringid-obsessive-keira-lise\/","title":{"rendered":"Stringid Obsessive Keira Lise"},"content":{"rendered":"<p>Stringid Obsessive Keira Lise on loodud naisele, kes soovib oma sensuaalsust julgesti r\u00f5hutada. Topelt k\u00fcljerihmad toovad esile puusade kaunid kumeruised, lisades liigutustele graatsiat ja v\u00f5rgutavat d\u00fcnaamikat. Lateksilaadsed sisestused annavad stringidele erilise, pilkup\u00fc\u00fcdva efekti, mis ei j\u00e4\u00e4 m\u00e4rkamatuks.<\/p>\n<p>Geomeetriline rihmdisain tuharate kohal lisab moodsat ja provokatiivset stiili, muutes komplekti veelgi erilisemaks. Metall\u00fchendus ja ovaalne ripats lisavad luksusliku detaili, samal ajal kui niklivabad materjalid tagavad ohutuse ja mugavuse kogu \u00f6\u00f6 v\u00e4ltel.<\/p>\n<p>Disainitud Euroopas, pakub Obsessive Keira Lise string igale kandjale t\u00e4iuslikku istuvust ja enesekindlust. Need on ideaalne valik, kui soovid oma pesukollektsiooni t\u00e4iendada julge, sensuaalse ja trendika detailiga, mis p\u00fc\u00fcab pilke igal sammul.<\/p>\n<p>Tutvuge ka teiste <a href=\"http:\/\/www.loveshop.ee\/omadus\/obsessive-keira-lise\/\">Obsessive Keira Lise<\/a> pesukollektsiooni toodetega.<\/p>\n<p><span style=\"color: #008000;\"><strong>KOMPLEKT SISALDAB:<\/strong><\/span><\/p>\n<ul>\n<li>\u00a0stringid<\/li>\n<\/ul>\n<p><span style=\"color: #008000;\"><strong>DETAILS:<\/strong><\/span><\/p>\n<ul>\n<li>puusadel topelt paelad<\/li>\n<li>geomeetrilise l\u00f5ikega<\/li>\n<li>l\u00e4ikiv lateksilaadne materjal &#8211; wet look ilme<\/li>\n<li>disainitud EU-s<\/li>\n<li>pehme ja elastne kangas<\/li>\n<\/ul>","protected":false},"excerpt":{"rendered":"<ul>\n<li>sensuaalsed sukad v\u00e4ga elegantses stiilis<\/li>\n<li>\u00f5hukese musta v\u00f5rguga<\/li>\n<li>geomeetriline pits<\/li>\n<li>stockings are not self-supported<\/li>\n<li>pehme ja elastne materjal (85% pol\u00fcamiid; 15% elastaan)<\/li>\n<\/ul>","protected":false},"featured_media":28543,"comment_status":"open","ping_status":"closed","template":"","meta":{"_glsr_average":0,"_glsr_ranking":0,"_glsr_reviews":0},"product_brand":[],"product_cat":[385],"product_tag":[160,509],"class_list":{"0":"post-28501","1":"product","2":"type-product","3":"status-publish","4":"has-post-thumbnail","6":"product_cat-stringid-puksikud","7":"product_tag-obsessive","8":"product_tag-obsessive-keira-lise","9":"pa_suurus-l-xl","10":"pa_suurus-s-m","11":"pa_suurus-xxl-xxxl","12":"pa_varvus-must","14":"first","15":"instock","16":"sold-individually","17":"taxable","18":"shipping-taxable","19":"purchasable","20":"product-type-variable"},"_links":{"self":[{"href":"https:\/\/pesu24.ee\/en\/wp-json\/wp\/v2\/product\/28501","targetHints":{"allow":["GET"]}}],"collection":[{"href":"https:\/\/pesu24.ee\/en\/wp-json\/wp\/v2\/product"}],"about":[{"href":"https:\/\/pesu24.ee\/en\/wp-json\/wp\/v2\/types\/product"}],"replies":[{"embeddable":true,"href":"https:\/\/pesu24.ee\/en\/wp-json\/wp\/v2\/comments?post=28501"}],"wp:featuredmedia":[{"embeddable":true,"href":"https:\/\/pesu24.ee\/en\/wp-json\/wp\/v2\/media\/28543"}],"wp:attachment":[{"href":"https:\/\/pesu24.ee\/en\/wp-json\/wp\/v2\/media?parent=28501"}],"wp:term":[{"taxonomy":"product_brand","embeddable":true,"href":"https:\/\/pesu24.ee\/en\/wp-json\/wp\/v2\/product_brand?post=28501"},{"taxonomy":"product_cat","embeddable":true,"href":"https:\/\/pesu24.ee\/en\/wp-json\/wp\/v2\/product_cat?post=28501"},{"taxonomy":"product_tag","embeddable":true,"href":"https:\/\/pesu24.ee\/en\/wp-json\/wp\/v2\/product_tag?post=28501"}],"curies":[{"name":"wp","href":"https:\/\/api.w.org\/{rel}","templated":true}]}}