{"id":28502,"date":"2025-08-09T08:42:43","date_gmt":"2025-08-09T05:42:43","guid":{"rendered":"https:\/\/pesu24.ee\/?post_type=product&#038;p=28502"},"modified":"2026-02-19T10:20:57","modified_gmt":"2026-02-19T08:20:57","slug":"avatud-body-obsessive-hersis","status":"publish","type":"product","link":"https:\/\/pesu24.ee\/en\/bodyd\/avatud-body-obsessive-hersis\/","title":{"rendered":"Avatud body Obsessive Hersis"},"content":{"rendered":"<p>Avatud body Obsessive Hersis on loodud naisele, kes soovib vallutada k\u00f5igi pilgud. \u00d5rn pits ja l\u00e4bipaistvad paneelid sulanduvad sinu kehaga \u00fchtseks tervikuks, istudes kui teine nahk ja r\u00f5hutades sinu naiselikku v\u00f5lu. Traadiga korvid toovad esile rinna kauni kuju, lisades elegantsi ja samas salap\u00e4rast s\u00e4ra.<\/p>\n<p>T\u00e4pselt paigutatud rihmad \u00fcmbritsevad sinu keha ahvatlevalt, r\u00f5hutades kaela, v\u00f6\u00f6kohta ja puusasid, muutes iga liigutuse \u00fclimalt sensuaalseks. Avatud ja reguleeritav vaheosa lisab sellele julgele bodile m\u00e4ngulisust ja kirglikku v\u00fcrtsi, kutsudes unustamatuks \u00f6\u00f6ks.<\/p>\n<p>Reguleeritavad \u00f5larihmad ja selja kinnitused v\u00f5imaldavad body t\u00e4iuslikult sinu kehaga kohandada, tagades mugavuse ja ideaalse istuvuse. Disainitud Euroopas ja valmistatud niklivabadest materjalidest, on Obsessive Hersis body sensuaalne meistriteos, mis paneb sind tundma end vastupandamatuna ja t\u00e4iesti vabama mina ilminguna.<\/p>\n<p>Tutvuge ka teiste <a href=\"http:\/\/www.loveshop.ee\/omadus\/obsessive-hersis\/\">Obsessive Hersis<\/a> pesukollektsiooni toodetega.<\/p>\n<p><span style=\"color: #008000;\"><strong>KOMPLEKT SISALDAB:<\/strong><\/span><\/p>\n<ul>\n<li>avatud body<\/li>\n<\/ul>\n<p><span style=\"color: #008000;\"><strong>DETAILS:<\/strong><\/span><\/p>\n<ul>\n<li>rinnakorvil tugikaared<\/li>\n<li>avatud jalgevahe<\/li>\n<li>taga astmeline &amp; tavaline kinnitus<\/li>\n<li>unikaalne loomamustriga pits<\/li>\n<li>disainitud EU-s<\/li>\n<li>pehme ja elastne kangas<\/li>\n<\/ul>","protected":false},"excerpt":{"rendered":"<ul>\n<li>sensuaalsed sukad v\u00e4ga elegantses stiilis<\/li>\n<li>\u00f5hukese musta v\u00f5rguga<\/li>\n<li>geomeetriline pits<\/li>\n<li>stockings are not self-supported<\/li>\n<li>pehme ja elastne materjal (85% pol\u00fcamiid; 15% elastaan)<\/li>\n<\/ul>","protected":false},"featured_media":28548,"comment_status":"open","ping_status":"closed","template":"","meta":{"_glsr_average":0,"_glsr_ranking":0,"_glsr_reviews":0},"product_brand":[],"product_cat":[89],"product_tag":[160,512],"class_list":{"0":"post-28502","1":"product","2":"type-product","3":"status-publish","4":"has-post-thumbnail","6":"product_cat-bodyd","7":"product_tag-obsessive","8":"product_tag-obsessive-hersis","9":"pa_suurus-l-xl","10":"pa_suurus-s-m","11":"pa_varvus-must","13":"first","14":"instock","15":"sold-individually","16":"taxable","17":"shipping-taxable","18":"purchasable","19":"product-type-variable"},"_links":{"self":[{"href":"https:\/\/pesu24.ee\/en\/wp-json\/wp\/v2\/product\/28502","targetHints":{"allow":["GET"]}}],"collection":[{"href":"https:\/\/pesu24.ee\/en\/wp-json\/wp\/v2\/product"}],"about":[{"href":"https:\/\/pesu24.ee\/en\/wp-json\/wp\/v2\/types\/product"}],"replies":[{"embeddable":true,"href":"https:\/\/pesu24.ee\/en\/wp-json\/wp\/v2\/comments?post=28502"}],"wp:featuredmedia":[{"embeddable":true,"href":"https:\/\/pesu24.ee\/en\/wp-json\/wp\/v2\/media\/28548"}],"wp:attachment":[{"href":"https:\/\/pesu24.ee\/en\/wp-json\/wp\/v2\/media?parent=28502"}],"wp:term":[{"taxonomy":"product_brand","embeddable":true,"href":"https:\/\/pesu24.ee\/en\/wp-json\/wp\/v2\/product_brand?post=28502"},{"taxonomy":"product_cat","embeddable":true,"href":"https:\/\/pesu24.ee\/en\/wp-json\/wp\/v2\/product_cat?post=28502"},{"taxonomy":"product_tag","embeddable":true,"href":"https:\/\/pesu24.ee\/en\/wp-json\/wp\/v2\/product_tag?post=28502"}],"curies":[{"name":"wp","href":"https:\/\/api.w.org\/{rel}","templated":true}]}}