{"id":28503,"date":"2025-08-09T08:42:43","date_gmt":"2025-08-09T05:42:43","guid":{"rendered":"https:\/\/pesu24.ee\/?post_type=product&#038;p=28503"},"modified":"2025-10-14T13:54:37","modified_gmt":"2025-10-14T10:54:37","slug":"rakmed-obsessive-hersis","status":"publish","type":"product","link":"https:\/\/pesu24.ee\/en\/aksessuaarid\/rakmed-obsessive-hersis\/","title":{"rendered":"Rakmed Obsessive Hersis"},"content":{"rendered":"<p>Rakmed Obsessive Hersis on loodud naisele, kes soovib oma stiili ja enesekindlust julgesti esile tuua. Julge ja pilkup\u00fc\u00fcdev disain \u00fcmbritseb keha kaelast kuni reiteni, r\u00f5hutades sinu vorme ja lisades igale liigutusele sensuaalset v\u00f5lu. Iga detail on hoolikalt l\u00e4bim\u00f5eldud, et tagada t\u00e4iuslik sobivus ja vabadus m\u00e4nguliseks enesev\u00e4ljenduseks.<\/p>\n<p>Integreeritud pitsist sukahoidjad ja loomamustriga pits annavad rakmetele luksusliku ja ahvatleva v\u00e4limuse. Pehmed ja elastsed rihmad on reguleeritavad nii kaela, dekoltee kui reite \u00fcmber, v\u00f5imaldades kohandada rakmeid vastavalt sinu kehakujule ja fantaasiatele. See muudab rakmed ideaalseks nii eraldiseisva aksessuaarina kui ka v\u00fcrtsikaks lisandiks oma pesukomplektidele.<\/p>\n<p>Disainitud Euroopas ja valmistatud niklivabadest materjalidest, pakub Obsessive Hersis rakmed nii stiili, mugavust kui ka turvalisust. Need on t\u00e4iuslik valik, kui soovid lisada oma garderoobi sensuaalset elegantsi ja julget, vastupandamatut v\u00f5lu.<\/p>\n<p>Tutvuge ka teiste <a href=\"http:\/\/www.loveshop.ee\/omadus\/obsessive-hersis\/\">Obsessive Hersis<\/a> pesukollektsiooni toodetega.<\/p>\n<p><span style=\"color: #008000;\"><strong>KOMPLEKT SISALDAB:<\/strong><\/span><\/p>\n<ul>\n<li>rakmed<\/li>\n<li>kaelapael<\/li>\n<li>sukapaelad<\/li>\n<\/ul>\n<p>NB! Stringid ei kuulu komplekti<\/p>\n<p><span style=\"color: #008000;\"><strong>DETAILS:<\/strong><\/span><\/p>\n<ul>\n<li>loomamustriga pits<\/li>\n<li>reguleeritavad paelad<\/li>\n<li>taga astmeline kinnitus<\/li>\n<li>disainitud EU-s<\/li>\n<li>pehme ja elastne kangas<\/li>\n<\/ul>","protected":false},"excerpt":{"rendered":"<ul>\n<li>sensuaalsed sukad v\u00e4ga elegantses stiilis<\/li>\n<li>\u00f5hukese musta v\u00f5rguga<\/li>\n<li>geomeetriline pits<\/li>\n<li>stockings are not self-supported<\/li>\n<li>pehme ja elastne materjal (85% pol\u00fcamiid; 15% elastaan)<\/li>\n<\/ul>","protected":false},"featured_media":28552,"comment_status":"open","ping_status":"closed","template":"","meta":{"_glsr_average":0,"_glsr_ranking":0,"_glsr_reviews":0},"product_brand":[],"product_cat":[108],"product_tag":[160,512],"class_list":{"0":"post-28503","1":"product","2":"type-product","3":"status-publish","4":"has-post-thumbnail","6":"product_cat-aksessuaarid","7":"product_tag-obsessive","8":"product_tag-obsessive-hersis","9":"pa_suurus-l-xl","10":"pa_suurus-s-m","11":"pa_varvus-must","13":"first","14":"instock","15":"sold-individually","16":"taxable","17":"shipping-taxable","18":"purchasable","19":"product-type-variable"},"_links":{"self":[{"href":"https:\/\/pesu24.ee\/en\/wp-json\/wp\/v2\/product\/28503","targetHints":{"allow":["GET"]}}],"collection":[{"href":"https:\/\/pesu24.ee\/en\/wp-json\/wp\/v2\/product"}],"about":[{"href":"https:\/\/pesu24.ee\/en\/wp-json\/wp\/v2\/types\/product"}],"replies":[{"embeddable":true,"href":"https:\/\/pesu24.ee\/en\/wp-json\/wp\/v2\/comments?post=28503"}],"wp:featuredmedia":[{"embeddable":true,"href":"https:\/\/pesu24.ee\/en\/wp-json\/wp\/v2\/media\/28552"}],"wp:attachment":[{"href":"https:\/\/pesu24.ee\/en\/wp-json\/wp\/v2\/media?parent=28503"}],"wp:term":[{"taxonomy":"product_brand","embeddable":true,"href":"https:\/\/pesu24.ee\/en\/wp-json\/wp\/v2\/product_brand?post=28503"},{"taxonomy":"product_cat","embeddable":true,"href":"https:\/\/pesu24.ee\/en\/wp-json\/wp\/v2\/product_cat?post=28503"},{"taxonomy":"product_tag","embeddable":true,"href":"https:\/\/pesu24.ee\/en\/wp-json\/wp\/v2\/product_tag?post=28503"}],"curies":[{"name":"wp","href":"https:\/\/api.w.org\/{rel}","templated":true}]}}