{"id":28682,"date":"2025-09-23T10:29:03","date_gmt":"2025-09-23T07:29:03","guid":{"rendered":"https:\/\/pesu24.ee\/?post_type=product&#038;p=28682"},"modified":"2025-10-14T14:29:36","modified_gmt":"2025-10-14T11:29:36","slug":"korsett-beauty-night-noir-fantasy","status":"publish","type":"product","link":"https:\/\/pesu24.ee\/en\/korsetid\/korsett-beauty-night-noir-fantasy\/","title":{"rendered":"Korsett Beauty Night Noir Fantasy"},"content":{"rendered":"<p>Avasta Korsett Beauty Night Noir Fantasy \u2013 luksuslik pesukomplekt, mis on loodud naistele, kes soovivad end tunda v\u00f5rgutavalt ja enesekindlalt. Elegantne pits ja julged l\u00f5iked loovad sensuaalse ning pilkup\u00fc\u00fcdva v\u00e4limuse, mis sobib ideaalselt eriliseks \u00f5htuks v\u00f5i intiimseks hetkeks.<\/p>\n<p>Korsetil on reguleeritavad \u00f5lapaelad ja seljaosa paelkinnitus, mis tagavad ideaalse istuvuse ning toovad kaunilt esile sinu figuuri. Komplektil on kaasas ka sobivad stringid, mis muudavad v\u00e4limuse terviklikuks ja harmooniliseks.<\/p>\n<p>Beauty Night Noir Fantasy \u00fchendab klassikalise elegantsi ja modernse julge disaini, muutes selle suurep\u00e4raseks valikuks endale v\u00f5i kinkimiseks. Pakitud kaunisse karpi, on see valmis igaks eriliseks s\u00fcndmuseks, andes saajale tunde t\u00f5elisest luksusest ja t\u00e4helepanust.<\/p>\n<p>Selle korseti kandmine lisab igale \u00f5htule sensuaalsust ning enesekindlust, muutes sind t\u00e4helepanu keskpunktiks ja v\u00f5imaldades nautida luksuslikku hetke igas detailis.<\/p>\n<p><span style=\"color: #008000;\"><strong>KOMPLEKT SISALDAB:<\/strong><\/span><\/p>\n<ul>\n<li>korsett<\/li>\n<li>stringid<\/li>\n<li>NB! sukad ei kuulu komplekti<\/li>\n<\/ul>\n<p>Pesukomplekt sobib kokku <a href=\"https:\/\/pesu24.ee\/en\/sukad\/sukad-beauty-night-romance-mustad\/\">Beauty Night Romance sukkadega<\/a><\/p>\n<p><strong><span style=\"color: #008000;\">DETAILS:<\/span><\/strong><\/p>\n<ul>\n<li>kaunis pits<\/li>\n<li>julge l\u00f5ikega<\/li>\n<li>reguleeritavad \u00f5la- ja sukapaelad<\/li>\n<li>taga astmeline kinnitus &amp; paeltega seotav<\/li>\n<li>rinnakorvil tugikaared<\/li>\n<li>kvaliteetne kangas (85% pol\u00fcamiid, 10% elastaan, 5% pol\u00fcester)<\/li>\n<\/ul>","protected":false},"excerpt":{"rendered":"<p>&#46;&#46;&#46;<\/p>","protected":false},"featured_media":28699,"comment_status":"open","ping_status":"closed","template":"","meta":{"_glsr_average":0,"_glsr_ranking":0,"_glsr_reviews":0},"product_brand":[503],"product_cat":[33],"product_tag":[403],"class_list":{"0":"post-28682","1":"product","2":"type-product","3":"status-publish","4":"has-post-thumbnail","6":"product_brand-beauty-night","7":"product_cat-korsetid","8":"product_tag-beauty-night","9":"pa_suurus-l-xl","10":"pa_suurus-s-m","11":"pa_suurus-xxl-xxxl","12":"pa_varvus-must","14":"first","15":"instock","16":"sold-individually","17":"taxable","18":"shipping-taxable","19":"purchasable","20":"product-type-variable"},"_links":{"self":[{"href":"https:\/\/pesu24.ee\/en\/wp-json\/wp\/v2\/product\/28682","targetHints":{"allow":["GET"]}}],"collection":[{"href":"https:\/\/pesu24.ee\/en\/wp-json\/wp\/v2\/product"}],"about":[{"href":"https:\/\/pesu24.ee\/en\/wp-json\/wp\/v2\/types\/product"}],"replies":[{"embeddable":true,"href":"https:\/\/pesu24.ee\/en\/wp-json\/wp\/v2\/comments?post=28682"}],"wp:featuredmedia":[{"embeddable":true,"href":"https:\/\/pesu24.ee\/en\/wp-json\/wp\/v2\/media\/28699"}],"wp:attachment":[{"href":"https:\/\/pesu24.ee\/en\/wp-json\/wp\/v2\/media?parent=28682"}],"wp:term":[{"taxonomy":"product_brand","embeddable":true,"href":"https:\/\/pesu24.ee\/en\/wp-json\/wp\/v2\/product_brand?post=28682"},{"taxonomy":"product_cat","embeddable":true,"href":"https:\/\/pesu24.ee\/en\/wp-json\/wp\/v2\/product_cat?post=28682"},{"taxonomy":"product_tag","embeddable":true,"href":"https:\/\/pesu24.ee\/en\/wp-json\/wp\/v2\/product_tag?post=28682"}],"curies":[{"name":"wp","href":"https:\/\/api.w.org\/{rel}","templated":true}]}}