{"id":28701,"date":"2025-09-23T10:43:53","date_gmt":"2025-09-23T07:43:53","guid":{"rendered":"https:\/\/pesu24.ee\/?post_type=product&#038;p=28701"},"modified":"2026-03-08T20:41:17","modified_gmt":"2026-03-08T18:41:17","slug":"3-osaline-pesukomplekt-beauty-night-noir-fantasy","status":"publish","type":"product","link":"https:\/\/pesu24.ee\/en\/pesukomplektid\/3-osaline-pesukomplekt-beauty-night-noir-fantasy\/","title":{"rendered":"3-osaline pesukomplekt Beauty Night Noir Fantasy"},"content":{"rendered":"<p>Avasta 3-osaline pesukomplekt Beauty Night Noir Fantasy \u2013 luksuslik ja sensuaalne komplekt, mis on loodud naistele, kes soovivad end tunda vastupandamatult atraktiivsena. See kolmikkomplekt \u00fchendab elegantse pitsi, l\u00e4ikiva lakkmaterjali ja julged detailid, r\u00f5hutades kaunilt naiselikke k\u00f5verusi ning pakkudes unustamatut v\u00e4limust igaks eriliseks \u00f5htuks.<\/p>\n<p>Komplekti kuulub stiilne rinnahoidja, pitsist sukahoidja ja seksikad alusp\u00fcksid, mis loovad tervikliku ja harmoonilise v\u00e4limuse. Rinnahoidja reguleeritavad paelad ja kaela\u00fcmbrise detailid lisavad sensuaalsust, samas kui sukahoidja laiem paelkinnitus seljal tagab elegantse ja naiseliku joonise.<\/p>\n<p>Beauty Night Noir Fantasy paelub t\u00e4helepanu oma meisterliku disaini ja kvaliteetsete materjalidega, muutes selle suurep\u00e4raseks valikuks endale v\u00f5i kinkimiseks. Pakitud kaunisse karpi, on see valmis kingituseks, mis j\u00e4tab meeldej\u00e4\u00e4va ja luksusliku mulje.<\/p>\n<p>Kandmine lisab igale \u00f5htule elegantsi ja enesekindlust, muutes sind t\u00e4helepanu keskpunktiks ja pakkudes samal ajal mugavust ning sensuaalset tunnet igas detailis.<\/p>\n<p><span style=\"color: #008000;\"><strong>KOMPLEKT SISALDAB:<\/strong><\/span><\/p>\n<ul>\n<li>rinnahoidja<\/li>\n<li>stringid<\/li>\n<li>sukahoidja<\/li>\n<li>NB! sukad ei kuulu komplekti<\/li>\n<\/ul>\n<p>Pesukomplekt sobib kokku <a href=\"https:\/\/pesu24.ee\/en\/sukad\/sukad-beauty-night-romance-mustad\/\">Beauty Night Romance sukkadega<\/a><\/p>\n<p><strong><span style=\"color: #008000;\">DETAILS:<\/span><\/strong><\/p>\n<ul>\n<li>kaunis pits<\/li>\n<li>osaliselt l\u00e4ikiva (wetlook) kangaga<\/li>\n<li>reguleeritavad \u00f5la- ja sukapaelad<\/li>\n<li>taga astmeline kinnitus &amp; paeltega seotav<\/li>\n<li>rinnakorvil tugikaared<\/li>\n<li>kvaliteetne kangas (85% pol\u00fcamiid, 10% elastaan, 5% pol\u00fcester)<\/li>\n<\/ul>","protected":false},"excerpt":{"rendered":"<p>&#46;&#46;&#46;<\/p>","protected":false},"featured_media":28713,"comment_status":"open","ping_status":"closed","template":"","meta":{"_glsr_average":0,"_glsr_ranking":0,"_glsr_reviews":0},"product_brand":[503],"product_cat":[16],"product_tag":[403],"class_list":{"0":"post-28701","1":"product","2":"type-product","3":"status-publish","4":"has-post-thumbnail","6":"product_brand-beauty-night","7":"product_cat-pesukomplektid","8":"product_tag-beauty-night","9":"pa_suurus-l-xl","10":"pa_suurus-s-m","11":"pa_suurus-xxl-xxxl","12":"pa_varvus-must","14":"first","15":"instock","16":"sold-individually","17":"taxable","18":"shipping-taxable","19":"purchasable","20":"product-type-variable"},"_links":{"self":[{"href":"https:\/\/pesu24.ee\/en\/wp-json\/wp\/v2\/product\/28701","targetHints":{"allow":["GET"]}}],"collection":[{"href":"https:\/\/pesu24.ee\/en\/wp-json\/wp\/v2\/product"}],"about":[{"href":"https:\/\/pesu24.ee\/en\/wp-json\/wp\/v2\/types\/product"}],"replies":[{"embeddable":true,"href":"https:\/\/pesu24.ee\/en\/wp-json\/wp\/v2\/comments?post=28701"}],"wp:featuredmedia":[{"embeddable":true,"href":"https:\/\/pesu24.ee\/en\/wp-json\/wp\/v2\/media\/28713"}],"wp:attachment":[{"href":"https:\/\/pesu24.ee\/en\/wp-json\/wp\/v2\/media?parent=28701"}],"wp:term":[{"taxonomy":"product_brand","embeddable":true,"href":"https:\/\/pesu24.ee\/en\/wp-json\/wp\/v2\/product_brand?post=28701"},{"taxonomy":"product_cat","embeddable":true,"href":"https:\/\/pesu24.ee\/en\/wp-json\/wp\/v2\/product_cat?post=28701"},{"taxonomy":"product_tag","embeddable":true,"href":"https:\/\/pesu24.ee\/en\/wp-json\/wp\/v2\/product_tag?post=28701"}],"curies":[{"name":"wp","href":"https:\/\/api.w.org\/{rel}","templated":true}]}}