{"id":28718,"date":"2025-09-23T10:52:55","date_gmt":"2025-09-23T07:52:55","guid":{"rendered":"https:\/\/pesu24.ee\/?post_type=product&#038;p=28718"},"modified":"2026-04-04T08:48:33","modified_gmt":"2026-04-04T06:48:33","slug":"3-osaline-pesukomplekt-beauty-night-obsidian-desire","status":"publish","type":"product","link":"https:\/\/pesu24.ee\/en\/pesukomplektid\/3-osaline-pesukomplekt-beauty-night-obsidian-desire\/","title":{"rendered":"3-osaline pesukomplekt Beauty Night Obsidian Desire"},"content":{"rendered":"<p>Tutvu 3-osalise pesukomplektiga Beauty Night Obsidian Desire, mis toob esile sinu sensuaalse ja enesekindla poole. See eksklusiivne komplekt \u00fchendab m\u00e4rgl\u00e4ikelise materjali ja peene pitsi, luues erilise kontrasti ning stiilse v\u00e4limuse, mis sobib nii eriliseks \u00f5htuks kui ka igap\u00e4evaseks luksuseks.<\/p>\n<p>Komplekti kuulub elegantne rinnahoidja, v\u00f6\u00f6kohal r\u00f5hutav sukahoidja ja seksikad stringid, mis loovad harmoonilise ning tervikliku v\u00e4limuse. Julged l\u00f5iked ja hoolikalt l\u00e4bi m\u00f5eldud detailid toovad esile naiseliku figuuri, andes kandjale sensuaalsust ja kindlustunnet igas liigutuses.<\/p>\n<p>Beauty Night Obsidian Desire paelub oma meisterliku disaini ja kvaliteetsete materjalidega, muutes selle ideaalseks nii endale kui ka kinkimiseks. Pakitud kaunisse karpi, on komplekt valmis \u00fcllatuseks, mis j\u00e4tab meeldej\u00e4\u00e4va mulje.<\/p>\n<p>Kandmine annab erilise tunde ja lisab igale hetkese elegantsi. See pesukomplekt on loodud naistele, kes soovivad tunda end atraktiivsena, s\u00e4ilitades samal ajal mugavuse ja luksusliku v\u00e4limuse igas detailis.<\/p>\n<p><span style=\"color: #008000;\"><strong>KOMPLEKT SISALDAB:<\/strong><\/span><\/p>\n<ul>\n<li>rinnahoidja<\/li>\n<li>stringid<\/li>\n<li>sukahoidja<\/li>\n<li>NB! sukad ei kuulu komplekti<\/li>\n<\/ul>\n<p>Pesukomplekt sobib kokku <a href=\"https:\/\/pesu24.ee\/en\/sukad\/sukad-beauty-night-romance-mustad\/\">Beauty Night Romance sukkadega<\/a><\/p>\n<p><strong><span style=\"color: #008000;\">DETAILS:<\/span><\/strong><\/p>\n<ul>\n<li>delikaatne pits<\/li>\n<li>osaliselt l\u00e4ikiva (wetlook) kangaga<\/li>\n<li>reguleeritavad \u00f5la- ja sukapaelad<\/li>\n<li>sukahoidja r\u00f5hutab v\u00f6\u00f6kohta<\/li>\n<li>kvaliteetne kangas (85% pol\u00fcamiid, 10% elastaan, 5% pol\u00fcester)<\/li>\n<\/ul>","protected":false},"excerpt":{"rendered":"<p>&#46;&#46;&#46;<\/p>","protected":false},"featured_media":28730,"comment_status":"open","ping_status":"closed","template":"","meta":{"_glsr_average":0,"_glsr_ranking":0,"_glsr_reviews":0},"product_brand":[503],"product_cat":[16],"product_tag":[403],"class_list":{"0":"post-28718","1":"product","2":"type-product","3":"status-publish","4":"has-post-thumbnail","6":"product_brand-beauty-night","7":"product_cat-pesukomplektid","8":"product_tag-beauty-night","9":"pa_suurus-l-xl","10":"pa_suurus-s-m","11":"pa_suurus-xxl-xxxl","12":"pa_varvus-must","14":"first","15":"instock","16":"sold-individually","17":"taxable","18":"shipping-taxable","19":"purchasable","20":"product-type-variable"},"_links":{"self":[{"href":"https:\/\/pesu24.ee\/en\/wp-json\/wp\/v2\/product\/28718","targetHints":{"allow":["GET"]}}],"collection":[{"href":"https:\/\/pesu24.ee\/en\/wp-json\/wp\/v2\/product"}],"about":[{"href":"https:\/\/pesu24.ee\/en\/wp-json\/wp\/v2\/types\/product"}],"replies":[{"embeddable":true,"href":"https:\/\/pesu24.ee\/en\/wp-json\/wp\/v2\/comments?post=28718"}],"wp:featuredmedia":[{"embeddable":true,"href":"https:\/\/pesu24.ee\/en\/wp-json\/wp\/v2\/media\/28730"}],"wp:attachment":[{"href":"https:\/\/pesu24.ee\/en\/wp-json\/wp\/v2\/media?parent=28718"}],"wp:term":[{"taxonomy":"product_brand","embeddable":true,"href":"https:\/\/pesu24.ee\/en\/wp-json\/wp\/v2\/product_brand?post=28718"},{"taxonomy":"product_cat","embeddable":true,"href":"https:\/\/pesu24.ee\/en\/wp-json\/wp\/v2\/product_cat?post=28718"},{"taxonomy":"product_tag","embeddable":true,"href":"https:\/\/pesu24.ee\/en\/wp-json\/wp\/v2\/product_tag?post=28718"}],"curies":[{"name":"wp","href":"https:\/\/api.w.org\/{rel}","templated":true}]}}