{"id":28732,"date":"2025-09-23T11:02:26","date_gmt":"2025-09-23T08:02:26","guid":{"rendered":"https:\/\/pesu24.ee\/?post_type=product&#038;p=28732"},"modified":"2025-12-15T16:06:36","modified_gmt":"2025-12-15T13:06:36","slug":"avatud-stringid-obsessive-saturis","status":"publish","type":"product","link":"https:\/\/pesu24.ee\/en\/stringid-puksikud\/avatud-stringid-obsessive-saturis\/","title":{"rendered":"Avatud stringid Obsessive Saturis"},"content":{"rendered":"<p>Avatud stringid Obsessive Saturis on loodud naistele, kes soovivad oma garderoobi lisada midagi eriliselt julget ja sensuaalset. Selle minimalistlik disain \u00fchendab lihtsuse ja m\u00e4ngulise detailirikkuse, r\u00f5hutades naiselikku keha elegantseid jooni. L\u00e4bipaistev v\u00f5rk paljastab \u00f5rnalt nahka, andes kandjale tundliku, samas kergelt provokatiivse v\u00e4limuse.<\/p>\n<p>Puusa l\u00f5ige topeltrihmaga ja dekoratiivsed \u00e4\u00e4rised lisavad r\u00f5ivale julget isikup\u00e4ra, muutes igap\u00e4evase pesu kandmise eriliseks kogemuseks. V\u00e4ike, s\u00e4delev ripats toob juurde peene ja naiseliku aktsendi, mis k\u00f6idab pilku ja lisab luksuslikku detaili. Must kangas ja h\u00f5bedane ripats loovad harmoonilise kontrasti, mis tasakaalustab sensuaalsuse ja stiili t\u00e4iuslikult.<\/p>\n<p>Obsessive Saturis ei ole pelgalt tavaline pesukomplekt \u2014 see on julgus v\u00e4ljendada oma seksuaalsust ja m\u00e4ngulisust. Valmistatud kvaliteetsest pol\u00fcamiidist ja elastaanist, on see mugav, h\u00e4sti istuv ja nikkelivaba, tagades kandmisel maksimaalse mugavuse. Sobib neile, kes ei karda erineda ja soovivad oma pesuvalikuga silma paista.<\/p>\n<p>Kui soovid lisada oma garderoobile t\u00fckikest julget elegantsi, on Obsessive Saturis ideaalne valik, mis \u00fchendab sensuaalsuse, mugavuse ja ainulaadse disaini.<\/p>\n<div class=\"omadused\">\n<p><span style=\"color: #008000;\"><strong>DETAILS:<\/strong><\/span><\/p>\n<ul>\n<li>avatud jalgevahega disain<\/li>\n<li>pooll\u00e4bipaistev v\u00f5rkkangas<\/li>\n<li>optiliselt salendava efektiga<\/li>\n<li>mugav ning elastne kangas (94% pol\u00fcamiid, 6% elastaan)<\/li>\n<\/ul>\n<\/div>","protected":false},"excerpt":{"rendered":"<p>&#46;&#46;&#46;<\/p>","protected":false},"featured_media":28738,"comment_status":"open","ping_status":"closed","template":"","meta":{"_glsr_average":0,"_glsr_ranking":0,"_glsr_reviews":0},"product_brand":[500],"product_cat":[385],"product_tag":[392,160],"class_list":{"0":"post-28732","1":"product","2":"type-product","3":"status-publish","4":"has-post-thumbnail","6":"product_brand-obsessive","7":"product_cat-stringid-puksikud","8":"product_tag-avatud-stringid","9":"product_tag-obsessive","10":"pa_suurus-l-xl","11":"pa_suurus-s-m","12":"pa_suurus-xxl-xxxl","13":"pa_varvus-must","15":"first","16":"instock","17":"sold-individually","18":"taxable","19":"shipping-taxable","20":"purchasable","21":"product-type-variable"},"_links":{"self":[{"href":"https:\/\/pesu24.ee\/en\/wp-json\/wp\/v2\/product\/28732","targetHints":{"allow":["GET"]}}],"collection":[{"href":"https:\/\/pesu24.ee\/en\/wp-json\/wp\/v2\/product"}],"about":[{"href":"https:\/\/pesu24.ee\/en\/wp-json\/wp\/v2\/types\/product"}],"replies":[{"embeddable":true,"href":"https:\/\/pesu24.ee\/en\/wp-json\/wp\/v2\/comments?post=28732"}],"wp:featuredmedia":[{"embeddable":true,"href":"https:\/\/pesu24.ee\/en\/wp-json\/wp\/v2\/media\/28738"}],"wp:attachment":[{"href":"https:\/\/pesu24.ee\/en\/wp-json\/wp\/v2\/media?parent=28732"}],"wp:term":[{"taxonomy":"product_brand","embeddable":true,"href":"https:\/\/pesu24.ee\/en\/wp-json\/wp\/v2\/product_brand?post=28732"},{"taxonomy":"product_cat","embeddable":true,"href":"https:\/\/pesu24.ee\/en\/wp-json\/wp\/v2\/product_cat?post=28732"},{"taxonomy":"product_tag","embeddable":true,"href":"https:\/\/pesu24.ee\/en\/wp-json\/wp\/v2\/product_tag?post=28732"}],"curies":[{"name":"wp","href":"https:\/\/api.w.org\/{rel}","templated":true}]}}