{"id":28741,"date":"2025-09-23T11:06:52","date_gmt":"2025-09-23T08:06:52","guid":{"rendered":"https:\/\/pesu24.ee\/?post_type=product&#038;p=28741"},"modified":"2025-10-14T14:27:54","modified_gmt":"2025-10-14T11:27:54","slug":"avatud-stringid-obsessive-vibres","status":"publish","type":"product","link":"https:\/\/pesu24.ee\/en\/stringid-puksikud\/avatud-stringid-obsessive-vibres\/","title":{"rendered":"Avatud stringid Obsessive Vibres"},"content":{"rendered":"<p>Avatud stringid Obsessive Vibres on m\u00f5eldud naistele, kes armastavad m\u00e4ngulisust ja enesekindlat sensuaalsust. Julge s\u00fcgavlilla toon sulandub l\u00e4bipaistva v\u00f5rguga, mis hellitab nahka ja lisab kandjale \u00f5rna, kuid samas k\u00fctkestava v\u00e4limuse. Iga detail on hoolikalt l\u00e4bi m\u00f5eldud, et tuua esile keha loomulikud jooned ja lisada kandmisele p\u00f5nevust.<\/p>\n<p>Erinevate rihmade kihiline m\u00e4ng annab pesule kaasaegse ja d\u00fcnaamilise ilme, r\u00f5hutades eriti puusasid ja tagumiku kuju. V\u00e4ike h\u00f5bedane ripats esik\u00fcljel lisab luksuslikku aktsenti, ilma et see disaini peamist m\u00f5ju v\u00e4hendaks. Selle kombinatsioon loob tasakaalu sensuaalsuse ja stiili vahel, muutes Vibres stringid t\u00f5eliselt eriliseks valikuks.<\/p>\n<p>Materjalide kvaliteet on tagatud \u2014 94% pol\u00fcamiid ja 6% elastaan teevad stringid mugavaks ja h\u00e4sti istuvaks, samal ajal olles nikkelivabad. Obsessive Vibres on pesu, mis ei piirdu pelgalt klassikaliste valikutega, vaid julgustab kandjat m\u00e4ngima ja v\u00e4ljendama oma unikaalset stiili.<\/p>\n<p>See pesukomplekt on ideaalne nii eriliseks \u00f5htuks kui igap\u00e4evaseks enesekindluse t\u00f5stmiseks, pakkudes kandjale t\u00e4iuslikku kooslust mugavusest, modernsusest ja sensuaalsusest.<\/p>\n<div class=\"omadused\">\n<p><span style=\"color: #008000;\"><strong>DETAILS:<\/strong><\/span><\/p>\n<ul>\n<li>seksikat lillat tooni<\/li>\n<li>avatud jalgevahega disain<\/li>\n<li>pooll\u00e4bipaistev v\u00f5rkkangas<\/li>\n<li>optiliselt salendava efektiga<\/li>\n<li>mugav ning elastne kangas (94% pol\u00fcamiid, 6% elastaan)<\/li>\n<\/ul>\n<\/div>","protected":false},"excerpt":{"rendered":"<p>&#46;&#46;&#46;<\/p>","protected":false},"featured_media":28746,"comment_status":"open","ping_status":"closed","template":"","meta":{"_glsr_average":0,"_glsr_ranking":0,"_glsr_reviews":0},"product_brand":[500],"product_cat":[385],"product_tag":[392,160],"class_list":{"0":"post-28741","1":"product","2":"type-product","3":"status-publish","4":"has-post-thumbnail","6":"product_brand-obsessive","7":"product_cat-stringid-puksikud","8":"product_tag-avatud-stringid","9":"product_tag-obsessive","10":"pa_suurus-l-xl","11":"pa_suurus-s-m","12":"pa_suurus-xxl-xxxl","13":"pa_varvus-lilla","15":"first","16":"instock","17":"sold-individually","18":"taxable","19":"shipping-taxable","20":"purchasable","21":"product-type-variable"},"_links":{"self":[{"href":"https:\/\/pesu24.ee\/en\/wp-json\/wp\/v2\/product\/28741","targetHints":{"allow":["GET"]}}],"collection":[{"href":"https:\/\/pesu24.ee\/en\/wp-json\/wp\/v2\/product"}],"about":[{"href":"https:\/\/pesu24.ee\/en\/wp-json\/wp\/v2\/types\/product"}],"replies":[{"embeddable":true,"href":"https:\/\/pesu24.ee\/en\/wp-json\/wp\/v2\/comments?post=28741"}],"wp:featuredmedia":[{"embeddable":true,"href":"https:\/\/pesu24.ee\/en\/wp-json\/wp\/v2\/media\/28746"}],"wp:attachment":[{"href":"https:\/\/pesu24.ee\/en\/wp-json\/wp\/v2\/media?parent=28741"}],"wp:term":[{"taxonomy":"product_brand","embeddable":true,"href":"https:\/\/pesu24.ee\/en\/wp-json\/wp\/v2\/product_brand?post=28741"},{"taxonomy":"product_cat","embeddable":true,"href":"https:\/\/pesu24.ee\/en\/wp-json\/wp\/v2\/product_cat?post=28741"},{"taxonomy":"product_tag","embeddable":true,"href":"https:\/\/pesu24.ee\/en\/wp-json\/wp\/v2\/product_tag?post=28741"}],"curies":[{"name":"wp","href":"https:\/\/api.w.org\/{rel}","templated":true}]}}