{"id":28950,"date":"2025-10-08T10:05:09","date_gmt":"2025-10-08T07:05:09","guid":{"rendered":"https:\/\/pesu24.ee\/?post_type=product&#038;p=28950"},"modified":"2025-12-12T19:18:10","modified_gmt":"2025-12-12T16:18:10","slug":"sukad-obsessive-matildea","status":"publish","type":"product","link":"https:\/\/pesu24.ee\/en\/sukad\/sukad-obsessive-matildea\/","title":{"rendered":"Sukad Obsessive Matildea"},"content":{"rendered":"<p>Sukad Obsessive Matildea on loodud naisele, kes hindavad sensuaalsust ja elegantsi igas detailis. \u00d5rnad, l\u00e4bikumavad ihutooni sukad kaunistab pilkup\u00fc\u00fcdev punane pits\u00e4\u00e4r, mis lisab v\u00e4limusele luksusliku ja v\u00f5rgutava puudutuse. Need sukad on ideaalne t\u00e4iendus romantiliseks \u00f5htuks v\u00f5i eriliseks hetkeks, kui soovid tunda end enesekindlalt ja vastupandamatuna.<\/p>\n<p>Pehme ja elastne materjal kohandub t\u00e4iuslikult kehaga, pakkudes mugavust ning r\u00f5hutades jalgu kaunilt. Dekoratiivne pits reitel toob v\u00e4lja naiselikkuse ja harmoneerub suurep\u00e4raselt kollektsiooni teiste toodetega. Sukad p\u00fcsivad h\u00e4sti ja sobivad suurep\u00e4raselt koos sukahoidjaga.<\/p>\n<p>Kombineeri Sukad Obsessive Matildea sama sarja pesukomplektiga ja avasta, kuidas v\u00e4ikesed detailid loovad suure m\u00f5ju. Need sukad ei ole pelgalt aksessuaar \u2013 need on viimane lihv, mis muudab iga hetke eriliseks.<\/p>\n<p><span style=\"color: #008000;\"><strong>KOMPLEKT SISALDAB:<\/strong><\/span><\/p>\n<ul>\n<li>sukad<\/li>\n<\/ul>\n<p><span style=\"color: #008000;\"><strong>DETAILS:<\/strong><\/span><\/p>\n<ul>\n<li>ihutooni sukad<\/li>\n<li>punane pits\u00e4\u00e4ris<\/li>\n<li>15 DEN<\/li>\n<li>stockings are not self-supported<\/li>\n<li>pehme &amp; elastne kangas (85% pol\u00fcamiid &amp; 15% elastaan)<\/li>\n<\/ul>","protected":false},"excerpt":{"rendered":"<p>Omadused<\/p>\n<ul>\n<li>ihutooni sukad<\/li>\n<li>punane pits\u00e4\u00e4ris<\/li>\n<li>15 DEN<\/li>\n<li>stockings are not self-supported<\/li>\n<li>pehme &amp; elastne kangas (85% pol\u00fcamiid &amp; 15% elastaan)<\/li>\n<\/ul>","protected":false},"featured_media":28956,"comment_status":"open","ping_status":"closed","template":"","meta":{"_glsr_average":0,"_glsr_ranking":0,"_glsr_reviews":0},"product_brand":[500],"product_cat":[29],"product_tag":[160,514],"class_list":{"0":"post-28950","1":"product","2":"type-product","3":"status-publish","4":"has-post-thumbnail","6":"product_brand-obsessive","7":"product_cat-sukad","8":"product_tag-obsessive","9":"product_tag-obsessive-matildea","10":"pa_suurus-l-xl","11":"pa_suurus-s-m","12":"pa_suurus-xxl-xxxl","13":"pa_varvus-punane","15":"first","16":"instock","17":"sold-individually","18":"taxable","19":"shipping-taxable","20":"purchasable","21":"product-type-variable"},"_links":{"self":[{"href":"https:\/\/pesu24.ee\/en\/wp-json\/wp\/v2\/product\/28950","targetHints":{"allow":["GET"]}}],"collection":[{"href":"https:\/\/pesu24.ee\/en\/wp-json\/wp\/v2\/product"}],"about":[{"href":"https:\/\/pesu24.ee\/en\/wp-json\/wp\/v2\/types\/product"}],"replies":[{"embeddable":true,"href":"https:\/\/pesu24.ee\/en\/wp-json\/wp\/v2\/comments?post=28950"}],"wp:featuredmedia":[{"embeddable":true,"href":"https:\/\/pesu24.ee\/en\/wp-json\/wp\/v2\/media\/28956"}],"wp:attachment":[{"href":"https:\/\/pesu24.ee\/en\/wp-json\/wp\/v2\/media?parent=28950"}],"wp:term":[{"taxonomy":"product_brand","embeddable":true,"href":"https:\/\/pesu24.ee\/en\/wp-json\/wp\/v2\/product_brand?post=28950"},{"taxonomy":"product_cat","embeddable":true,"href":"https:\/\/pesu24.ee\/en\/wp-json\/wp\/v2\/product_cat?post=28950"},{"taxonomy":"product_tag","embeddable":true,"href":"https:\/\/pesu24.ee\/en\/wp-json\/wp\/v2\/product_tag?post=28950"}],"curies":[{"name":"wp","href":"https:\/\/api.w.org\/{rel}","templated":true}]}}