{"id":28975,"date":"2025-10-08T10:35:25","date_gmt":"2025-10-08T07:35:25","guid":{"rendered":"https:\/\/pesu24.ee\/?post_type=product&#038;p=28975"},"modified":"2026-03-30T13:13:48","modified_gmt":"2026-03-30T11:13:48","slug":"avatud-stringid-obsessive-matildea","status":"publish","type":"product","link":"https:\/\/pesu24.ee\/en\/stringid-puksikud\/avatud-stringid-obsessive-matildea\/","title":{"rendered":"Avatud stringid Obsessive Matildea"},"content":{"rendered":"<p>Avatud stringid Obsessive Matildea on loodud naisele, kes armastab sensuaalsust ja m\u00e4ngulisust igas detailis. \u00d5rn pits ja l\u00e4bim\u00f5eldud kuldsed aksessuaarid loovad luksusliku ning pilkup\u00fc\u00fcdva v\u00e4limuse, mis t\u00f5mbab t\u00e4helepanu ja \u00e4ratab fantaasia. See on aksessuaar, mis lisab igale \u00f5htule erilisust ja enesekindlust.<\/p>\n<p>Topeltrihmad \u00fcmber puusade istuvad t\u00e4pselt, r\u00f5hutades figuuri kaunilt, samas kui ees olevad kuldsed ketid lisavad elegantsust ja veetlust. Seljaosa rihmad moodustavad salap\u00e4rase mustri, mis m\u00e4nguliselt kutsub kujutlusv\u00f5imet juhtima. Avatud jalgevahe lisab v\u00fcrtsi ja annab t\u00e4ieliku sensuaalse efekti.<\/p>\n<p>Avatud stringid Obsessive Matildea on ideaalne t\u00e4iendus sama sarja sukahoidja v\u00f5i rinnahoidjaga, luues tervikliku ja meeldej\u00e4\u00e4va komplekti. Need stringid ei ole lihtsalt pesu \u2013 need on lubadus erilisest \u00f5htust, kus iga detail loeb ja pakub unustamatuid hetki.<\/p>\n<p><span style=\"color: #008000;\"><strong>KOMPLEKT SISALDAB:<\/strong><\/span><\/p>\n<ul>\n<li>avatud stringid<\/li>\n<\/ul>\n<p><span style=\"color: #008000;\"><strong>DETAILS:<\/strong><\/span><\/p>\n<ul>\n<li>avatud disain<\/li>\n<li>peenelt mustriline pits<\/li>\n<li>topelt paelad puusadel<\/li>\n<li>dekoratiivsed kuldsed ketid<\/li>\n<li>mugav &amp; elastne kangas (90% pol\u00fcamiid &amp; 10% elastaan)<\/li>\n<\/ul>","protected":false},"excerpt":{"rendered":"<p>Omadused<\/p>\n<ul>\n<li>avatud disain<\/li>\n<li>peenelt mustriline pits<\/li>\n<li>topelt paelad puusadel<\/li>\n<li>dekoratiivsed kuldsed ketid<\/li>\n<li>mugav &amp; elastne kangas (90% pol\u00fcamiid &amp; 10% elastaan)<\/li>\n<\/ul>","protected":false},"featured_media":28981,"comment_status":"open","ping_status":"closed","template":"","meta":{"_glsr_average":0,"_glsr_ranking":0,"_glsr_reviews":0},"product_brand":[500],"product_cat":[385],"product_tag":[160,514],"class_list":{"0":"post-28975","1":"product","2":"type-product","3":"status-publish","4":"has-post-thumbnail","6":"product_brand-obsessive","7":"product_cat-stringid-puksikud","8":"product_tag-obsessive","9":"product_tag-obsessive-matildea","10":"pa_suurus-l-xl","11":"pa_suurus-s-m","12":"pa_suurus-xxl-xxxl","13":"pa_varvus-punane","15":"first","16":"instock","17":"sold-individually","18":"taxable","19":"shipping-taxable","20":"purchasable","21":"product-type-variable"},"_links":{"self":[{"href":"https:\/\/pesu24.ee\/en\/wp-json\/wp\/v2\/product\/28975","targetHints":{"allow":["GET"]}}],"collection":[{"href":"https:\/\/pesu24.ee\/en\/wp-json\/wp\/v2\/product"}],"about":[{"href":"https:\/\/pesu24.ee\/en\/wp-json\/wp\/v2\/types\/product"}],"replies":[{"embeddable":true,"href":"https:\/\/pesu24.ee\/en\/wp-json\/wp\/v2\/comments?post=28975"}],"wp:featuredmedia":[{"embeddable":true,"href":"https:\/\/pesu24.ee\/en\/wp-json\/wp\/v2\/media\/28981"}],"wp:attachment":[{"href":"https:\/\/pesu24.ee\/en\/wp-json\/wp\/v2\/media?parent=28975"}],"wp:term":[{"taxonomy":"product_brand","embeddable":true,"href":"https:\/\/pesu24.ee\/en\/wp-json\/wp\/v2\/product_brand?post=28975"},{"taxonomy":"product_cat","embeddable":true,"href":"https:\/\/pesu24.ee\/en\/wp-json\/wp\/v2\/product_cat?post=28975"},{"taxonomy":"product_tag","embeddable":true,"href":"https:\/\/pesu24.ee\/en\/wp-json\/wp\/v2\/product_tag?post=28975"}],"curies":[{"name":"wp","href":"https:\/\/api.w.org\/{rel}","templated":true}]}}