{"id":28991,"date":"2025-10-08T10:58:46","date_gmt":"2025-10-08T07:58:46","guid":{"rendered":"https:\/\/pesu24.ee\/?post_type=product&#038;p=28991"},"modified":"2025-12-15T16:08:14","modified_gmt":"2025-12-15T13:08:14","slug":"2-osaline-avatud-stringide-komplekt-obsessive-bianca","status":"publish","type":"product","link":"https:\/\/pesu24.ee\/en\/stringid-puksikud\/2-osaline-avatud-stringide-komplekt-obsessive-bianca\/","title":{"rendered":"2-osaline avatud stringide komplekt Obsessive Bianca"},"content":{"rendered":"<p>2-osaline Obsessive Bianca avatud stringide komplekt pakub topeltkiusatusi ja topeltnaudingut igale naisele, kes armastab m\u00e4ngulisust ja sensuaalsust. Komplekti kuulub kaks erinevat mudelit \u2013 \u00fcks kaetud dekoratiivse pitsiga, teine l\u00e4bikumav looman\u00e4omustriga, mis s\u00fctitab kujutlusv\u00f5ime. M\u00f5lemad stiilid loovad pilkup\u00fc\u00fcdva v\u00e4limuse, mis t\u00f5stab enesekindlust ja toob esile naiseliku v\u00f5lu.<\/p>\n<p>Topelt mudelid tease\u2019ivad avatud jalgevahe ja t\u00e4iusliku l\u00f5ikega, pakkudes samas mugavust ja elastset istuvust. Pehmed rihmad kohanduvad kehaga ideaalselt, r\u00f5hutades figuuri ja lisades elegantsi igale liigutusele. Iga detail \u2013 alates pitsist kuni looman\u00e4omustrini \u2013 on hoolikalt l\u00e4bi m\u00f5eldud, et luua eriline ja m\u00e4nguline v\u00e4limus.<\/p>\n<p>2-osaline Obsessive Bianca avatud stringide komplekt on ideaalne valik eriliseks \u00f5htuks v\u00f5i hetkedeks, kus soovid tunda end julge ja vastupandamatuna. Need kaks stiili annavad v\u00f5imaluse vahetada v\u00e4limust vastavalt tujule ning tagavad, et iga detail pakub naudingut ja sensuaalsust.<\/p>\n<p><span style=\"color: #008000;\"><strong>KOMPLEKT SISALDAB:<\/strong><\/span><\/p>\n<ul>\n<li>avatud stringide komplekt<\/li>\n<\/ul>\n<p><span style=\"color: #008000;\"><strong>DETAILS:<\/strong><\/span><\/p>\n<ul>\n<li>kaks erinevat stiili &#8211; pits &amp; leporadimuster<\/li>\n<li>seksika disainiga<\/li>\n<li>mugav &amp; elastne kangas (90% pol\u00fcamiid &amp; 10% elastaan)<\/li>\n<\/ul>","protected":false},"excerpt":{"rendered":"<p>Omadused<\/p>\n<ul>\n<li>kaks erinevat stiili &#8211; pits &amp; leporadimuster<\/li>\n<li>seksika disainiga<\/li>\n<li>mugav &amp; elastne kangas (90% pol\u00fcamiid &amp; 10% elastaan)<\/li>\n<\/ul>","protected":false},"featured_media":28996,"comment_status":"open","ping_status":"closed","template":"","meta":{"_glsr_average":0,"_glsr_ranking":0,"_glsr_reviews":0},"product_brand":[500],"product_cat":[385],"product_tag":[160],"class_list":{"0":"post-28991","1":"product","2":"type-product","3":"status-publish","4":"has-post-thumbnail","6":"product_brand-obsessive","7":"product_cat-stringid-puksikud","8":"product_tag-obsessive","9":"pa_suurus-l-xl","10":"pa_suurus-s-m","11":"pa_suurus-xxl-xxxl","12":"pa_varvus-must","14":"first","15":"instock","16":"sold-individually","17":"taxable","18":"shipping-taxable","19":"purchasable","20":"product-type-variable"},"_links":{"self":[{"href":"https:\/\/pesu24.ee\/en\/wp-json\/wp\/v2\/product\/28991","targetHints":{"allow":["GET"]}}],"collection":[{"href":"https:\/\/pesu24.ee\/en\/wp-json\/wp\/v2\/product"}],"about":[{"href":"https:\/\/pesu24.ee\/en\/wp-json\/wp\/v2\/types\/product"}],"replies":[{"embeddable":true,"href":"https:\/\/pesu24.ee\/en\/wp-json\/wp\/v2\/comments?post=28991"}],"wp:featuredmedia":[{"embeddable":true,"href":"https:\/\/pesu24.ee\/en\/wp-json\/wp\/v2\/media\/28996"}],"wp:attachment":[{"href":"https:\/\/pesu24.ee\/en\/wp-json\/wp\/v2\/media?parent=28991"}],"wp:term":[{"taxonomy":"product_brand","embeddable":true,"href":"https:\/\/pesu24.ee\/en\/wp-json\/wp\/v2\/product_brand?post=28991"},{"taxonomy":"product_cat","embeddable":true,"href":"https:\/\/pesu24.ee\/en\/wp-json\/wp\/v2\/product_cat?post=28991"},{"taxonomy":"product_tag","embeddable":true,"href":"https:\/\/pesu24.ee\/en\/wp-json\/wp\/v2\/product_tag?post=28991"}],"curies":[{"name":"wp","href":"https:\/\/api.w.org\/{rel}","templated":true}]}}