{"id":29001,"date":"2025-10-12T11:06:29","date_gmt":"2025-10-12T08:06:29","guid":{"rendered":"https:\/\/pesu24.ee\/?post_type=product&#038;p=29001"},"modified":"2026-03-30T13:32:40","modified_gmt":"2026-03-30T11:32:40","slug":"2-osaline-stringide-komplekt-obsessive-clara","status":"publish","type":"product","link":"https:\/\/pesu24.ee\/en\/stringid-puksikud\/2-osaline-stringide-komplekt-obsessive-clara\/","title":{"rendered":"2-osaline stringide komplekt Obsessive Clara"},"content":{"rendered":"<p>2-osaline\u00a0 stringide komplekt Obsessive Clara toob sinu garderoobi maksimaalse sensuaalsuse minimalistlikus v\u00f5tmes. Komplekt sisaldab kahte erinevat stiili \u2013 \u00fcks seksikas pitsiga string ja teine julge looman\u00e4omustriga mudel \u2013, mis v\u00f5imaldavad vahetada v\u00e4limust vastavalt tujule. \u00d5hukesed rihmad seljal j\u00e4tavad ruumi kujutlusv\u00f5imele ja lisavad igale v\u00e4limusele m\u00e4ngulisust.<\/p>\n<p>M\u00f5lemad mudelid r\u00f5hutavad sinu jooni \u00f5rnalt, kuid pilkup\u00fc\u00fcdvalt, pakkudes samal ajal mugavust ja elastset istuvust. Pehmed ja elastsed rihmad kohanduvad kehaga ideaalselt, lisades elegantsi igale liigutusele. Hoolikalt l\u00e4bi m\u00f5eldud detailid, alates pitsist kuni looman\u00e4omustrini, loovad unustamatu ja sensuaalse v\u00e4limuse.<\/p>\n<p>2-osaline stringide komplekt Obsessive Clara on ideaalne valik eriliseks \u00f5htuks v\u00f5i m\u00e4nguliseks hetkeseks. T\u00e4nu kahe erineva stiili kombinatsioonile saad valida, milline v\u00e4limus t\u00e4na esile t\u00f5useb, pakkudes unustamatuid hetki ja t\u00f5stes enesekindlust igas olukorras.<\/p>\n<div class=\"omadused\">\n<p>Details<\/p>\n<ul>\n<li>komplektis on kaks paari stringe<\/li>\n<li>kaks erinevat stiili &#8211; pits &amp; loomamustriga<\/li>\n<li>mugav &amp; elastne kangas (90% pol\u00fcamiid &amp; 10% elastaan)<\/li>\n<\/ul>\n<\/div>","protected":false},"excerpt":{"rendered":"<p>Omadused<\/p>\n<ul>\n<li>kaks erinevat stiili &#8211; pits &amp; loomamuster<\/li>\n<li>seksika disainiga<\/li>\n<li>mugav &amp; elastne kangas (90% pol\u00fcamiid &amp; 10% elastaan)<\/li>\n<\/ul>","protected":false},"featured_media":29008,"comment_status":"open","ping_status":"closed","template":"","meta":{"_glsr_average":0,"_glsr_ranking":0,"_glsr_reviews":0},"product_brand":[500],"product_cat":[385],"product_tag":[160],"class_list":{"0":"post-29001","1":"product","2":"type-product","3":"status-publish","4":"has-post-thumbnail","6":"product_brand-obsessive","7":"product_cat-stringid-puksikud","8":"product_tag-obsessive","9":"pa_suurus-l-xl","10":"pa_suurus-s-m","11":"pa_suurus-xxl-xxxl","12":"pa_varvus-must","14":"first","15":"instock","16":"sold-individually","17":"taxable","18":"shipping-taxable","19":"purchasable","20":"product-type-variable"},"_links":{"self":[{"href":"https:\/\/pesu24.ee\/en\/wp-json\/wp\/v2\/product\/29001","targetHints":{"allow":["GET"]}}],"collection":[{"href":"https:\/\/pesu24.ee\/en\/wp-json\/wp\/v2\/product"}],"about":[{"href":"https:\/\/pesu24.ee\/en\/wp-json\/wp\/v2\/types\/product"}],"replies":[{"embeddable":true,"href":"https:\/\/pesu24.ee\/en\/wp-json\/wp\/v2\/comments?post=29001"}],"wp:featuredmedia":[{"embeddable":true,"href":"https:\/\/pesu24.ee\/en\/wp-json\/wp\/v2\/media\/29008"}],"wp:attachment":[{"href":"https:\/\/pesu24.ee\/en\/wp-json\/wp\/v2\/media?parent=29001"}],"wp:term":[{"taxonomy":"product_brand","embeddable":true,"href":"https:\/\/pesu24.ee\/en\/wp-json\/wp\/v2\/product_brand?post=29001"},{"taxonomy":"product_cat","embeddable":true,"href":"https:\/\/pesu24.ee\/en\/wp-json\/wp\/v2\/product_cat?post=29001"},{"taxonomy":"product_tag","embeddable":true,"href":"https:\/\/pesu24.ee\/en\/wp-json\/wp\/v2\/product_tag?post=29001"}],"curies":[{"name":"wp","href":"https:\/\/api.w.org\/{rel}","templated":true}]}}