{"id":29156,"date":"2025-10-16T12:50:52","date_gmt":"2025-10-16T09:50:52","guid":{"rendered":"https:\/\/pesu24.ee\/?post_type=product&#038;p=29156"},"modified":"2026-03-30T13:27:42","modified_gmt":"2026-03-30T11:27:42","slug":"2-osaline-pesukomplekt-obsessive-soranna","status":"publish","type":"product","link":"https:\/\/pesu24.ee\/en\/pesukomplektid\/2-osaline-pesukomplekt-obsessive-soranna\/","title":{"rendered":"2-osaline pesukomplekt Obsessive Soranna"},"content":{"rendered":"<p>2-osaline pesukomplekt Obsessive Soranna on loodud naisele, kes armastab tunda end enesekindlalt, sensuaalselt ja s\u00e4ravalt. See elegantne komplekt \u00fchendab l\u00e4bipaistva v\u00f5rkkanga kuldse l\u00e4ikega, luues lummava koosluse kergusest ja julgusest. Kehasse liibuv l\u00f5ige r\u00f5hutab naiselikku siluetti, samal ajal kui traatidega top t\u00f5stab ja vormib rinda kaunilt.<\/p>\n<p>Vertikaalsed toestused lisavad figuurile graatsilist joont ning reguleeritavad \u00f5lapaelad ja kinnis tagavad t\u00e4iusliku sobivuse. Avatud jalgevahega stringid lisavad komplektile ulakat nooti ja muudavad selle ideaalseks nii romantilisteks hetkedeks kui ka enesekindluse t\u00f5stmiseks igal ajal.<\/p>\n<p>Pehmest ja kergelt elastse koostisega kangas (95% pol\u00fcester, 5% elastaan) istub mugavalt ning toob esile keha loomuliku ilu. Obsessive Soranna on loodud Euroopa Liidus \u2013 kvaliteetseks, s\u00e4ravaks ja vastupandamatult naiselikuks valikuks.<\/p>\n<div class=\"omadused\">\n<p>Details<\/p>\n<ul>\n<li>komplektis top &amp; avatud stringid<\/li>\n<li>kuldse l\u00e4ikega pesukomplekt<\/li>\n<li>rinnakorvil tugikaared<\/li>\n<li>vertikaalne toestus<\/li>\n<li>reguleeritavad \u00f5lapaelad<\/li>\n<li>taga astmeline kinnitus<\/li>\n<li>avatud jalgevahe<\/li>\n<li>pehme &amp; elastne kangas (95% pol\u00fcester &amp; 5% elastaan)<\/li>\n<\/ul>\n<\/div>","protected":false},"excerpt":{"rendered":"<p>&#46;&#46;&#46;<\/p>","protected":false},"featured_media":29162,"comment_status":"open","ping_status":"closed","template":"","meta":{"_glsr_average":0,"_glsr_ranking":0,"_glsr_reviews":0},"product_brand":[500],"product_cat":[16],"product_tag":[160,515],"class_list":{"0":"post-29156","1":"product","2":"type-product","3":"status-publish","4":"has-post-thumbnail","6":"product_brand-obsessive","7":"product_cat-pesukomplektid","8":"product_tag-obsessive","9":"product_tag-obsessive-soranna","10":"pa_suurus-l-xl","11":"pa_suurus-s-m","12":"pa_suurus-xxl-xxxl","13":"pa_varvus-kuldne","15":"first","16":"instock","17":"sold-individually","18":"taxable","19":"shipping-taxable","20":"purchasable","21":"product-type-variable"},"_links":{"self":[{"href":"https:\/\/pesu24.ee\/en\/wp-json\/wp\/v2\/product\/29156","targetHints":{"allow":["GET"]}}],"collection":[{"href":"https:\/\/pesu24.ee\/en\/wp-json\/wp\/v2\/product"}],"about":[{"href":"https:\/\/pesu24.ee\/en\/wp-json\/wp\/v2\/types\/product"}],"replies":[{"embeddable":true,"href":"https:\/\/pesu24.ee\/en\/wp-json\/wp\/v2\/comments?post=29156"}],"wp:featuredmedia":[{"embeddable":true,"href":"https:\/\/pesu24.ee\/en\/wp-json\/wp\/v2\/media\/29162"}],"wp:attachment":[{"href":"https:\/\/pesu24.ee\/en\/wp-json\/wp\/v2\/media?parent=29156"}],"wp:term":[{"taxonomy":"product_brand","embeddable":true,"href":"https:\/\/pesu24.ee\/en\/wp-json\/wp\/v2\/product_brand?post=29156"},{"taxonomy":"product_cat","embeddable":true,"href":"https:\/\/pesu24.ee\/en\/wp-json\/wp\/v2\/product_cat?post=29156"},{"taxonomy":"product_tag","embeddable":true,"href":"https:\/\/pesu24.ee\/en\/wp-json\/wp\/v2\/product_tag?post=29156"}],"curies":[{"name":"wp","href":"https:\/\/api.w.org\/{rel}","templated":true}]}}