{"id":29181,"date":"2025-10-16T13:08:35","date_gmt":"2025-10-16T10:08:35","guid":{"rendered":"https:\/\/pesu24.ee\/?post_type=product&#038;p=29181"},"modified":"2025-10-16T13:30:21","modified_gmt":"2025-10-16T10:30:21","slug":"body-obsessive-soranna","status":"publish","type":"product","link":"https:\/\/pesu24.ee\/en\/bodyd\/body-obsessive-soranna\/","title":{"rendered":"Body Obsessive Soranna"},"content":{"rendered":"<p>Body Obsessive Soranna on loodud naistele, kes armastavad oma sensuaalsust esile tuua. \u00d5rn, kuldse l\u00e4ikega v\u00f5rkkangas \u00fcmbritseb keha graatsiliselt, r\u00f5hutades figuuri loomulikku ilu ja lisades v\u00e4limusele luksuslikku s\u00e4ra. Kehasse liibuv l\u00f5ige koos tugikaarte ja vertikaalsete \u00f5mblustega toob esile kauni ja skulpturaalse silueti, muutes iga liigutuse nauditavaks.<\/p>\n<p>Reguleeritavad \u00f5lapaelad ja mitmeastmeline seljakinnitus tagavad t\u00e4iusliku sobivuse, samas kui avatud jalgevahe lisab m\u00e4ngulisust ja \u00fcllatavat efekti. Valmistatud pehmest ja kergelt elastse koostisega kangast (95% pol\u00fcester, 5% elastaan).<\/p>\n<div class=\"omadused\">\n<p>Details<\/p>\n<ul>\n<li>komplektis avatud jalgevahega body<\/li>\n<li>rinnakorvil tugikaared<\/li>\n<li>reguleeritavad \u00f5lapaelad<\/li>\n<li>\u00f5rn v\u00f5rkkangas kuldse l\u00e4ikega<\/li>\n<li>seksikas, kehasse liibuv l\u00f5ige<\/li>\n<li>pehme &amp; elastne kangas (95% pol\u00fcester &amp; 5% elastaan)<\/li>\n<\/ul>\n<\/div>","protected":false},"excerpt":{"rendered":"<p>&#46;&#46;&#46;<\/p>","protected":false},"featured_media":29187,"comment_status":"open","ping_status":"closed","template":"","meta":{"_glsr_average":0,"_glsr_ranking":0,"_glsr_reviews":0},"product_brand":[500],"product_cat":[89],"product_tag":[160,515],"class_list":{"0":"post-29181","1":"product","2":"type-product","3":"status-publish","4":"has-post-thumbnail","6":"product_brand-obsessive","7":"product_cat-bodyd","8":"product_tag-obsessive","9":"product_tag-obsessive-soranna","10":"pa_suurus-l-xl","11":"pa_suurus-s-m","12":"pa_suurus-xxl-xxxl","13":"pa_varvus-kuldne","15":"first","16":"instock","17":"sold-individually","18":"taxable","19":"shipping-taxable","20":"purchasable","21":"product-type-variable"},"_links":{"self":[{"href":"https:\/\/pesu24.ee\/en\/wp-json\/wp\/v2\/product\/29181","targetHints":{"allow":["GET"]}}],"collection":[{"href":"https:\/\/pesu24.ee\/en\/wp-json\/wp\/v2\/product"}],"about":[{"href":"https:\/\/pesu24.ee\/en\/wp-json\/wp\/v2\/types\/product"}],"replies":[{"embeddable":true,"href":"https:\/\/pesu24.ee\/en\/wp-json\/wp\/v2\/comments?post=29181"}],"wp:featuredmedia":[{"embeddable":true,"href":"https:\/\/pesu24.ee\/en\/wp-json\/wp\/v2\/media\/29187"}],"wp:attachment":[{"href":"https:\/\/pesu24.ee\/en\/wp-json\/wp\/v2\/media?parent=29181"}],"wp:term":[{"taxonomy":"product_brand","embeddable":true,"href":"https:\/\/pesu24.ee\/en\/wp-json\/wp\/v2\/product_brand?post=29181"},{"taxonomy":"product_cat","embeddable":true,"href":"https:\/\/pesu24.ee\/en\/wp-json\/wp\/v2\/product_cat?post=29181"},{"taxonomy":"product_tag","embeddable":true,"href":"https:\/\/pesu24.ee\/en\/wp-json\/wp\/v2\/product_tag?post=29181"}],"curies":[{"name":"wp","href":"https:\/\/api.w.org\/{rel}","templated":true}]}}