{"id":29192,"date":"2025-10-16T13:23:25","date_gmt":"2025-10-16T10:23:25","guid":{"rendered":"https:\/\/pesu24.ee\/?post_type=product&#038;p=29192"},"modified":"2025-10-16T13:45:41","modified_gmt":"2025-10-16T10:45:41","slug":"korsett-obsessive-soranna","status":"publish","type":"product","link":"https:\/\/pesu24.ee\/en\/korsetid\/korsett-obsessive-soranna\/","title":{"rendered":"Korsett Obsessive Soranna"},"content":{"rendered":"<p>Korsett Obsessive Soranna on sensuaalne kaheosaline pesukomplekt, mis \u00fchendab kuldse s\u00e4deluse ja l\u00e4bipaistva v\u00f5rkkanga. Trugikaartega korsett t\u00f5stab ja r\u00f5hutab rinnakorvi, samal ajal kui vertikaalsed \u00f5mblused ja korseti l\u00f5ige optiliselt vormivad figuuri ja r\u00f5hutavad v\u00f6\u00f6kohta.<\/p>\n<div class=\"omadused\">\n<p>Details<\/p>\n<ul>\n<li>komplektis avatud korsett &amp; stringid<\/li>\n<li>rinnakorvil tugikaared<\/li>\n<li>vertikaalne toestus<\/li>\n<li>tagant haakidega kinnituv<\/li>\n<li>reguleeritavad \u00f5la- ja sukapaelad<\/li>\n<li>l\u00e4bipaistev v\u00f5rkkangas kuldse l\u00e4ikega<\/li>\n<li>pehme &amp; elastne kangas (95% pol\u00fcester &amp; 5% elastaan)<\/li>\n<\/ul>\n<\/div>","protected":false},"excerpt":{"rendered":"<p>&#46;&#46;&#46;<\/p>","protected":false},"featured_media":29197,"comment_status":"open","ping_status":"closed","template":"","meta":{"_glsr_average":0,"_glsr_ranking":0,"_glsr_reviews":0},"product_brand":[500],"product_cat":[33],"product_tag":[160,515],"class_list":{"0":"post-29192","1":"product","2":"type-product","3":"status-publish","4":"has-post-thumbnail","6":"product_brand-obsessive","7":"product_cat-korsetid","8":"product_tag-obsessive","9":"product_tag-obsessive-soranna","10":"pa_suurus-l-xl","11":"pa_suurus-s-m","12":"pa_suurus-xxl-xxxl","13":"pa_varvus-kuldne","15":"first","16":"instock","17":"sold-individually","18":"taxable","19":"shipping-taxable","20":"purchasable","21":"product-type-variable"},"_links":{"self":[{"href":"https:\/\/pesu24.ee\/en\/wp-json\/wp\/v2\/product\/29192","targetHints":{"allow":["GET"]}}],"collection":[{"href":"https:\/\/pesu24.ee\/en\/wp-json\/wp\/v2\/product"}],"about":[{"href":"https:\/\/pesu24.ee\/en\/wp-json\/wp\/v2\/types\/product"}],"replies":[{"embeddable":true,"href":"https:\/\/pesu24.ee\/en\/wp-json\/wp\/v2\/comments?post=29192"}],"wp:featuredmedia":[{"embeddable":true,"href":"https:\/\/pesu24.ee\/en\/wp-json\/wp\/v2\/media\/29197"}],"wp:attachment":[{"href":"https:\/\/pesu24.ee\/en\/wp-json\/wp\/v2\/media?parent=29192"}],"wp:term":[{"taxonomy":"product_brand","embeddable":true,"href":"https:\/\/pesu24.ee\/en\/wp-json\/wp\/v2\/product_brand?post=29192"},{"taxonomy":"product_cat","embeddable":true,"href":"https:\/\/pesu24.ee\/en\/wp-json\/wp\/v2\/product_cat?post=29192"},{"taxonomy":"product_tag","embeddable":true,"href":"https:\/\/pesu24.ee\/en\/wp-json\/wp\/v2\/product_tag?post=29192"}],"curies":[{"name":"wp","href":"https:\/\/api.w.org\/{rel}","templated":true}]}}