{"id":29202,"date":"2025-10-16T13:37:39","date_gmt":"2025-10-16T10:37:39","guid":{"rendered":"https:\/\/pesu24.ee\/?post_type=product&#038;p=29202"},"modified":"2025-10-16T14:09:18","modified_gmt":"2025-10-16T11:09:18","slug":"body-obsessive-rallien","status":"publish","type":"product","link":"https:\/\/pesu24.ee\/en\/bodyd\/body-obsessive-rallien\/","title":{"rendered":"Body Obsessive Rallien"},"content":{"rendered":"<p>Body Obsessive Rallien \u00fchendab sportliku stiili ja julge sensuaalsuse. V\u00f6\u00f6osal olev mustvalge spordilipu motiiv lisab ainulaadset ilmet, samas kui kehasse liibuv l\u00f5ige r\u00f5hutab figuuri ja loob d\u00fcnaamilise silueti.<\/p>\n<p>Reguleeritav seljarihm tagab mugava sobivuse ja t\u00e4iusliku istuvuse. Valmistatud kvaliteetsest ja elastse koostisega kangast (88% pol\u00fcester, 12% elastaan), disainitud Euroopa Liidus.<\/p>\n<div class=\"omadused\">\n<p>Details<\/p>\n<ul>\n<li>komplektis mitmev\u00e4rviline bodym<\/li>\n<li>reguleeritav rihm seljal<\/li>\n<li>kehasse liibuv l\u00f5ige<\/li>\n<li>pehme &amp; elastne kangas (88% pol\u00fcester &amp; 12% elastaan)<\/li>\n<\/ul>\n<\/div>","protected":false},"excerpt":{"rendered":"<p>&#46;&#46;&#46;<\/p>","protected":false},"featured_media":29209,"comment_status":"open","ping_status":"closed","template":"","meta":{"_glsr_average":0,"_glsr_ranking":0,"_glsr_reviews":0},"product_brand":[500],"product_cat":[89],"product_tag":[160],"class_list":{"0":"post-29202","1":"product","2":"type-product","3":"status-publish","4":"has-post-thumbnail","6":"product_brand-obsessive","7":"product_cat-bodyd","8":"product_tag-obsessive","9":"pa_suurus-m-l","10":"pa_suurus-xl-xxl","11":"pa_suurus-xs-s","12":"pa_varvus-kollane","13":"pa_varvus-must","15":"first","16":"instock","17":"sold-individually","18":"taxable","19":"shipping-taxable","20":"purchasable","21":"product-type-variable"},"_links":{"self":[{"href":"https:\/\/pesu24.ee\/en\/wp-json\/wp\/v2\/product\/29202","targetHints":{"allow":["GET"]}}],"collection":[{"href":"https:\/\/pesu24.ee\/en\/wp-json\/wp\/v2\/product"}],"about":[{"href":"https:\/\/pesu24.ee\/en\/wp-json\/wp\/v2\/types\/product"}],"replies":[{"embeddable":true,"href":"https:\/\/pesu24.ee\/en\/wp-json\/wp\/v2\/comments?post=29202"}],"wp:featuredmedia":[{"embeddable":true,"href":"https:\/\/pesu24.ee\/en\/wp-json\/wp\/v2\/media\/29209"}],"wp:attachment":[{"href":"https:\/\/pesu24.ee\/en\/wp-json\/wp\/v2\/media?parent=29202"}],"wp:term":[{"taxonomy":"product_brand","embeddable":true,"href":"https:\/\/pesu24.ee\/en\/wp-json\/wp\/v2\/product_brand?post=29202"},{"taxonomy":"product_cat","embeddable":true,"href":"https:\/\/pesu24.ee\/en\/wp-json\/wp\/v2\/product_cat?post=29202"},{"taxonomy":"product_tag","embeddable":true,"href":"https:\/\/pesu24.ee\/en\/wp-json\/wp\/v2\/product_tag?post=29202"}],"curies":[{"name":"wp","href":"https:\/\/api.w.org\/{rel}","templated":true}]}}