{"id":29213,"date":"2026-04-01T13:52:32","date_gmt":"2026-04-01T11:52:32","guid":{"rendered":"https:\/\/pesu24.ee\/?post_type=product&#038;p=29213"},"modified":"2026-04-02T12:46:59","modified_gmt":"2026-04-02T10:46:59","slug":"oosark-obsessive-euridia","status":"publish","type":"product","link":"https:\/\/pesu24.ee\/en\/oosargid\/oosark-obsessive-euridia\/","title":{"rendered":"\u00d6\u00f6s\u00e4rk Obsessive Euridia"},"content":{"rendered":"<p>\u00d6\u00f6s\u00e4rk Obsessive Euridia \u00fchendab endas mugavuse ja elegantse sensuaalsuse. <\/p>\n<p>Pehme kangas istub kehal kaunilt ja pakub meeldivat kandmismugavust, samal ajal kui roosakuldset tooni detailid ja tugikaartega rinnakorv lisavad luksusliku ilme. Must v\u00e4rv ja peen disain loovad klassikalise, ent pilkup\u00fc\u00fcdva tulemuse.<\/p>\n<p>Reguleeritavad \u00f5lapaelad ja mitmeastmeline kinnitus tagavad ideaalse sobivuse igale kehakujule. Komplekti kuuluvad ka stringid, mis t\u00e4iendavad v\u00e4limust sensuaalse viimistlusega. Valmistatud kvaliteetsest kangast (94% pol\u00fcamiid, 6% elastaan), disainitud Euroopa Liidus.<\/p>\n<div class=\"omadused\">\n<h3>Toote omadused<\/h3>\n<ul>\n<li>komplektis \u00f6\u00f6s\u00e4rk &amp; stringid<\/li>\n<li>mitmeastmeline kinnitus ja reguleeritavad \u00f5lapaelad<\/li>\n<li>tugikaartega rinnahoidja<\/li>\n<li>roosakuldset tooni detailid<\/li>\n<li>nahas\u00f5bralik, pehme kangas (94% pol\u00fcamiid, 6% elastaan), ei sisalda niklit<\/li>\n<\/ul>\n<\/div>","protected":false},"excerpt":{"rendered":"<p>&#46;&#46;&#46;<\/p>","protected":false},"featured_media":31299,"comment_status":"open","ping_status":"closed","template":"","meta":{"_glsr_average":0,"_glsr_ranking":0,"_glsr_reviews":0},"product_brand":[500],"product_cat":[151],"product_tag":[160,516],"class_list":{"0":"post-29213","1":"product","2":"type-product","3":"status-publish","4":"has-post-thumbnail","6":"product_brand-obsessive","7":"product_cat-oosargid","8":"product_tag-obsessive","9":"product_tag-obsessive-euridia","10":"pa_suurus-m-l","11":"pa_suurus-xl-xxl","12":"pa_suurus-xs-s","13":"pa_varvus-must","15":"first","16":"instock","17":"sold-individually","18":"taxable","19":"shipping-taxable","20":"purchasable","21":"product-type-variable"},"_links":{"self":[{"href":"https:\/\/pesu24.ee\/en\/wp-json\/wp\/v2\/product\/29213","targetHints":{"allow":["GET"]}}],"collection":[{"href":"https:\/\/pesu24.ee\/en\/wp-json\/wp\/v2\/product"}],"about":[{"href":"https:\/\/pesu24.ee\/en\/wp-json\/wp\/v2\/types\/product"}],"replies":[{"embeddable":true,"href":"https:\/\/pesu24.ee\/en\/wp-json\/wp\/v2\/comments?post=29213"}],"wp:featuredmedia":[{"embeddable":true,"href":"https:\/\/pesu24.ee\/en\/wp-json\/wp\/v2\/media\/31299"}],"wp:attachment":[{"href":"https:\/\/pesu24.ee\/en\/wp-json\/wp\/v2\/media?parent=29213"}],"wp:term":[{"taxonomy":"product_brand","embeddable":true,"href":"https:\/\/pesu24.ee\/en\/wp-json\/wp\/v2\/product_brand?post=29213"},{"taxonomy":"product_cat","embeddable":true,"href":"https:\/\/pesu24.ee\/en\/wp-json\/wp\/v2\/product_cat?post=29213"},{"taxonomy":"product_tag","embeddable":true,"href":"https:\/\/pesu24.ee\/en\/wp-json\/wp\/v2\/product_tag?post=29213"}],"curies":[{"name":"wp","href":"https:\/\/api.w.org\/{rel}","templated":true}]}}