{"id":29223,"date":"2025-10-16T14:01:32","date_gmt":"2025-10-16T11:01:32","guid":{"rendered":"https:\/\/pesu24.ee\/?post_type=product&#038;p=29223"},"modified":"2025-10-16T14:39:47","modified_gmt":"2025-10-16T11:39:47","slug":"korsett-obsessive-euridia","status":"publish","type":"product","link":"https:\/\/pesu24.ee\/en\/korsetid\/korsett-obsessive-euridia\/","title":{"rendered":"Korsett Obsessive Euridia"},"content":{"rendered":"<p>Korsett Obsessive Euridia \u00fchendab minimalismi ja sensuaalse luksuse. L\u00e4bipaistev must kangas r\u00f5hutab keha vorme, samal ajal kui roosakuldset tooni metallilised detailid ja peened rihmad lisavad pilkup\u00fc\u00fcdvat kontrasti. Avatud rinnaosa toob v\u00e4limusele julge ja v\u00f5rgutava ilme, muutes selle korseti t\u00f5eliselt ainulaadseks.<\/p>\n<p>Reguleeritavad \u00f5la- ja korsettipaelad ning mitmeastmeline haakidega kinnis tagavad mugava ja t\u00e4iusliku istuvuse. Elastne kangas (94% pol\u00fcamiid, 6% elastaan) j\u00e4rgib keha liikumist ja pakub kandmismugavust.<\/p>\n<div class=\"omadused\">\n<p>Details<\/p>\n<ul>\n<li>komplektis korsett &amp; stringid<\/li>\n<li>reguleeritavad \u00f5la- ja sukapaelad<\/li>\n<li>taga mitmeastmeline kinnitus<\/li>\n<li>avatus rinnakorv<\/li>\n<li>mugav kangas (94% pol\u00fcamiid, 6% elastaan)<\/li>\n<li>disainitud Euroopa Liidus<\/li>\n<li>ei sisalda niklit<\/li>\n<\/ul>\n<\/div>","protected":false},"excerpt":{"rendered":"<p>&#46;&#46;&#46;<\/p>","protected":false},"featured_media":29229,"comment_status":"open","ping_status":"closed","template":"","meta":{"_glsr_average":0,"_glsr_ranking":0,"_glsr_reviews":0},"product_brand":[500],"product_cat":[33],"product_tag":[160,516],"class_list":{"0":"post-29223","1":"product","2":"type-product","3":"status-publish","4":"has-post-thumbnail","6":"product_brand-obsessive","7":"product_cat-korsetid","8":"product_tag-obsessive","9":"product_tag-obsessive-euridia","10":"pa_suurus-m-l","11":"pa_suurus-xl-xxl","12":"pa_suurus-xs-s","13":"pa_varvus-must","15":"first","16":"instock","17":"sold-individually","18":"taxable","19":"shipping-taxable","20":"purchasable","21":"product-type-variable"},"_links":{"self":[{"href":"https:\/\/pesu24.ee\/en\/wp-json\/wp\/v2\/product\/29223","targetHints":{"allow":["GET"]}}],"collection":[{"href":"https:\/\/pesu24.ee\/en\/wp-json\/wp\/v2\/product"}],"about":[{"href":"https:\/\/pesu24.ee\/en\/wp-json\/wp\/v2\/types\/product"}],"replies":[{"embeddable":true,"href":"https:\/\/pesu24.ee\/en\/wp-json\/wp\/v2\/comments?post=29223"}],"wp:featuredmedia":[{"embeddable":true,"href":"https:\/\/pesu24.ee\/en\/wp-json\/wp\/v2\/media\/29229"}],"wp:attachment":[{"href":"https:\/\/pesu24.ee\/en\/wp-json\/wp\/v2\/media?parent=29223"}],"wp:term":[{"taxonomy":"product_brand","embeddable":true,"href":"https:\/\/pesu24.ee\/en\/wp-json\/wp\/v2\/product_brand?post=29223"},{"taxonomy":"product_cat","embeddable":true,"href":"https:\/\/pesu24.ee\/en\/wp-json\/wp\/v2\/product_cat?post=29223"},{"taxonomy":"product_tag","embeddable":true,"href":"https:\/\/pesu24.ee\/en\/wp-json\/wp\/v2\/product_tag?post=29223"}],"curies":[{"name":"wp","href":"https:\/\/api.w.org\/{rel}","templated":true}]}}