{"id":29232,"date":"2025-10-16T14:11:38","date_gmt":"2025-10-16T11:11:38","guid":{"rendered":"https:\/\/pesu24.ee\/?post_type=product&#038;p=29232"},"modified":"2025-10-16T14:26:56","modified_gmt":"2025-10-16T11:26:56","slug":"body-obsessive-euridia","status":"publish","type":"product","link":"https:\/\/pesu24.ee\/en\/bodyd\/body-obsessive-euridia\/","title":{"rendered":"Body Obsessive Euridia"},"content":{"rendered":"<p>Body Obsessive Euridia on loodud naisele, kes soovib tunda end enesekindlalt ja eriliselt. L\u00e4bipaistev must kangas koos roosakuldsete detailide ja sensuaalsete l\u00f5igetega toob esile keha loomuliku ilu ja lisab v\u00e4limusele julge puudutuse. Avatud jalgevahe muudab disaini m\u00e4nguliseks ja provokatiivseks, r\u00f5hutades samas naiselikku elegantsi.<\/p>\n<p>Reguleeritavad \u00f5lapaelad ja mitmeastmeline kinnitus tagavad mugava istuvuse, samal ajal kui elastne kangas (94% pol\u00fcamiid, 6% elastaan) kohandub kehaga ja pakub liikumisvabadust.<\/p>\n<div class=\"omadused\">\n<p>Details<\/p>\n<ul>\n<li>komplektis body<\/li>\n<li>avatud rinnakorv &amp; jalge vahe<\/li>\n<li>reguleeritavad \u00f5lapaelad<\/li>\n<li>taga mitmeastmeline kinnitus<\/li>\n<li>mugav kangas (94% pol\u00fcamiid, 6% elastaan)<\/li>\n<li>disainitud Euroopa Liidus<\/li>\n<li>ei sisalda niklit<\/li>\n<\/ul>\n<\/div>","protected":false},"excerpt":{"rendered":"<p>&#46;&#46;&#46;<\/p>","protected":false},"featured_media":29239,"comment_status":"open","ping_status":"closed","template":"","meta":{"_glsr_average":0,"_glsr_ranking":0,"_glsr_reviews":0},"product_brand":[500],"product_cat":[89],"product_tag":[160,516],"class_list":{"0":"post-29232","1":"product","2":"type-product","3":"status-publish","4":"has-post-thumbnail","6":"product_brand-obsessive","7":"product_cat-bodyd","8":"product_tag-obsessive","9":"product_tag-obsessive-euridia","10":"pa_suurus-m-l","11":"pa_suurus-xl-xxl","12":"pa_suurus-xs-s","13":"pa_varvus-must","15":"first","16":"instock","17":"sold-individually","18":"taxable","19":"shipping-taxable","20":"purchasable","21":"product-type-variable"},"_links":{"self":[{"href":"https:\/\/pesu24.ee\/en\/wp-json\/wp\/v2\/product\/29232","targetHints":{"allow":["GET"]}}],"collection":[{"href":"https:\/\/pesu24.ee\/en\/wp-json\/wp\/v2\/product"}],"about":[{"href":"https:\/\/pesu24.ee\/en\/wp-json\/wp\/v2\/types\/product"}],"replies":[{"embeddable":true,"href":"https:\/\/pesu24.ee\/en\/wp-json\/wp\/v2\/comments?post=29232"}],"wp:featuredmedia":[{"embeddable":true,"href":"https:\/\/pesu24.ee\/en\/wp-json\/wp\/v2\/media\/29239"}],"wp:attachment":[{"href":"https:\/\/pesu24.ee\/en\/wp-json\/wp\/v2\/media?parent=29232"}],"wp:term":[{"taxonomy":"product_brand","embeddable":true,"href":"https:\/\/pesu24.ee\/en\/wp-json\/wp\/v2\/product_brand?post=29232"},{"taxonomy":"product_cat","embeddable":true,"href":"https:\/\/pesu24.ee\/en\/wp-json\/wp\/v2\/product_cat?post=29232"},{"taxonomy":"product_tag","embeddable":true,"href":"https:\/\/pesu24.ee\/en\/wp-json\/wp\/v2\/product_tag?post=29232"}],"curies":[{"name":"wp","href":"https:\/\/api.w.org\/{rel}","templated":true}]}}