{"id":29247,"date":"2025-10-16T14:21:18","date_gmt":"2025-10-16T11:21:18","guid":{"rendered":"https:\/\/pesu24.ee\/?post_type=product&#038;p=29247"},"modified":"2025-10-16T14:41:34","modified_gmt":"2025-10-16T11:41:34","slug":"2-osaline-avatud-pesukomplekt-obsessive-euridia","status":"publish","type":"product","link":"https:\/\/pesu24.ee\/en\/pesukomplektid\/2-osaline-avatud-pesukomplekt-obsessive-euridia\/","title":{"rendered":"2-osaline avatud pesukomplekt Obsessive Euridia"},"content":{"rendered":"<p>2-osaline avatud pesukomplekt Obsessive Euridia on loodud naistele, kes armastavad enesekindlalt esile tulla. Komplekt koosneb tugikaartega rinnahoidjast ja avatud jalgevahega stringidest, mis toovad esile keha loomuliku ilu ja lisavad v\u00e4limusele julget sensuaalsust. Roosakuldsed detailid lisavad luksuslikku s\u00e4ra ja muudavad komplekti pilkup\u00fc\u00fcdvaks.<\/p>\n<p>Reguleeritavad \u00f5lapaelad ja kinnitus tagavad t\u00e4iusliku istuvuse ning elastne kangas (94% pol\u00fcamiid, 6% elastaan) j\u00e4rgib keha liikumist, pakkudes kandmismugavust. Obsessive Euridia on ideaalne valik, kui soovid tunda end m\u00e4nguliselt, sensuaalselt ja t\u00f5eliselt ainulaadsena.<\/p>\n<div class=\"omadused\">\n<p>Details<\/p>\n<ul>\n<li>komplektis rinnahoidja &amp; stringid<\/li>\n<li>avatud rinnakorv &amp; jalgevahe<\/li>\n<li>reguleeritavad \u00f5lapaelad<\/li>\n<li>rinnakorvil tugikaared<\/li>\n<li>taga mitmeastmeline kinnitus<\/li>\n<li>mugav kangas (94% pol\u00fcamiid, 6% elastaan)<\/li>\n<li>disainitud Euroopa Liidus<\/li>\n<li>ei sisalda niklit<\/li>\n<\/ul>\n<\/div>","protected":false},"excerpt":{"rendered":"<p>&#46;&#46;&#46;<\/p>","protected":false},"featured_media":29253,"comment_status":"open","ping_status":"closed","template":"","meta":{"_glsr_average":0,"_glsr_ranking":0,"_glsr_reviews":0},"product_brand":[500],"product_cat":[16],"product_tag":[160,516],"class_list":{"0":"post-29247","1":"product","2":"type-product","3":"status-publish","4":"has-post-thumbnail","6":"product_brand-obsessive","7":"product_cat-pesukomplektid","8":"product_tag-obsessive","9":"product_tag-obsessive-euridia","10":"pa_suurus-m-l","11":"pa_suurus-xl-xxl","12":"pa_suurus-xs-s","13":"pa_varvus-must","15":"first","16":"instock","17":"sold-individually","18":"taxable","19":"shipping-taxable","20":"purchasable","21":"product-type-variable"},"_links":{"self":[{"href":"https:\/\/pesu24.ee\/en\/wp-json\/wp\/v2\/product\/29247","targetHints":{"allow":["GET"]}}],"collection":[{"href":"https:\/\/pesu24.ee\/en\/wp-json\/wp\/v2\/product"}],"about":[{"href":"https:\/\/pesu24.ee\/en\/wp-json\/wp\/v2\/types\/product"}],"replies":[{"embeddable":true,"href":"https:\/\/pesu24.ee\/en\/wp-json\/wp\/v2\/comments?post=29247"}],"wp:featuredmedia":[{"embeddable":true,"href":"https:\/\/pesu24.ee\/en\/wp-json\/wp\/v2\/media\/29253"}],"wp:attachment":[{"href":"https:\/\/pesu24.ee\/en\/wp-json\/wp\/v2\/media?parent=29247"}],"wp:term":[{"taxonomy":"product_brand","embeddable":true,"href":"https:\/\/pesu24.ee\/en\/wp-json\/wp\/v2\/product_brand?post=29247"},{"taxonomy":"product_cat","embeddable":true,"href":"https:\/\/pesu24.ee\/en\/wp-json\/wp\/v2\/product_cat?post=29247"},{"taxonomy":"product_tag","embeddable":true,"href":"https:\/\/pesu24.ee\/en\/wp-json\/wp\/v2\/product_tag?post=29247"}],"curies":[{"name":"wp","href":"https:\/\/api.w.org\/{rel}","templated":true}]}}