{"id":29256,"date":"2025-10-16T14:27:36","date_gmt":"2025-10-16T11:27:36","guid":{"rendered":"https:\/\/pesu24.ee\/?post_type=product&#038;p=29256"},"modified":"2025-10-16T14:42:17","modified_gmt":"2025-10-16T11:42:17","slug":"2-osaline-pesukomplekt-obsessive-euridia","status":"publish","type":"product","link":"https:\/\/pesu24.ee\/en\/pesukomplektid\/2-osaline-pesukomplekt-obsessive-euridia\/","title":{"rendered":"2-osaline pesukomplekt Obsessive Euridia"},"content":{"rendered":"<p>2-osaline pesukomplekt Obsessive Euridia on loodud naistele, kes ei tee kompromisse. Mustad rihmad loovad geomeetrilisi mustreid, mis paljastavad keha julgesti ja loovad pilkup\u00fc\u00fcdva, julge v\u00e4limuse. Komplekti kuuluvad rinnahoidja ja p\u00fcksikud, mis r\u00f5hutavad figuuri ja toovad esile naiseliku silueti.<\/p>\n<p>V\u00fcrtsikad paelad reite \u00fcmber lisavad m\u00e4ngulisust, samas kui roosakuldsed detailid annavad luksusliku puudutuse. Reguleeritavad rihmad ja elastne kangas (94% pol\u00fcamiid, 6% elastaan) tagavad mugava ja t\u00e4iusliku istuvuse.<\/p>\n<div class=\"omadused\">\n<p>Details<\/p>\n<ul>\n<li>komplektis rinnahoidja &amp; p\u00fcksikud<\/li>\n<li>reguleeritavad \u00f5lapaelad<\/li>\n<li>rinnakorvil tugikaared<\/li>\n<li>taga mitmeastmeline kinnitus<\/li>\n<li>mugav kangas (94% pol\u00fcamiid, 6% elastaan)<\/li>\n<li>disainitud Euroopa Liidus<\/li>\n<li>ei sisalda niklit<\/li>\n<\/ul>\n<\/div>","protected":false},"excerpt":{"rendered":"<p>&#46;&#46;&#46;<\/p>","protected":false},"featured_media":29262,"comment_status":"open","ping_status":"closed","template":"","meta":{"_glsr_average":0,"_glsr_ranking":0,"_glsr_reviews":0},"product_brand":[500],"product_cat":[16],"product_tag":[160,516],"class_list":{"0":"post-29256","1":"product","2":"type-product","3":"status-publish","4":"has-post-thumbnail","6":"product_brand-obsessive","7":"product_cat-pesukomplektid","8":"product_tag-obsessive","9":"product_tag-obsessive-euridia","10":"pa_suurus-m-l","11":"pa_suurus-xl-xxl","12":"pa_suurus-xs-s","13":"pa_varvus-must","15":"first","16":"instock","17":"sold-individually","18":"taxable","19":"shipping-taxable","20":"purchasable","21":"product-type-variable"},"_links":{"self":[{"href":"https:\/\/pesu24.ee\/en\/wp-json\/wp\/v2\/product\/29256","targetHints":{"allow":["GET"]}}],"collection":[{"href":"https:\/\/pesu24.ee\/en\/wp-json\/wp\/v2\/product"}],"about":[{"href":"https:\/\/pesu24.ee\/en\/wp-json\/wp\/v2\/types\/product"}],"replies":[{"embeddable":true,"href":"https:\/\/pesu24.ee\/en\/wp-json\/wp\/v2\/comments?post=29256"}],"wp:featuredmedia":[{"embeddable":true,"href":"https:\/\/pesu24.ee\/en\/wp-json\/wp\/v2\/media\/29262"}],"wp:attachment":[{"href":"https:\/\/pesu24.ee\/en\/wp-json\/wp\/v2\/media?parent=29256"}],"wp:term":[{"taxonomy":"product_brand","embeddable":true,"href":"https:\/\/pesu24.ee\/en\/wp-json\/wp\/v2\/product_brand?post=29256"},{"taxonomy":"product_cat","embeddable":true,"href":"https:\/\/pesu24.ee\/en\/wp-json\/wp\/v2\/product_cat?post=29256"},{"taxonomy":"product_tag","embeddable":true,"href":"https:\/\/pesu24.ee\/en\/wp-json\/wp\/v2\/product_tag?post=29256"}],"curies":[{"name":"wp","href":"https:\/\/api.w.org\/{rel}","templated":true}]}}