{"id":29264,"date":"2025-10-16T14:32:14","date_gmt":"2025-10-16T11:32:14","guid":{"rendered":"https:\/\/pesu24.ee\/?post_type=product&#038;p=29264"},"modified":"2026-02-19T12:51:34","modified_gmt":"2026-02-19T10:51:34","slug":"stringid-obsessive-euridia","status":"publish","type":"product","link":"https:\/\/pesu24.ee\/en\/stringid-puksikud\/stringid-obsessive-euridia\/","title":{"rendered":"Stringid Obsessive Euridia"},"content":{"rendered":"<p>Stringid Obsessive Euridia on loodud naistele, kes hindavad julget ja stiilset v\u00e4limust. Kergelt l\u00e4bipaistev must kangas koos sensuaalsete rihmadega loob pilkup\u00fc\u00fcdva mustri, mis r\u00f5hutab keha loomulikku ilu ja tagumikku, lisades komplektile m\u00e4ngulisust ja elegantsi.<\/p>\n<p>Roosakuldsed detailid annavad luksusliku viimistluse ning elastne kangas (94% pol\u00fcamiid, 6% elastaan) tagab mugava istuvuse ja liikumisvabaduse. Obsessive Euridia stringid on t\u00e4iuslik t\u00e4iendus pesukomplektile v\u00f5i eraldi kandmiseks, kui soovid tunda end sensuaalselt ja enesekindlalt.<\/p>\n<div class=\"omadused\">\n<p>Details<\/p>\n<ul>\n<li>komplektis stringid<\/li>\n<li>roosakaskuldsed detailid<\/li>\n<li>l\u00e4bipaistev &amp; mugav kangas (94% pol\u00fcamiid, 6% elastaan)<\/li>\n<li>disainitud Euroopa Liidus<\/li>\n<li>ei sisalda niklit<\/li>\n<\/ul>\n<\/div>","protected":false},"excerpt":{"rendered":"<p>&#46;&#46;&#46;<\/p>","protected":false},"featured_media":29272,"comment_status":"open","ping_status":"closed","template":"","meta":{"_glsr_average":0,"_glsr_ranking":0,"_glsr_reviews":0},"product_brand":[500],"product_cat":[385],"product_tag":[160,516],"class_list":{"0":"post-29264","1":"product","2":"type-product","3":"status-publish","4":"has-post-thumbnail","6":"product_brand-obsessive","7":"product_cat-stringid-puksikud","8":"product_tag-obsessive","9":"product_tag-obsessive-euridia","10":"pa_suurus-m-l","11":"pa_suurus-xl-xxl","12":"pa_suurus-xs-s","13":"pa_varvus-must","15":"first","16":"instock","17":"sold-individually","18":"taxable","19":"shipping-taxable","20":"purchasable","21":"product-type-variable"},"_links":{"self":[{"href":"https:\/\/pesu24.ee\/en\/wp-json\/wp\/v2\/product\/29264","targetHints":{"allow":["GET"]}}],"collection":[{"href":"https:\/\/pesu24.ee\/en\/wp-json\/wp\/v2\/product"}],"about":[{"href":"https:\/\/pesu24.ee\/en\/wp-json\/wp\/v2\/types\/product"}],"replies":[{"embeddable":true,"href":"https:\/\/pesu24.ee\/en\/wp-json\/wp\/v2\/comments?post=29264"}],"wp:featuredmedia":[{"embeddable":true,"href":"https:\/\/pesu24.ee\/en\/wp-json\/wp\/v2\/media\/29272"}],"wp:attachment":[{"href":"https:\/\/pesu24.ee\/en\/wp-json\/wp\/v2\/media?parent=29264"}],"wp:term":[{"taxonomy":"product_brand","embeddable":true,"href":"https:\/\/pesu24.ee\/en\/wp-json\/wp\/v2\/product_brand?post=29264"},{"taxonomy":"product_cat","embeddable":true,"href":"https:\/\/pesu24.ee\/en\/wp-json\/wp\/v2\/product_cat?post=29264"},{"taxonomy":"product_tag","embeddable":true,"href":"https:\/\/pesu24.ee\/en\/wp-json\/wp\/v2\/product_tag?post=29264"}],"curies":[{"name":"wp","href":"https:\/\/api.w.org\/{rel}","templated":true}]}}