{"id":29435,"date":"2026-02-12T00:15:45","date_gmt":"2026-02-11T22:15:45","guid":{"rendered":"https:\/\/pesu24.ee\/?post_type=product&#038;p=29435"},"modified":"2026-02-12T13:08:34","modified_gmt":"2026-02-12T11:08:34","slug":"body-obsessive-dominna","status":"publish","type":"product","link":"https:\/\/pesu24.ee\/en\/bodyd\/body-obsessive-dominna\/","title":{"rendered":"Body Obsessive Dominna"},"content":{"rendered":"<p>Wet-look stiilis avatud jalgevahega body Obsessive Dominna. Komplektis bodi. Tootefotodel olev seelik ja sukad komplekti ei kuulu. Sobilikud sukad leiab meie <a href=\"https:\/\/pesu24.ee\/en\/sukad\/\">sukkade kategooriast<\/a>. <\/p>\n<p><span style=\"color: #a68d03;\"><strong>Details<\/strong><\/span><\/p>\n<div class=\"omadused\">\n<ul>\n<li>komplektis body<\/li>\n<li>avatud jalgevahega<\/li>\n<li>reguleeritav kaelarihm<\/li>\n<li>nahka meenutav kangas &amp; l\u00e4bipaistev v\u00f5rk<\/li>\n<li>v\u00f6\u00f6kohal ja puusadel r\u00f5hutavad rihmad<\/li>\n<li>dekoratiivsed rihmad dekolteel ja puusadel<\/li>\n<li>kangas 1: 100% pol\u00fcuretaan; kangas 2: 76% pol\u00fcamiid, 24% elastaan<\/li>\n<\/ul>\n<\/div>","protected":false},"excerpt":{"rendered":"<p>&#46;&#46;&#46;<\/p>","protected":false},"featured_media":30835,"comment_status":"open","ping_status":"closed","template":"","meta":{"_glsr_average":0,"_glsr_ranking":0,"_glsr_reviews":0},"product_brand":[500],"product_cat":[89],"product_tag":[160,518],"class_list":{"0":"post-29435","1":"product","2":"type-product","3":"status-publish","4":"has-post-thumbnail","6":"product_brand-obsessive","7":"product_cat-bodyd","8":"product_tag-obsessive","9":"product_tag-obsessive-dominna","10":"pa_suurus-l-xl","11":"pa_suurus-s-m","12":"pa_suurus-xxl-xxxl","13":"pa_varvus-must","15":"first","16":"instock","17":"sold-individually","18":"taxable","19":"shipping-taxable","20":"purchasable","21":"product-type-variable"},"_links":{"self":[{"href":"https:\/\/pesu24.ee\/en\/wp-json\/wp\/v2\/product\/29435","targetHints":{"allow":["GET"]}}],"collection":[{"href":"https:\/\/pesu24.ee\/en\/wp-json\/wp\/v2\/product"}],"about":[{"href":"https:\/\/pesu24.ee\/en\/wp-json\/wp\/v2\/types\/product"}],"replies":[{"embeddable":true,"href":"https:\/\/pesu24.ee\/en\/wp-json\/wp\/v2\/comments?post=29435"}],"wp:featuredmedia":[{"embeddable":true,"href":"https:\/\/pesu24.ee\/en\/wp-json\/wp\/v2\/media\/30835"}],"wp:attachment":[{"href":"https:\/\/pesu24.ee\/en\/wp-json\/wp\/v2\/media?parent=29435"}],"wp:term":[{"taxonomy":"product_brand","embeddable":true,"href":"https:\/\/pesu24.ee\/en\/wp-json\/wp\/v2\/product_brand?post=29435"},{"taxonomy":"product_cat","embeddable":true,"href":"https:\/\/pesu24.ee\/en\/wp-json\/wp\/v2\/product_cat?post=29435"},{"taxonomy":"product_tag","embeddable":true,"href":"https:\/\/pesu24.ee\/en\/wp-json\/wp\/v2\/product_tag?post=29435"}],"curies":[{"name":"wp","href":"https:\/\/api.w.org\/{rel}","templated":true}]}}