{"id":29494,"date":"2025-12-19T11:00:39","date_gmt":"2025-12-19T08:00:39","guid":{"rendered":"https:\/\/pesu24.ee\/?post_type=product&#038;p=29494"},"modified":"2026-01-01T12:28:22","modified_gmt":"2026-01-01T09:28:22","slug":"puksikud-axami-v-10263","status":"publish","type":"product","link":"https:\/\/pesu24.ee\/en\/stringid-puksikud\/puksikud-axami-v-10263\/","title":{"rendered":"P\u00fcksikud Axami V-10263"},"content":{"rendered":"<p>Axami pesubr\u00e4ndi fuksia p\u00fcksikud. V\u00e4ga kvaliteetsest materjalist, luksuslik br\u00e4nd. Tootefotodel olevad <a href=\"https:\/\/pesu24.ee\/en\/topid-rinnahoidjad\/push-up-rinnahoidja-axami-v-10261\/\" target=\"_blank\" rel=\"noopener\">Axami V-10621 rinnahoidja<\/a> komplekti ei kuulu ja tuleb eraldi osta.<\/p>\n<p><span style=\"color: #a68d03;\"><strong>Details<\/strong><\/span><\/p>\n<div class=\"omadused\">\n<p>See toode sisaldab ja eri\u00e4rasused:<\/p>\n<ul>\n<li>komplektis <span style=\"text-decoration: underline;\">ainult<\/span> p\u00fcksikud &#8211; tootefotodel olev <a href=\"https:\/\/pesu24.ee\/en\/topid-rinnahoidjad\/push-up-rinnahoidja-axami-v-10261\/\" target=\"_blank\" rel=\"noopener\">Axami V-10621 rinnahoidja<\/a> tuleb eraldi osta.<\/li>\n<li>valmistatud pehmest t\u00fcllist, mida v\u00e4ga mugav kanda.<\/li>\n<li>s\u00e4rava ja silmatorkava tikandiga viimistletud.<\/li>\n<li>klassikalise ja innovaatilise disaini kombinatsioon.<\/li>\n<li>elegantsed, sobivad eriliseks s\u00fcndmuseks.<\/li>\n<li>ahvatlevad ja mugavad igap\u00e4evaseks kandmiseks.<\/li>\n<li>v\u00e4rvus roosa.<\/li>\n<li>84% pol\u00fcamiid, 6% puuvill, 6% pol\u00fcester ja 4% elastaan.<\/li>\n<\/ul>\n<\/div>\n<h2>Selle tootega sobivad kokku<\/h2>\n<p>Selle tootega sobib kokku tootefotodel olev rinnahoidja V-10261.<\/p>\n<div class=\"woocommerce columns-3\"><ul class=\"products columns-3\">\n<li class=\"product type-product post-29841 status-publish first instock product_cat-topid-rinnahoidjad has-post-thumbnail sold-individually taxable shipping-taxable purchasable product-type-variable woovr-active woovr-show-price\">\n\t<a href=\"https:\/\/pesu24.ee\/en\/topid-rinnahoidjad\/push-up-rinnahoidja-axami-v-10261\/\" class=\"woocommerce-LoopProduct-link woocommerce-loop-product__link\"><img loading=\"lazy\" decoding=\"async\" width=\"300\" height=\"450\" src=\"https:\/\/pesu24.ee\/wp-content\/uploads\/2025\/11\/59fd1307-d7f5-4074-8c5a-7ccad754d829_0-300x450.jpg\" class=\"attachment-woocommerce_thumbnail size-woocommerce_thumbnail\" alt=\"Push-up rinnahoidja Axami V-10261\" srcset=\"https:\/\/pesu24.ee\/wp-content\/uploads\/2025\/11\/59fd1307-d7f5-4074-8c5a-7ccad754d829_0-300x450.jpg 300w, https:\/\/pesu24.ee\/wp-content\/uploads\/2025\/11\/59fd1307-d7f5-4074-8c5a-7ccad754d829_0-200x300.jpg 200w, https:\/\/pesu24.ee\/wp-content\/uploads\/2025\/11\/59fd1307-d7f5-4074-8c5a-7ccad754d829_0-8x12.jpg 8w, https:\/\/pesu24.ee\/wp-content\/uploads\/2025\/11\/59fd1307-d7f5-4074-8c5a-7ccad754d829_0.jpg 600w\" sizes=\"auto, (max-width: 300px) 100vw, 300px\" \/><div class=\"product-badges\">  <span class=\"badge badge--stock\"><span class=\"dot\" aria-hidden=\"true\"><\/span>Laos<\/span>  <span class=\"badge badge--ship\">\n            <svg class=\"truck\" viewbox=\"0 0 24 16\" width=\"16\" height=\"12\" aria-hidden=\"true\" focusable=\"false\">\n              <path fill=\"currentColor\" d=\"M1 3h12v7H1zM13 5h5l3 3v2h-8z\"\/>\n              <circle cx=\"6\" cy=\"12.5\" r=\"2.5\" fill=\"currentColor\"\/>\n              <circle cx=\"16\" cy=\"12.5\" r=\"2.5\" fill=\"currentColor\"\/>\n            <\/svg>\n            Tasuta tarne\n          <\/span><\/div><h2 class=\"woocommerce-loop-product__title\">Push-up rinnahoidja Axami V-10261<\/h2>\n\t<span class=\"price\"><span class=\"woocommerce-Price-amount amount\"><bdi><span class=\"woocommerce-Price-currencySymbol\">&euro;<\/span>74.<span class=\"price-cents\">90<\/span><\/bdi><\/span><\/span>\n<\/a><a class=\"mw-size-hints mw-loop\" href=\"https:\/\/pesu24.ee\/en\/topid-rinnahoidjad\/push-up-rinnahoidja-axami-v-10261\/\" aria-label=\"Push-up rinnahoidja Axami V-10261 \u2013 vali suurus\"><div class=\"mw-sizes-line\"><span class=\"mw-sizes-label\">Rinnahoidja suurus:<\/span> <span class=\"mw-sizes\"><span class=\"mw-size-badge\">75C<\/span> <span class=\"mw-size-badge\">80B<\/span> <span class=\"mw-size-badge\">80C<\/span> <span class=\"mw-size-badge\">85B<\/span> <span class=\"mw-size-badge\">85C<\/span><\/span><\/div><\/a><a href=\"https:\/\/pesu24.ee\/en\/topid-rinnahoidjad\/push-up-rinnahoidja-axami-v-10261\/\" aria-describedby=\"woocommerce_loop_add_to_cart_link_describedby_29841\" data-quantity=\"1\" class=\"button product_type_variable add_to_cart_button\" data-product_id=\"29841\" data-product_sku=\"\" aria-label=\"Select options for \u201cPush-up rinnahoidja Axami V-10261\u201d\" rel=\"nofollow\" data-no-translation-aria-label=\"\">Select size<\/a>\t<span id=\"woocommerce_loop_add_to_cart_link_describedby_29841\" class=\"screen-reader-text\">\n\t\tThis product has multiple variants. The options may be chosen on the product page\t<\/span>\n<\/li>\n<\/ul>\n<\/div>","protected":false},"excerpt":{"rendered":"<p>&#46;&#46;&#46;<\/p>","protected":false},"featured_media":29508,"comment_status":"open","ping_status":"closed","template":"","meta":{"_glsr_average":0,"_glsr_ranking":0,"_glsr_reviews":0},"product_brand":[502],"product_cat":[385],"product_tag":[],"class_list":{"0":"post-29494","1":"product","2":"type-product","3":"status-publish","4":"has-post-thumbnail","6":"product_brand-axami","7":"product_cat-stringid-puksikud","8":"pa_suurus-l","9":"pa_suurus-m","10":"pa_suurus-s","11":"pa_suurus-xl","12":"pa_varvus-roosa","14":"first","15":"instock","16":"sold-individually","17":"taxable","18":"shipping-taxable","19":"purchasable","20":"product-type-variable"},"_links":{"self":[{"href":"https:\/\/pesu24.ee\/en\/wp-json\/wp\/v2\/product\/29494","targetHints":{"allow":["GET"]}}],"collection":[{"href":"https:\/\/pesu24.ee\/en\/wp-json\/wp\/v2\/product"}],"about":[{"href":"https:\/\/pesu24.ee\/en\/wp-json\/wp\/v2\/types\/product"}],"replies":[{"embeddable":true,"href":"https:\/\/pesu24.ee\/en\/wp-json\/wp\/v2\/comments?post=29494"}],"wp:featuredmedia":[{"embeddable":true,"href":"https:\/\/pesu24.ee\/en\/wp-json\/wp\/v2\/media\/29508"}],"wp:attachment":[{"href":"https:\/\/pesu24.ee\/en\/wp-json\/wp\/v2\/media?parent=29494"}],"wp:term":[{"taxonomy":"product_brand","embeddable":true,"href":"https:\/\/pesu24.ee\/en\/wp-json\/wp\/v2\/product_brand?post=29494"},{"taxonomy":"product_cat","embeddable":true,"href":"https:\/\/pesu24.ee\/en\/wp-json\/wp\/v2\/product_cat?post=29494"},{"taxonomy":"product_tag","embeddable":true,"href":"https:\/\/pesu24.ee\/en\/wp-json\/wp\/v2\/product_tag?post=29494"}],"curies":[{"name":"wp","href":"https:\/\/api.w.org\/{rel}","templated":true}]}}