{"id":29525,"date":"2025-11-13T12:14:10","date_gmt":"2025-11-13T09:14:10","guid":{"rendered":"https:\/\/pesu24.ee\/?post_type=product&#038;p=29525"},"modified":"2025-12-03T14:03:51","modified_gmt":"2025-12-03T11:03:51","slug":"stringid-axami-v-11075","status":"publish","type":"product","link":"https:\/\/pesu24.ee\/en\/stringid-puksikud\/stringid-axami-v-11075\/","title":{"rendered":"Stringid Axami V-11075"},"content":{"rendered":"<div class=\"omadused\">\n<p>Details<\/p>\n<ul>\n<li>Elegantne ja minimalistlik Brasiilia t\u00fc\u00fcpi stringid<\/li>\n<li>Valmistatud pooll\u00e4bipaistvast bee\u017eist &#038;  v\u00f5rgust<\/li>\n<li>Kaunistatud peente mustade triipudega mustriga<\/li>\n<li>Mugav lai elastik v\u00f6\u00f6kohal<\/li>\n<li>Tagak\u00fclg valmistatud topeltvolditud mustast t\u00fcllist<\/li>\n<\/ul>\n<\/div>\n<h2>Selle tootega sobivad kokku<\/h2>\n<div class=\"woocommerce columns-3\"><ul class=\"products columns-3\">\n<li class=\"product type-product post-29779 status-publish first instock product_cat-topid-rinnahoidjad has-post-thumbnail sold-individually taxable shipping-taxable purchasable product-type-variable woovr-active woovr-show-price\">\n\t<a href=\"https:\/\/pesu24.ee\/en\/topid-rinnahoidjad\/rinnahoidja-axami-v-11071\/\" class=\"woocommerce-LoopProduct-link woocommerce-loop-product__link\"><img loading=\"lazy\" decoding=\"async\" width=\"300\" height=\"450\" src=\"https:\/\/pesu24.ee\/wp-content\/uploads\/2025\/11\/e146a63a-e08e-4efd-b0a3-07341e790e56_0-300x450.jpg\" class=\"attachment-woocommerce_thumbnail size-woocommerce_thumbnail\" alt=\"Rinnahoidja Axami V-11071\" srcset=\"https:\/\/pesu24.ee\/wp-content\/uploads\/2025\/11\/e146a63a-e08e-4efd-b0a3-07341e790e56_0-300x450.jpg 300w, https:\/\/pesu24.ee\/wp-content\/uploads\/2025\/11\/e146a63a-e08e-4efd-b0a3-07341e790e56_0-200x300.jpg 200w, https:\/\/pesu24.ee\/wp-content\/uploads\/2025\/11\/e146a63a-e08e-4efd-b0a3-07341e790e56_0-8x12.jpg 8w, https:\/\/pesu24.ee\/wp-content\/uploads\/2025\/11\/e146a63a-e08e-4efd-b0a3-07341e790e56_0.jpg 600w\" sizes=\"auto, (max-width: 300px) 100vw, 300px\" \/><div class=\"product-badges\">  <span class=\"badge badge--stock\"><span class=\"dot\" aria-hidden=\"true\"><\/span>Laos<\/span><\/div><h2 class=\"woocommerce-loop-product__title\">Rinnahoidja Axami V-11071<\/h2>\n\t<span class=\"price\"><span class=\"woocommerce-Price-amount amount\"><bdi><span class=\"woocommerce-Price-currencySymbol\">&euro;<\/span>49.<span class=\"price-cents\">90<\/span><\/bdi><\/span><\/span>\n<\/a><a class=\"mw-size-hints mw-loop\" href=\"https:\/\/pesu24.ee\/en\/topid-rinnahoidjad\/rinnahoidja-axami-v-11071\/\" aria-label=\"Rinnahoidja Axami V-11071 \u2013 vali suurus\"><div class=\"mw-sizes-line\"><span class=\"mw-sizes-label\">Rinnahoidja suurus:<\/span> <span class=\"mw-sizes\"><span class=\"mw-size-badge\">75B<\/span> <span class=\"mw-size-badge\">75C<\/span> <span class=\"mw-size-badge\">80B<\/span> <span class=\"mw-size-badge\">80C<\/span> <span class=\"mw-size-badge\">85B<\/span> <span class=\"mw-size-badge\">85C<\/span><\/span><\/div><\/a><a href=\"https:\/\/pesu24.ee\/en\/topid-rinnahoidjad\/rinnahoidja-axami-v-11071\/\" aria-describedby=\"woocommerce_loop_add_to_cart_link_describedby_29779\" data-quantity=\"1\" class=\"button product_type_variable add_to_cart_button\" data-product_id=\"29779\" data-product_sku=\"\" aria-label=\"Select options for \u201cRinnahoidja Axami V-11071\u201d\" rel=\"nofollow\" data-no-translation-aria-label=\"\">Select size<\/a>\t<span id=\"woocommerce_loop_add_to_cart_link_describedby_29779\" class=\"screen-reader-text\">\n\t\tThis product has multiple variants. The options may be chosen on the product page\t<\/span>\n<\/li>\n<\/ul>\n<\/div>","protected":false},"excerpt":{"rendered":"<p>&#46;&#46;&#46;<\/p>","protected":false},"featured_media":29533,"comment_status":"open","ping_status":"closed","template":"","meta":{"_glsr_average":0,"_glsr_ranking":0,"_glsr_reviews":0},"product_brand":[502],"product_cat":[385],"product_tag":[],"class_list":{"0":"post-29525","1":"product","2":"type-product","3":"status-publish","4":"has-post-thumbnail","6":"product_brand-axami","7":"product_cat-stringid-puksikud","8":"pa_suurus-l","9":"pa_suurus-m","10":"pa_suurus-s","11":"pa_suurus-xl","12":"pa_varvus-beez","13":"pa_varvus-must","15":"first","16":"instock","17":"sold-individually","18":"taxable","19":"shipping-taxable","20":"purchasable","21":"product-type-variable"},"_links":{"self":[{"href":"https:\/\/pesu24.ee\/en\/wp-json\/wp\/v2\/product\/29525","targetHints":{"allow":["GET"]}}],"collection":[{"href":"https:\/\/pesu24.ee\/en\/wp-json\/wp\/v2\/product"}],"about":[{"href":"https:\/\/pesu24.ee\/en\/wp-json\/wp\/v2\/types\/product"}],"replies":[{"embeddable":true,"href":"https:\/\/pesu24.ee\/en\/wp-json\/wp\/v2\/comments?post=29525"}],"wp:featuredmedia":[{"embeddable":true,"href":"https:\/\/pesu24.ee\/en\/wp-json\/wp\/v2\/media\/29533"}],"wp:attachment":[{"href":"https:\/\/pesu24.ee\/en\/wp-json\/wp\/v2\/media?parent=29525"}],"wp:term":[{"taxonomy":"product_brand","embeddable":true,"href":"https:\/\/pesu24.ee\/en\/wp-json\/wp\/v2\/product_brand?post=29525"},{"taxonomy":"product_cat","embeddable":true,"href":"https:\/\/pesu24.ee\/en\/wp-json\/wp\/v2\/product_cat?post=29525"},{"taxonomy":"product_tag","embeddable":true,"href":"https:\/\/pesu24.ee\/en\/wp-json\/wp\/v2\/product_tag?post=29525"}],"curies":[{"name":"wp","href":"https:\/\/api.w.org\/{rel}","templated":true}]}}