{"id":29551,"date":"2026-03-05T15:00:06","date_gmt":"2026-03-05T13:00:06","guid":{"rendered":"https:\/\/pesu24.ee\/?post_type=product&#038;p=29551"},"modified":"2026-03-05T16:31:54","modified_gmt":"2026-03-05T14:31:54","slug":"stringid-axami-v-10258","status":"publish","type":"product","link":"https:\/\/pesu24.ee\/en\/stringid-puksikud\/stringid-axami-v-10258\/","title":{"rendered":"Stringid Axami V-10258"},"content":{"rendered":"<div class=\"omadused\">\n<p>Details<\/p>\n<ul>\n<li>V\u00f5luvad stringid fuksia toonis<\/li>\n<li>S\u00e4ravad pitsisisud, \u00fcmbritsetud pehme pooll\u00e4bipaistva t\u00fclliga<\/li>\n<li>Mugav ja pehme puuvillane p\u00f5hiosa<\/li>\n<li>Keskosas kahekordne h\u00f5bedane r\u00f5nga kaunistus<\/li>\n<\/ul>\n<\/div>\n<h2>Selle tootega sobivad kokku<\/h2>\n<div class=\"woocommerce columns-3\"><ul class=\"products columns-3\">\n<li class=\"product type-product post-29699 status-publish first instock product_cat-topid-rinnahoidjad has-post-thumbnail sold-individually taxable shipping-taxable purchasable product-type-variable woovr-active woovr-show-price\">\n\t<a href=\"https:\/\/pesu24.ee\/en\/topid-rinnahoidjad\/rinnahoidja-axami-v-10251\/\" class=\"woocommerce-LoopProduct-link woocommerce-loop-product__link\"><img loading=\"lazy\" decoding=\"async\" width=\"300\" height=\"450\" src=\"https:\/\/pesu24.ee\/wp-content\/uploads\/2025\/11\/5a657ca5-95e3-44fe-9868-b2ae56fea1b4_0-300x450.jpg\" class=\"attachment-woocommerce_thumbnail size-woocommerce_thumbnail\" alt=\"Rinnahoidja Axami V-10251\" srcset=\"https:\/\/pesu24.ee\/wp-content\/uploads\/2025\/11\/5a657ca5-95e3-44fe-9868-b2ae56fea1b4_0-300x450.jpg 300w, https:\/\/pesu24.ee\/wp-content\/uploads\/2025\/11\/5a657ca5-95e3-44fe-9868-b2ae56fea1b4_0-200x300.jpg 200w, https:\/\/pesu24.ee\/wp-content\/uploads\/2025\/11\/5a657ca5-95e3-44fe-9868-b2ae56fea1b4_0-8x12.jpg 8w, https:\/\/pesu24.ee\/wp-content\/uploads\/2025\/11\/5a657ca5-95e3-44fe-9868-b2ae56fea1b4_0.jpg 600w\" sizes=\"auto, (max-width: 300px) 100vw, 300px\" \/><div class=\"product-badges\">  <span class=\"badge badge--stock\"><span class=\"dot\" aria-hidden=\"true\"><\/span>Laos<\/span>  <span class=\"badge badge--ship\">\n            <svg class=\"truck\" viewbox=\"0 0 24 16\" width=\"16\" height=\"12\" aria-hidden=\"true\" focusable=\"false\">\n              <path fill=\"currentColor\" d=\"M1 3h12v7H1zM13 5h5l3 3v2h-8z\"\/>\n              <circle cx=\"6\" cy=\"12.5\" r=\"2.5\" fill=\"currentColor\"\/>\n              <circle cx=\"16\" cy=\"12.5\" r=\"2.5\" fill=\"currentColor\"\/>\n            <\/svg>\n            Tasuta tarne\n          <\/span><\/div><h2 class=\"woocommerce-loop-product__title\">Rinnahoidja Axami V-10251<\/h2>\n\t<span class=\"price\"><span class=\"woocommerce-Price-amount amount\"><bdi><span class=\"woocommerce-Price-currencySymbol\">&euro;<\/span>74.<span class=\"price-cents\">90<\/span><\/bdi><\/span><\/span>\n<\/a><a class=\"mw-size-hints mw-loop\" href=\"https:\/\/pesu24.ee\/en\/topid-rinnahoidjad\/rinnahoidja-axami-v-10251\/\" aria-label=\"Rinnahoidja Axami V-10251 \u2013 vali suurus\"><div class=\"mw-sizes-line\"><span class=\"mw-sizes-label\">Rinnahoidja suurus:<\/span> <span class=\"mw-sizes\"><span class=\"mw-size-badge\">75B<\/span> <span class=\"mw-size-badge\">75C<\/span> <span class=\"mw-size-badge\">80B<\/span> <span class=\"mw-size-badge\">80C<\/span> <span class=\"mw-size-badge\">85B<\/span> <span class=\"mw-size-badge\">85C<\/span><\/span><\/div><\/a><a href=\"https:\/\/pesu24.ee\/en\/topid-rinnahoidjad\/rinnahoidja-axami-v-10251\/\" aria-describedby=\"woocommerce_loop_add_to_cart_link_describedby_29699\" data-quantity=\"1\" class=\"button product_type_variable add_to_cart_button\" data-product_id=\"29699\" data-product_sku=\"\" aria-label=\"Select options for \u201cRinnahoidja Axami V-10251\u201d\" rel=\"nofollow\" data-no-translation-aria-label=\"\">Select size<\/a>\t<span id=\"woocommerce_loop_add_to_cart_link_describedby_29699\" class=\"screen-reader-text\">\n\t\tThis product has multiple variants. The options may be chosen on the product page\t<\/span>\n<\/li>\n<li class=\"product type-product post-29468 status-publish instock product_cat-sukahoidjad has-post-thumbnail sold-individually taxable shipping-taxable purchasable product-type-variable woovr-active woovr-show-price\">\n\t<a href=\"https:\/\/pesu24.ee\/en\/sukahoidjad\/sukahoidja-axami-v-10252\/\" class=\"woocommerce-LoopProduct-link woocommerce-loop-product__link\"><img loading=\"lazy\" decoding=\"async\" width=\"300\" height=\"450\" src=\"https:\/\/pesu24.ee\/wp-content\/uploads\/2025\/11\/b0ffe88d-f7fd-49d5-82b1-71ab9ff86a5c_0-300x450.jpg\" class=\"attachment-woocommerce_thumbnail size-woocommerce_thumbnail\" alt=\"Sukahoidja Axami V-10252\" srcset=\"https:\/\/pesu24.ee\/wp-content\/uploads\/2025\/11\/b0ffe88d-f7fd-49d5-82b1-71ab9ff86a5c_0-300x450.jpg 300w, https:\/\/pesu24.ee\/wp-content\/uploads\/2025\/11\/b0ffe88d-f7fd-49d5-82b1-71ab9ff86a5c_0-200x300.jpg 200w, https:\/\/pesu24.ee\/wp-content\/uploads\/2025\/11\/b0ffe88d-f7fd-49d5-82b1-71ab9ff86a5c_0-8x12.jpg 8w, https:\/\/pesu24.ee\/wp-content\/uploads\/2025\/11\/b0ffe88d-f7fd-49d5-82b1-71ab9ff86a5c_0.jpg 600w\" sizes=\"auto, (max-width: 300px) 100vw, 300px\" \/><div class=\"product-badges\">  <span class=\"badge badge--stock\"><span class=\"dot\" aria-hidden=\"true\"><\/span>Laos<\/span><\/div><h2 class=\"woocommerce-loop-product__title\">Sukahoidja Axami V-10252<\/h2>\n\t<span class=\"price\"><span class=\"woocommerce-Price-amount amount\"><bdi><span class=\"woocommerce-Price-currencySymbol\">&euro;<\/span>39.<span class=\"price-cents\">90<\/span><\/bdi><\/span><\/span>\n<\/a><a class=\"mw-size-hints mw-loop\" href=\"https:\/\/pesu24.ee\/en\/sukahoidjad\/sukahoidja-axami-v-10252\/\" aria-label=\"Sukahoidja Axami V-10252 \u2013 vali suurus\"><div class=\"mw-sizes-line\"><span class=\"mw-sizes-label\">Size:<\/span> <span class=\"mw-sizes\"><span class=\"mw-size-badge\">S<\/span> <span class=\"mw-size-badge\">L<\/span> <span class=\"mw-size-badge\">XL<\/span><\/span><\/div><\/a><a href=\"https:\/\/pesu24.ee\/en\/sukahoidjad\/sukahoidja-axami-v-10252\/\" aria-describedby=\"woocommerce_loop_add_to_cart_link_describedby_29468\" data-quantity=\"1\" class=\"button product_type_variable add_to_cart_button\" data-product_id=\"29468\" data-product_sku=\"\" aria-label=\"Select options for \u201cSukahoidja Axami V-10252\u201d\" rel=\"nofollow\" data-no-translation-aria-label=\"\">Select size<\/a>\t<span id=\"woocommerce_loop_add_to_cart_link_describedby_29468\" class=\"screen-reader-text\">\n\t\tThis product has multiple variants. The options may be chosen on the product page\t<\/span>\n<\/li>\n<\/ul>\n<\/div>","protected":false},"excerpt":{"rendered":"<p>&#46;&#46;&#46;<\/p>","protected":false},"featured_media":29561,"comment_status":"open","ping_status":"closed","template":"","meta":{"_glsr_average":0,"_glsr_ranking":0,"_glsr_reviews":0},"product_brand":[502],"product_cat":[385],"product_tag":[],"class_list":{"0":"post-29551","1":"product","2":"type-product","3":"status-publish","4":"has-post-thumbnail","6":"product_brand-axami","7":"product_cat-stringid-puksikud","8":"pa_suurus-l","9":"pa_suurus-m","10":"pa_suurus-s","11":"pa_suurus-xl","12":"pa_varvus-roosa","14":"first","15":"instock","16":"sold-individually","17":"taxable","18":"shipping-taxable","19":"purchasable","20":"product-type-variable"},"_links":{"self":[{"href":"https:\/\/pesu24.ee\/en\/wp-json\/wp\/v2\/product\/29551","targetHints":{"allow":["GET"]}}],"collection":[{"href":"https:\/\/pesu24.ee\/en\/wp-json\/wp\/v2\/product"}],"about":[{"href":"https:\/\/pesu24.ee\/en\/wp-json\/wp\/v2\/types\/product"}],"replies":[{"embeddable":true,"href":"https:\/\/pesu24.ee\/en\/wp-json\/wp\/v2\/comments?post=29551"}],"wp:featuredmedia":[{"embeddable":true,"href":"https:\/\/pesu24.ee\/en\/wp-json\/wp\/v2\/media\/29561"}],"wp:attachment":[{"href":"https:\/\/pesu24.ee\/en\/wp-json\/wp\/v2\/media?parent=29551"}],"wp:term":[{"taxonomy":"product_brand","embeddable":true,"href":"https:\/\/pesu24.ee\/en\/wp-json\/wp\/v2\/product_brand?post=29551"},{"taxonomy":"product_cat","embeddable":true,"href":"https:\/\/pesu24.ee\/en\/wp-json\/wp\/v2\/product_cat?post=29551"},{"taxonomy":"product_tag","embeddable":true,"href":"https:\/\/pesu24.ee\/en\/wp-json\/wp\/v2\/product_tag?post=29551"}],"curies":[{"name":"wp","href":"https:\/\/api.w.org\/{rel}","templated":true}]}}