{"id":29590,"date":"2025-11-13T14:21:46","date_gmt":"2025-11-13T11:21:46","guid":{"rendered":"https:\/\/pesu24.ee\/?post_type=product&#038;p=29590"},"modified":"2025-11-28T16:05:18","modified_gmt":"2025-11-28T13:05:18","slug":"stringid-axami-v-10555","status":"publish","type":"product","link":"https:\/\/pesu24.ee\/en\/stringid-puksikud\/stringid-axami-v-10555\/","title":{"rendered":"Stringid Axami V-10555"},"content":{"rendered":"<div class=\"omadused\">\n<p>Details<\/p>\n<ul>\n<li>Mustad Brasiilia t\u00fc\u00fcpi stringid<\/li>\n<li>Eesosas \u00f5rn lilleline tikand lisab kergust ja romantilisust<\/li>\n<li>Puusad ja tagumik kaetud pehme ja elastse t\u00fclliga mugavuse tagamiseks<\/li>\n<li>L\u00f5ige r\u00f5hutab vorme ja annab enesekindla silueti<\/li>\n<li>\u00dclaosas kuldsed kaunistused elegantse aktsendina<\/li>\n<li>Seksikas ja enesekindlust andev disain<\/li>\n<li>Lilleline tikand, elastne t\u00fcll ja kuldsed detailid loovad pilkup\u00fc\u00fcdva koosluse<\/li>\n<\/ul>\n<\/div>\n<h2>Selle tootega sobivad kokku<\/h2>\n<div class=\"woocommerce columns-3\"><ul class=\"products columns-3\">\n<li class=\"product type-product post-29740 status-publish first instock product_cat-topid-rinnahoidjad has-post-thumbnail sold-individually taxable shipping-taxable purchasable product-type-variable woovr-active woovr-show-price\">\n\t<a href=\"https:\/\/pesu24.ee\/en\/topid-rinnahoidjad\/rinnahoidja-axami-v-10551\/\" class=\"woocommerce-LoopProduct-link woocommerce-loop-product__link\"><img loading=\"lazy\" decoding=\"async\" width=\"300\" height=\"450\" src=\"https:\/\/pesu24.ee\/wp-content\/uploads\/2025\/11\/a8d7c14a-bbb4-45b1-b38f-1e71a57f0761_0-300x450.jpg\" class=\"attachment-woocommerce_thumbnail size-woocommerce_thumbnail\" alt=\"Rinnahoidja Axami V-10551\" srcset=\"https:\/\/pesu24.ee\/wp-content\/uploads\/2025\/11\/a8d7c14a-bbb4-45b1-b38f-1e71a57f0761_0-300x450.jpg 300w, https:\/\/pesu24.ee\/wp-content\/uploads\/2025\/11\/a8d7c14a-bbb4-45b1-b38f-1e71a57f0761_0-200x300.jpg 200w, https:\/\/pesu24.ee\/wp-content\/uploads\/2025\/11\/a8d7c14a-bbb4-45b1-b38f-1e71a57f0761_0-8x12.jpg 8w, https:\/\/pesu24.ee\/wp-content\/uploads\/2025\/11\/a8d7c14a-bbb4-45b1-b38f-1e71a57f0761_0.jpg 600w\" sizes=\"auto, (max-width: 300px) 100vw, 300px\" \/><div class=\"product-badges\">  <span class=\"badge badge--stock\"><span class=\"dot\" aria-hidden=\"true\"><\/span>Laos<\/span><\/div><h2 class=\"woocommerce-loop-product__title\">Rinnahoidja Axami V-10551<\/h2>\n\t<span class=\"price\"><span class=\"woocommerce-Price-amount amount\"><bdi><span class=\"woocommerce-Price-currencySymbol\">&euro;<\/span>41.<span class=\"price-cents\">90<\/span><\/bdi><\/span><\/span>\n<\/a><a class=\"mw-size-hints mw-loop\" href=\"https:\/\/pesu24.ee\/en\/topid-rinnahoidjad\/rinnahoidja-axami-v-10551\/\" aria-label=\"Rinnahoidja Axami V-10551 \u2013 vali suurus\"><div class=\"mw-sizes-line\"><span class=\"mw-sizes-label\">Rinnahoidja suurus:<\/span> <span class=\"mw-sizes\"><span class=\"mw-size-badge\">75B<\/span> <span class=\"mw-size-badge\">80B<\/span> <span class=\"mw-size-badge\">80C<\/span> <span class=\"mw-size-badge\">85B<\/span> <span class=\"mw-size-badge\">85C<\/span><\/span><\/div><\/a><a href=\"https:\/\/pesu24.ee\/en\/topid-rinnahoidjad\/rinnahoidja-axami-v-10551\/\" aria-describedby=\"woocommerce_loop_add_to_cart_link_describedby_29740\" data-quantity=\"1\" class=\"button product_type_variable add_to_cart_button\" data-product_id=\"29740\" data-product_sku=\"\" aria-label=\"Select options for \u201cRinnahoidja Axami V-10551\u201d\" rel=\"nofollow\" data-no-translation-aria-label=\"\">Select size<\/a>\t<span id=\"woocommerce_loop_add_to_cart_link_describedby_29740\" class=\"screen-reader-text\">\n\t\tThis product has multiple variants. The options may be chosen on the product page\t<\/span>\n<\/li>\n<\/ul>\n<\/div>","protected":false},"excerpt":{"rendered":"<p>&#46;&#46;&#46;<\/p>","protected":false},"featured_media":29600,"comment_status":"open","ping_status":"closed","template":"","meta":{"_glsr_average":0,"_glsr_ranking":0,"_glsr_reviews":0},"product_brand":[502],"product_cat":[385],"product_tag":[],"class_list":{"0":"post-29590","1":"product","2":"type-product","3":"status-publish","4":"has-post-thumbnail","6":"product_brand-axami","7":"product_cat-stringid-puksikud","8":"pa_suurus-l","9":"pa_suurus-m","10":"pa_suurus-s","11":"pa_suurus-xl","12":"pa_varvus-must","14":"first","15":"instock","16":"sold-individually","17":"taxable","18":"shipping-taxable","19":"purchasable","20":"product-type-variable"},"_links":{"self":[{"href":"https:\/\/pesu24.ee\/en\/wp-json\/wp\/v2\/product\/29590","targetHints":{"allow":["GET"]}}],"collection":[{"href":"https:\/\/pesu24.ee\/en\/wp-json\/wp\/v2\/product"}],"about":[{"href":"https:\/\/pesu24.ee\/en\/wp-json\/wp\/v2\/types\/product"}],"replies":[{"embeddable":true,"href":"https:\/\/pesu24.ee\/en\/wp-json\/wp\/v2\/comments?post=29590"}],"wp:featuredmedia":[{"embeddable":true,"href":"https:\/\/pesu24.ee\/en\/wp-json\/wp\/v2\/media\/29600"}],"wp:attachment":[{"href":"https:\/\/pesu24.ee\/en\/wp-json\/wp\/v2\/media?parent=29590"}],"wp:term":[{"taxonomy":"product_brand","embeddable":true,"href":"https:\/\/pesu24.ee\/en\/wp-json\/wp\/v2\/product_brand?post=29590"},{"taxonomy":"product_cat","embeddable":true,"href":"https:\/\/pesu24.ee\/en\/wp-json\/wp\/v2\/product_cat?post=29590"},{"taxonomy":"product_tag","embeddable":true,"href":"https:\/\/pesu24.ee\/en\/wp-json\/wp\/v2\/product_tag?post=29590"}],"curies":[{"name":"wp","href":"https:\/\/api.w.org\/{rel}","templated":true}]}}