{"id":29602,"date":"2025-11-13T14:26:55","date_gmt":"2025-11-13T11:26:55","guid":{"rendered":"https:\/\/pesu24.ee\/?post_type=product&#038;p=29602"},"modified":"2025-12-15T16:37:59","modified_gmt":"2025-12-15T13:37:59","slug":"stringid-axami-v-11838","status":"publish","type":"product","link":"https:\/\/pesu24.ee\/en\/stringid-puksikud\/stringid-axami-v-11838\/","title":{"rendered":"Stringid Axami V-11838"},"content":{"rendered":"<div class=\"omadused\">\n<p>Details<\/p>\n<ul>\n<li>Pehme bee\u017e t\u00fcll \u00f5rnalt \u00fcmber keha<\/li>\n<li>Ere neoonne tikand t\u00f5mbab pilku ja r\u00f5hutab iseloomu<\/li>\n<li>Mugav neoonkollane v\u00f6\u00f6koht tagab t\u00e4iusliku istuvuse<\/li>\n<li>Kontrastne must \u00e4\u00e4ristus toob esile vormid<\/li>\n<li>Kerge, julge ja elegantselt viimistletud disain<\/li>\n<\/ul>\n<\/div>\n<h2>Selle tootega sobivad kokku<\/h2>\n<div class=\"woocommerce columns-3\"><ul class=\"products columns-3\">\n<li class=\"product type-product post-29753 status-publish first instock product_cat-topid-rinnahoidjad has-post-thumbnail sold-individually taxable shipping-taxable purchasable product-type-variable woovr-active woovr-show-price\">\n\t<a href=\"https:\/\/pesu24.ee\/en\/topid-rinnahoidjad\/rinnahoidja-axami-v-11831\/\" class=\"woocommerce-LoopProduct-link woocommerce-loop-product__link\"><img loading=\"lazy\" decoding=\"async\" width=\"300\" height=\"450\" src=\"https:\/\/pesu24.ee\/wp-content\/uploads\/2025\/11\/96e2abc1-b0bf-46bd-8086-2bc8bd9495c1_0-300x450.jpg\" class=\"attachment-woocommerce_thumbnail size-woocommerce_thumbnail\" alt=\"Rinnahoidja Axami V-11831\" srcset=\"https:\/\/pesu24.ee\/wp-content\/uploads\/2025\/11\/96e2abc1-b0bf-46bd-8086-2bc8bd9495c1_0-300x450.jpg 300w, https:\/\/pesu24.ee\/wp-content\/uploads\/2025\/11\/96e2abc1-b0bf-46bd-8086-2bc8bd9495c1_0-200x300.jpg 200w, https:\/\/pesu24.ee\/wp-content\/uploads\/2025\/11\/96e2abc1-b0bf-46bd-8086-2bc8bd9495c1_0-8x12.jpg 8w, https:\/\/pesu24.ee\/wp-content\/uploads\/2025\/11\/96e2abc1-b0bf-46bd-8086-2bc8bd9495c1_0.jpg 600w\" sizes=\"auto, (max-width: 300px) 100vw, 300px\" \/><div class=\"product-badges\">  <span class=\"badge badge--stock\"><span class=\"dot\" aria-hidden=\"true\"><\/span>Laos<\/span><\/div><h2 class=\"woocommerce-loop-product__title\">Rinnahoidja Axami V-11831<\/h2>\n\t<span class=\"price\"><span class=\"woocommerce-Price-amount amount\"><bdi><span class=\"woocommerce-Price-currencySymbol\">&euro;<\/span>57.<span class=\"price-cents\">90<\/span><\/bdi><\/span><\/span>\n<\/a><a class=\"mw-size-hints mw-loop\" href=\"https:\/\/pesu24.ee\/en\/topid-rinnahoidjad\/rinnahoidja-axami-v-11831\/\" aria-label=\"Rinnahoidja Axami V-11831 \u2013 vali suurus\"><div class=\"mw-sizes-line\"><span class=\"mw-sizes-label\">Rinnahoidja suurus:<\/span> <span class=\"mw-sizes\"><span class=\"mw-size-badge\">75B<\/span> <span class=\"mw-size-badge\">75C<\/span> <span class=\"mw-size-badge\">80B<\/span> <span class=\"mw-size-badge\">80C<\/span> <span class=\"mw-size-badge\">85B<\/span> <span class=\"mw-size-badge\">85C<\/span><\/span><\/div><\/a><a href=\"https:\/\/pesu24.ee\/en\/topid-rinnahoidjad\/rinnahoidja-axami-v-11831\/\" aria-describedby=\"woocommerce_loop_add_to_cart_link_describedby_29753\" data-quantity=\"1\" class=\"button product_type_variable add_to_cart_button\" data-product_id=\"29753\" data-product_sku=\"\" aria-label=\"Select options for \u201cRinnahoidja Axami V-11831\u201d\" rel=\"nofollow\" data-no-translation-aria-label=\"\">Select size<\/a>\t<span id=\"woocommerce_loop_add_to_cart_link_describedby_29753\" class=\"screen-reader-text\">\n\t\tThis product has multiple variants. The options may be chosen on the product page\t<\/span>\n<\/li>\n<li class=\"product type-product post-29615 status-publish instock product_cat-sukahoidjad has-post-thumbnail sold-individually taxable shipping-taxable purchasable product-type-variable woovr-active woovr-show-price\">\n\t<a href=\"https:\/\/pesu24.ee\/en\/sukahoidjad\/sukahoidja-axami-v-11832\/\" class=\"woocommerce-LoopProduct-link woocommerce-loop-product__link\"><img loading=\"lazy\" decoding=\"async\" width=\"300\" height=\"450\" src=\"https:\/\/pesu24.ee\/wp-content\/uploads\/2025\/11\/727eaa56-bbfa-4690-8fa3-ba5c73b35ad6_0-300x450.jpg\" class=\"attachment-woocommerce_thumbnail size-woocommerce_thumbnail\" alt=\"Sukahoidja Axami V-11832\" srcset=\"https:\/\/pesu24.ee\/wp-content\/uploads\/2025\/11\/727eaa56-bbfa-4690-8fa3-ba5c73b35ad6_0-300x450.jpg 300w, https:\/\/pesu24.ee\/wp-content\/uploads\/2025\/11\/727eaa56-bbfa-4690-8fa3-ba5c73b35ad6_0-200x300.jpg 200w, https:\/\/pesu24.ee\/wp-content\/uploads\/2025\/11\/727eaa56-bbfa-4690-8fa3-ba5c73b35ad6_0-8x12.jpg 8w, https:\/\/pesu24.ee\/wp-content\/uploads\/2025\/11\/727eaa56-bbfa-4690-8fa3-ba5c73b35ad6_0.jpg 600w\" sizes=\"auto, (max-width: 300px) 100vw, 300px\" \/><div class=\"product-badges\">  <span class=\"badge badge--stock\"><span class=\"dot\" aria-hidden=\"true\"><\/span>Laos<\/span><\/div><h2 class=\"woocommerce-loop-product__title\">Sukahoidja Axami V-11832<\/h2>\n\t<span class=\"price\"><span class=\"woocommerce-Price-amount amount\"><bdi><span class=\"woocommerce-Price-currencySymbol\">&euro;<\/span>31.<span class=\"price-cents\">90<\/span><\/bdi><\/span><\/span>\n<\/a><a class=\"mw-size-hints mw-loop\" href=\"https:\/\/pesu24.ee\/en\/sukahoidjad\/sukahoidja-axami-v-11832\/\" aria-label=\"Sukahoidja Axami V-11832 \u2013 vali suurus\"><div class=\"mw-sizes-line\"><span class=\"mw-sizes-label\">Size:<\/span> <span class=\"mw-sizes\"><span class=\"mw-size-badge\">S<\/span> <span class=\"mw-size-badge\">M<\/span> <span class=\"mw-size-badge\">L<\/span> <span class=\"mw-size-badge\">XL<\/span><\/span><\/div><\/a><a href=\"https:\/\/pesu24.ee\/en\/sukahoidjad\/sukahoidja-axami-v-11832\/\" aria-describedby=\"woocommerce_loop_add_to_cart_link_describedby_29615\" data-quantity=\"1\" class=\"button product_type_variable add_to_cart_button\" data-product_id=\"29615\" data-product_sku=\"\" aria-label=\"Select options for \u201cSukahoidja Axami V-11832\u201d\" rel=\"nofollow\" data-no-translation-aria-label=\"\">Select size<\/a>\t<span id=\"woocommerce_loop_add_to_cart_link_describedby_29615\" class=\"screen-reader-text\">\n\t\tThis product has multiple variants. The options may be chosen on the product page\t<\/span>\n<\/li>\n<\/ul>\n<\/div>","protected":false},"excerpt":{"rendered":"<p>&#46;&#46;&#46;<\/p>","protected":false},"featured_media":29604,"comment_status":"open","ping_status":"closed","template":"","meta":{"_glsr_average":0,"_glsr_ranking":0,"_glsr_reviews":0},"product_brand":[502],"product_cat":[385],"product_tag":[],"class_list":{"0":"post-29602","1":"product","2":"type-product","3":"status-publish","4":"has-post-thumbnail","6":"product_brand-axami","7":"product_cat-stringid-puksikud","8":"pa_suurus-l","9":"pa_suurus-m","10":"pa_suurus-s","11":"pa_suurus-xl","12":"pa_varvus-beez","13":"pa_varvus-kollane","14":"pa_varvus-must","15":"pa_varvus-roheline","16":"pa_varvus-roosa","18":"first","19":"instock","20":"sold-individually","21":"taxable","22":"shipping-taxable","23":"purchasable","24":"product-type-variable"},"_links":{"self":[{"href":"https:\/\/pesu24.ee\/en\/wp-json\/wp\/v2\/product\/29602","targetHints":{"allow":["GET"]}}],"collection":[{"href":"https:\/\/pesu24.ee\/en\/wp-json\/wp\/v2\/product"}],"about":[{"href":"https:\/\/pesu24.ee\/en\/wp-json\/wp\/v2\/types\/product"}],"replies":[{"embeddable":true,"href":"https:\/\/pesu24.ee\/en\/wp-json\/wp\/v2\/comments?post=29602"}],"wp:featuredmedia":[{"embeddable":true,"href":"https:\/\/pesu24.ee\/en\/wp-json\/wp\/v2\/media\/29604"}],"wp:attachment":[{"href":"https:\/\/pesu24.ee\/en\/wp-json\/wp\/v2\/media?parent=29602"}],"wp:term":[{"taxonomy":"product_brand","embeddable":true,"href":"https:\/\/pesu24.ee\/en\/wp-json\/wp\/v2\/product_brand?post=29602"},{"taxonomy":"product_cat","embeddable":true,"href":"https:\/\/pesu24.ee\/en\/wp-json\/wp\/v2\/product_cat?post=29602"},{"taxonomy":"product_tag","embeddable":true,"href":"https:\/\/pesu24.ee\/en\/wp-json\/wp\/v2\/product_tag?post=29602"}],"curies":[{"name":"wp","href":"https:\/\/api.w.org\/{rel}","templated":true}]}}