{"id":29639,"date":"2025-11-13T14:50:15","date_gmt":"2025-11-13T11:50:15","guid":{"rendered":"https:\/\/pesu24.ee\/?post_type=product&#038;p=29639"},"modified":"2025-11-28T16:02:34","modified_gmt":"2025-11-28T13:02:34","slug":"stringid-axami-v-10408","status":"publish","type":"product","link":"https:\/\/pesu24.ee\/en\/stringid-puksikud\/stringid-axami-v-10408\/","title":{"rendered":"Stringid Axami V-10408"},"content":{"rendered":"<div class=\"omadused\">\n<p>Details<\/p>\n<ul>\n<li>Satiinist ja pehmest mikrofiibrist stringid pantrimustriga<\/li>\n<li>L\u00f5ige sobitub ideaalselt kehaga<\/li>\n<li>K\u00fclgedel topeltpaelad r\u00f5hutavad puusi ja tagumiku \u00fcmarust<\/li>\n<li>Mugav puuvillane sisekiht<\/li>\n<\/ul>\n<\/div>\n<h2>Selle tootega sobivad kokku<\/h2>\n<div class=\"woocommerce columns-3\"><ul class=\"products columns-3\">\n<li class=\"product type-product post-29689 status-publish first instock product_cat-topid-rinnahoidjad has-post-thumbnail sold-individually taxable shipping-taxable purchasable product-type-variable woovr-active woovr-show-price\">\n\t<a href=\"https:\/\/pesu24.ee\/en\/topid-rinnahoidjad\/avatud-rinnahoidja-axami-v-10401\/\" class=\"woocommerce-LoopProduct-link woocommerce-loop-product__link\"><img loading=\"lazy\" decoding=\"async\" width=\"300\" height=\"450\" src=\"https:\/\/pesu24.ee\/wp-content\/uploads\/2025\/11\/e5378c3d-4561-406c-83d9-ec77dd995769_0-300x450.jpg\" class=\"attachment-woocommerce_thumbnail size-woocommerce_thumbnail\" alt=\"Avatud rinnahoidja Axami V-10401\" srcset=\"https:\/\/pesu24.ee\/wp-content\/uploads\/2025\/11\/e5378c3d-4561-406c-83d9-ec77dd995769_0-300x450.jpg 300w, https:\/\/pesu24.ee\/wp-content\/uploads\/2025\/11\/e5378c3d-4561-406c-83d9-ec77dd995769_0-200x300.jpg 200w, https:\/\/pesu24.ee\/wp-content\/uploads\/2025\/11\/e5378c3d-4561-406c-83d9-ec77dd995769_0-8x12.jpg 8w, https:\/\/pesu24.ee\/wp-content\/uploads\/2025\/11\/e5378c3d-4561-406c-83d9-ec77dd995769_0.jpg 600w\" sizes=\"auto, (max-width: 300px) 100vw, 300px\" \/><div class=\"product-badges\">  <span class=\"badge badge--stock\"><span class=\"dot\" aria-hidden=\"true\"><\/span>Laos<\/span><\/div><h2 class=\"woocommerce-loop-product__title\">Avatud rinnahoidja Axami V-10401<\/h2><div class=\"star-rating\" role=\"img\" aria-label=\"Rated 5.00 out of 5\" data-no-translation-aria-label=\"\"><span style=\"width:100%\" data-no-translation=\"\" data-trp-gettext=\"\">Rated <strong class=\"rating\">5.00<\/strong> out of 5<\/span><\/div> <span>(1)<\/span>\n\t<span class=\"price\"><span class=\"woocommerce-Price-amount amount\"><bdi><span class=\"woocommerce-Price-currencySymbol\">&euro;<\/span>39.<span class=\"price-cents\">90<\/span><\/bdi><\/span><\/span>\n<\/a><a class=\"mw-size-hints mw-loop\" href=\"https:\/\/pesu24.ee\/en\/topid-rinnahoidjad\/avatud-rinnahoidja-axami-v-10401\/\" aria-label=\"Avatud rinnahoidja Axami V-10401 \u2013 vali suurus\"><div class=\"mw-sizes-line\"><span class=\"mw-sizes-label\">Size:<\/span> <span class=\"mw-sizes\"><span class=\"mw-size-badge\">S<\/span> <span class=\"mw-size-badge\">M<\/span> <span class=\"mw-size-badge\">L<\/span> <span class=\"mw-size-badge\">XL<\/span><\/span><\/div><\/a><a href=\"https:\/\/pesu24.ee\/en\/topid-rinnahoidjad\/avatud-rinnahoidja-axami-v-10401\/\" aria-describedby=\"woocommerce_loop_add_to_cart_link_describedby_29689\" data-quantity=\"1\" class=\"button product_type_variable add_to_cart_button\" data-product_id=\"29689\" data-product_sku=\"\" aria-label=\"Select options for \u201cAvatud rinnahoidja Axami V-10401\u201d\" rel=\"nofollow\" data-no-translation-aria-label=\"\">Select size<\/a>\t<span id=\"woocommerce_loop_add_to_cart_link_describedby_29689\" class=\"screen-reader-text\">\n\t\tThis product has multiple variants. The options may be chosen on the product page\t<\/span>\n<\/li>\n<li class=\"product type-product post-29664 status-publish instock product_cat-sukahoidjad has-post-thumbnail sold-individually taxable shipping-taxable purchasable product-type-variable woovr-active woovr-show-price\">\n\t<a href=\"https:\/\/pesu24.ee\/en\/sukahoidjad\/sukahoidja-axami-v-10402\/\" class=\"woocommerce-LoopProduct-link woocommerce-loop-product__link\"><img loading=\"lazy\" decoding=\"async\" width=\"300\" height=\"450\" src=\"https:\/\/pesu24.ee\/wp-content\/uploads\/2025\/11\/ec97c6a3-c970-4302-8594-7e7c80ff0547_0-300x450.jpg\" class=\"attachment-woocommerce_thumbnail size-woocommerce_thumbnail\" alt=\"Sukahoidja Axami V-10402\" srcset=\"https:\/\/pesu24.ee\/wp-content\/uploads\/2025\/11\/ec97c6a3-c970-4302-8594-7e7c80ff0547_0-300x450.jpg 300w, https:\/\/pesu24.ee\/wp-content\/uploads\/2025\/11\/ec97c6a3-c970-4302-8594-7e7c80ff0547_0-200x300.jpg 200w, https:\/\/pesu24.ee\/wp-content\/uploads\/2025\/11\/ec97c6a3-c970-4302-8594-7e7c80ff0547_0-8x12.jpg 8w, https:\/\/pesu24.ee\/wp-content\/uploads\/2025\/11\/ec97c6a3-c970-4302-8594-7e7c80ff0547_0.jpg 600w\" sizes=\"auto, (max-width: 300px) 100vw, 300px\" \/><div class=\"product-badges\">  <span class=\"badge badge--stock\"><span class=\"dot\" aria-hidden=\"true\"><\/span>Laos<\/span><\/div><h2 class=\"woocommerce-loop-product__title\">Sukahoidja Axami V-10402<\/h2>\n\t<span class=\"price\"><span class=\"woocommerce-Price-amount amount\"><bdi><span class=\"woocommerce-Price-currencySymbol\">&euro;<\/span>34.<span class=\"price-cents\">90<\/span><\/bdi><\/span><\/span>\n<\/a><a class=\"mw-size-hints mw-loop\" href=\"https:\/\/pesu24.ee\/en\/sukahoidjad\/sukahoidja-axami-v-10402\/\" aria-label=\"Sukahoidja Axami V-10402 \u2013 vali suurus\"><div class=\"mw-sizes-line\"><span class=\"mw-sizes-label\">Size:<\/span> <span class=\"mw-sizes\"><span class=\"mw-size-badge\">S<\/span> <span class=\"mw-size-badge\">M<\/span> <span class=\"mw-size-badge\">L<\/span> <span class=\"mw-size-badge\">XL<\/span><\/span><\/div><\/a><a href=\"https:\/\/pesu24.ee\/en\/sukahoidjad\/sukahoidja-axami-v-10402\/\" aria-describedby=\"woocommerce_loop_add_to_cart_link_describedby_29664\" data-quantity=\"1\" class=\"button product_type_variable add_to_cart_button\" data-product_id=\"29664\" data-product_sku=\"\" aria-label=\"Select options for \u201cSukahoidja Axami V-10402\u201d\" rel=\"nofollow\" data-no-translation-aria-label=\"\">Select size<\/a>\t<span id=\"woocommerce_loop_add_to_cart_link_describedby_29664\" class=\"screen-reader-text\">\n\t\tThis product has multiple variants. The options may be chosen on the product page\t<\/span>\n<\/li>\n<\/ul>\n<\/div>","protected":false},"excerpt":{"rendered":"<p>&#46;&#46;&#46;<\/p>","protected":false},"featured_media":29648,"comment_status":"open","ping_status":"closed","template":"","meta":{"_glsr_average":0,"_glsr_ranking":0,"_glsr_reviews":0},"product_brand":[502],"product_cat":[385],"product_tag":[],"class_list":{"0":"post-29639","1":"product","2":"type-product","3":"status-publish","4":"has-post-thumbnail","6":"product_brand-axami","7":"product_cat-stringid-puksikud","8":"pa_suurus-l","9":"pa_suurus-m","10":"pa_suurus-s","11":"pa_suurus-xl","12":"pa_varvus-kuldne","13":"pa_varvus-must","15":"first","16":"instock","17":"sold-individually","18":"taxable","19":"shipping-taxable","20":"purchasable","21":"product-type-variable"},"_links":{"self":[{"href":"https:\/\/pesu24.ee\/en\/wp-json\/wp\/v2\/product\/29639","targetHints":{"allow":["GET"]}}],"collection":[{"href":"https:\/\/pesu24.ee\/en\/wp-json\/wp\/v2\/product"}],"about":[{"href":"https:\/\/pesu24.ee\/en\/wp-json\/wp\/v2\/types\/product"}],"replies":[{"embeddable":true,"href":"https:\/\/pesu24.ee\/en\/wp-json\/wp\/v2\/comments?post=29639"}],"wp:featuredmedia":[{"embeddable":true,"href":"https:\/\/pesu24.ee\/en\/wp-json\/wp\/v2\/media\/29648"}],"wp:attachment":[{"href":"https:\/\/pesu24.ee\/en\/wp-json\/wp\/v2\/media?parent=29639"}],"wp:term":[{"taxonomy":"product_brand","embeddable":true,"href":"https:\/\/pesu24.ee\/en\/wp-json\/wp\/v2\/product_brand?post=29639"},{"taxonomy":"product_cat","embeddable":true,"href":"https:\/\/pesu24.ee\/en\/wp-json\/wp\/v2\/product_cat?post=29639"},{"taxonomy":"product_tag","embeddable":true,"href":"https:\/\/pesu24.ee\/en\/wp-json\/wp\/v2\/product_tag?post=29639"}],"curies":[{"name":"wp","href":"https:\/\/api.w.org\/{rel}","templated":true}]}}