{"id":29767,"date":"2025-12-20T00:35:20","date_gmt":"2025-12-19T21:35:20","guid":{"rendered":"https:\/\/pesu24.ee\/?post_type=product&#038;p=29767"},"modified":"2026-02-16T14:58:59","modified_gmt":"2026-02-16T12:58:59","slug":"rinnahoidja-axami-v-11841","status":"publish","type":"product","link":"https:\/\/pesu24.ee\/en\/topid-rinnahoidjad\/rinnahoidja-axami-v-11841\/","title":{"rendered":"Rinnahoidja Axami V-11841"},"content":{"rendered":"<p>Axami pesubr\u00e4ndi pehme rinnahoidja, mis \u00fchendab endas stiilse luksusliku v\u00e4limuse ja kandmismugavuse. Tootefotodel olevad\u00a0<a href=\"https:\/\/pesu24.ee\/en\/stringid-puksikud\/stringid-axami-v-11845\/\">Axami V-11841 stringid<\/a> komplekti ei kuulu ja tuleb eraldi osta.<\/p>\n<p><span style=\"color: #a68d03;\"><strong>Details<\/strong><\/span><\/p>\n<div class=\"omadused\">\n<p>See toode sisaldab ja eri\u00e4rasused:<\/p>\n<ul>\n<li>komplektis <span style=\"text-decoration: underline;\">ainult<\/span> rinnahoidja, tootefotodel olevad <a href=\"https:\/\/pesu24.ee\/en\/stringid-puksikud\/stringid-axami-v-11845\/\">Axami V-11841 stringid<\/a> tuleb eraldi osta.<\/li>\n<li>rinnahoidja alaosa toetub laiale kummipaeale, tagades ideaalse mugavuse.<\/li>\n<li>reguleeritavad \u00f5lapaelad.<\/li>\n<li>rinnakorvil on tugikaared.<\/li>\n<li>ideaalne igap\u00e4evaseks kandmiseks.<\/li>\n<li>pol\u00fcamiid 73%, pol\u00fcester 25% ja elastaan 25%.<\/li>\n<\/ul>\n<\/div>\n<hr \/>\n<h2>Selle tootega sobib kokku<\/h2>\n<p>Selle tootega sobivad kokku tootefotodel olevad stringid (peab ostma eraldi).<\/p>\n<div class=\"woocommerce columns-3\"><ul class=\"products columns-3\">\n<li class=\"product type-product post-29513 status-publish first instock product_cat-stringid-puksikud has-post-thumbnail sold-individually taxable shipping-taxable purchasable product-type-variable woovr-active woovr-show-price\">\n\t<a href=\"https:\/\/pesu24.ee\/en\/stringid-puksikud\/stringid-axami-v-11845\/\" class=\"woocommerce-LoopProduct-link woocommerce-loop-product__link\"><img loading=\"lazy\" decoding=\"async\" width=\"300\" height=\"450\" src=\"https:\/\/pesu24.ee\/wp-content\/uploads\/2025\/11\/e0568bf8-5495-4449-9803-ceb0a67409c8_0-300x450.jpg\" class=\"attachment-woocommerce_thumbnail size-woocommerce_thumbnail\" alt=\"Stringid Axami V-11845\" srcset=\"https:\/\/pesu24.ee\/wp-content\/uploads\/2025\/11\/e0568bf8-5495-4449-9803-ceb0a67409c8_0-300x450.jpg 300w, https:\/\/pesu24.ee\/wp-content\/uploads\/2025\/11\/e0568bf8-5495-4449-9803-ceb0a67409c8_0-200x300.jpg 200w, https:\/\/pesu24.ee\/wp-content\/uploads\/2025\/11\/e0568bf8-5495-4449-9803-ceb0a67409c8_0-8x12.jpg 8w, https:\/\/pesu24.ee\/wp-content\/uploads\/2025\/11\/e0568bf8-5495-4449-9803-ceb0a67409c8_0.jpg 600w\" sizes=\"auto, (max-width: 300px) 100vw, 300px\" \/><div class=\"product-badges\">  <span class=\"badge badge--stock\"><span class=\"dot\" aria-hidden=\"true\"><\/span>Laos<\/span><\/div><h2 class=\"woocommerce-loop-product__title\">Stringid Axami V-11845<\/h2>\n\t<span class=\"price\"><span class=\"woocommerce-Price-amount amount\"><bdi><span class=\"woocommerce-Price-currencySymbol\">&euro;<\/span>23.<span class=\"price-cents\">90<\/span><\/bdi><\/span><\/span>\n<\/a><a class=\"mw-size-hints mw-loop\" href=\"https:\/\/pesu24.ee\/en\/stringid-puksikud\/stringid-axami-v-11845\/\" aria-label=\"Stringid Axami V-11845 \u2013 vali suurus\"><div class=\"mw-sizes-line\"><span class=\"mw-sizes-label\">Size:<\/span> <span class=\"mw-sizes\"><span class=\"mw-size-badge\">S<\/span> <span class=\"mw-size-badge\">L<\/span> <span class=\"mw-size-badge\">XL<\/span><\/span><\/div><\/a><a href=\"https:\/\/pesu24.ee\/en\/stringid-puksikud\/stringid-axami-v-11845\/\" aria-describedby=\"woocommerce_loop_add_to_cart_link_describedby_29513\" data-quantity=\"1\" class=\"button product_type_variable add_to_cart_button\" data-product_id=\"29513\" data-product_sku=\"\" aria-label=\"Select options for \u201cStringid Axami V-11845\u201d\" rel=\"nofollow\" data-no-translation-aria-label=\"\">Select size<\/a>\t<span id=\"woocommerce_loop_add_to_cart_link_describedby_29513\" class=\"screen-reader-text\">\n\t\tThis product has multiple variants. The options may be chosen on the product page\t<\/span>\n<\/li>\n<\/ul>\n<\/div>","protected":false},"excerpt":{"rendered":"<p>&#46;&#46;&#46;<\/p>","protected":false},"featured_media":29771,"comment_status":"open","ping_status":"closed","template":"","meta":{"_glsr_average":0,"_glsr_ranking":0,"_glsr_reviews":0},"product_brand":[502],"product_cat":[423],"product_tag":[],"class_list":{"0":"post-29767","1":"product","2":"type-product","3":"status-publish","4":"has-post-thumbnail","6":"product_brand-axami","7":"product_cat-topid-rinnahoidjad","8":"pa_varvus-beez","9":"pa_varvus-must","11":"first","12":"instock","13":"sold-individually","14":"taxable","15":"shipping-taxable","16":"purchasable","17":"product-type-variable"},"_links":{"self":[{"href":"https:\/\/pesu24.ee\/en\/wp-json\/wp\/v2\/product\/29767","targetHints":{"allow":["GET"]}}],"collection":[{"href":"https:\/\/pesu24.ee\/en\/wp-json\/wp\/v2\/product"}],"about":[{"href":"https:\/\/pesu24.ee\/en\/wp-json\/wp\/v2\/types\/product"}],"replies":[{"embeddable":true,"href":"https:\/\/pesu24.ee\/en\/wp-json\/wp\/v2\/comments?post=29767"}],"wp:featuredmedia":[{"embeddable":true,"href":"https:\/\/pesu24.ee\/en\/wp-json\/wp\/v2\/media\/29771"}],"wp:attachment":[{"href":"https:\/\/pesu24.ee\/en\/wp-json\/wp\/v2\/media?parent=29767"}],"wp:term":[{"taxonomy":"product_brand","embeddable":true,"href":"https:\/\/pesu24.ee\/en\/wp-json\/wp\/v2\/product_brand?post=29767"},{"taxonomy":"product_cat","embeddable":true,"href":"https:\/\/pesu24.ee\/en\/wp-json\/wp\/v2\/product_cat?post=29767"},{"taxonomy":"product_tag","embeddable":true,"href":"https:\/\/pesu24.ee\/en\/wp-json\/wp\/v2\/product_tag?post=29767"}],"curies":[{"name":"wp","href":"https:\/\/api.w.org\/{rel}","templated":true}]}}