{"id":29828,"date":"2025-11-18T15:25:01","date_gmt":"2025-11-18T12:25:01","guid":{"rendered":"https:\/\/pesu24.ee\/?post_type=product&#038;p=29828"},"modified":"2025-12-08T13:14:26","modified_gmt":"2025-12-08T10:14:26","slug":"rinnahoidja-axami-v-10721","status":"publish","type":"product","link":"https:\/\/pesu24.ee\/en\/topid-rinnahoidjad\/rinnahoidja-axami-v-10721\/","title":{"rendered":"Rinnahoidja Axami V-10721"},"content":{"rendered":"<div class=\"omadused\">\nDetails<\/p>\n<ul>\n<li>Pehmed korvid \u00f5hukese t\u00fclli ja v\u00f5luva pitsiga<\/li>\n<li>Rinnakorvil on tugikaared ja sisse\u00f5mmeldud traadid stabiilsuse tagamiseks<\/li>\n<li>Seljaosa valmistatud \u00f5hukesest ja meeldivast t\u00fcllist<\/li>\n<li>Kinnitub kahekordse haagiga<\/li>\n<li>K\u00f5ik aksessuaarid kuldse tooniga<\/li>\n<li>Reguleeritavad, mitte eemaldatavad \u00f5lapaelad<\/li>\n<\/ul>\n<\/div>\n<h2>Selle tootega sobivad kokku<\/h2>\n<div class=\"woocommerce columns-3\"><ul class=\"products columns-3\">\n<li class=\"product type-product post-29676 status-publish first instock product_cat-stringid-puksikud has-post-thumbnail sold-individually taxable shipping-taxable purchasable product-type-variable woovr-active woovr-show-price\">\n\t<a href=\"https:\/\/pesu24.ee\/en\/stringid-puksikud\/stringid-axami-v-10728\/\" class=\"woocommerce-LoopProduct-link woocommerce-loop-product__link\"><img loading=\"lazy\" decoding=\"async\" width=\"300\" height=\"450\" src=\"https:\/\/pesu24.ee\/wp-content\/uploads\/2025\/11\/9cb593bf-7b5f-4dd4-9676-aee89ec4bb71_0-300x450.jpg\" class=\"attachment-woocommerce_thumbnail size-woocommerce_thumbnail\" alt=\"Stringid Axami V-10728\" srcset=\"https:\/\/pesu24.ee\/wp-content\/uploads\/2025\/11\/9cb593bf-7b5f-4dd4-9676-aee89ec4bb71_0-300x450.jpg 300w, https:\/\/pesu24.ee\/wp-content\/uploads\/2025\/11\/9cb593bf-7b5f-4dd4-9676-aee89ec4bb71_0-200x300.jpg 200w, https:\/\/pesu24.ee\/wp-content\/uploads\/2025\/11\/9cb593bf-7b5f-4dd4-9676-aee89ec4bb71_0-8x12.jpg 8w, https:\/\/pesu24.ee\/wp-content\/uploads\/2025\/11\/9cb593bf-7b5f-4dd4-9676-aee89ec4bb71_0.jpg 600w\" sizes=\"auto, (max-width: 300px) 100vw, 300px\" \/><div class=\"product-badges\">  <span class=\"badge badge--stock\"><span class=\"dot\" aria-hidden=\"true\"><\/span>Laos<\/span><\/div><h2 class=\"woocommerce-loop-product__title\">Stringid Axami V-10728<\/h2>\n\t<span class=\"price\"><span class=\"woocommerce-Price-amount amount\"><bdi><span class=\"woocommerce-Price-currencySymbol\">&euro;<\/span>23.<span class=\"price-cents\">90<\/span><\/bdi><\/span><\/span>\n<\/a><a class=\"mw-size-hints mw-loop\" href=\"https:\/\/pesu24.ee\/en\/stringid-puksikud\/stringid-axami-v-10728\/\" aria-label=\"Stringid Axami V-10728 \u2013 vali suurus\"><div class=\"mw-sizes-line\"><span class=\"mw-sizes-label\">Size:<\/span> <span class=\"mw-sizes\"><span class=\"mw-size-badge\">S<\/span> <span class=\"mw-size-badge\">M<\/span> <span class=\"mw-size-badge\">L<\/span> <span class=\"mw-size-badge\">XL<\/span><\/span><\/div><\/a><a href=\"https:\/\/pesu24.ee\/en\/stringid-puksikud\/stringid-axami-v-10728\/\" aria-describedby=\"woocommerce_loop_add_to_cart_link_describedby_29676\" data-quantity=\"1\" class=\"button product_type_variable add_to_cart_button\" data-product_id=\"29676\" data-product_sku=\"\" aria-label=\"Select options for \u201cStringid Axami V-10728\u201d\" rel=\"nofollow\" data-no-translation-aria-label=\"\">Select size<\/a>\t<span id=\"woocommerce_loop_add_to_cart_link_describedby_29676\" class=\"screen-reader-text\">\n\t\tThis product has multiple variants. The options may be chosen on the product page\t<\/span>\n<\/li>\n<li class=\"product type-product post-29537 status-publish instock product_cat-sukahoidjad has-post-thumbnail sold-individually taxable shipping-taxable purchasable product-type-variable woovr-active woovr-show-price\">\n\t<a href=\"https:\/\/pesu24.ee\/en\/sukahoidjad\/sukahoidja-axami-v-10722\/\" class=\"woocommerce-LoopProduct-link woocommerce-loop-product__link\"><img loading=\"lazy\" decoding=\"async\" width=\"300\" height=\"450\" src=\"https:\/\/pesu24.ee\/wp-content\/uploads\/2025\/11\/eed96cf7-8d7b-4e78-a5c6-d0a75d00990b_0-300x450.jpg\" class=\"attachment-woocommerce_thumbnail size-woocommerce_thumbnail\" alt=\"Sukahoidja Axami V-10722\" srcset=\"https:\/\/pesu24.ee\/wp-content\/uploads\/2025\/11\/eed96cf7-8d7b-4e78-a5c6-d0a75d00990b_0-300x450.jpg 300w, https:\/\/pesu24.ee\/wp-content\/uploads\/2025\/11\/eed96cf7-8d7b-4e78-a5c6-d0a75d00990b_0-200x300.jpg 200w, https:\/\/pesu24.ee\/wp-content\/uploads\/2025\/11\/eed96cf7-8d7b-4e78-a5c6-d0a75d00990b_0-8x12.jpg 8w, https:\/\/pesu24.ee\/wp-content\/uploads\/2025\/11\/eed96cf7-8d7b-4e78-a5c6-d0a75d00990b_0.jpg 600w\" sizes=\"auto, (max-width: 300px) 100vw, 300px\" \/><div class=\"product-badges\">  <span class=\"badge badge--stock\"><span class=\"dot\" aria-hidden=\"true\"><\/span>Laos<\/span><\/div><h2 class=\"woocommerce-loop-product__title\">Sukahoidja Axami V-10722<\/h2>\n\t<span class=\"price\"><span class=\"woocommerce-Price-amount amount\"><bdi><span class=\"woocommerce-Price-currencySymbol\">&euro;<\/span>31.<span class=\"price-cents\">90<\/span><\/bdi><\/span><\/span>\n<\/a><a class=\"mw-size-hints mw-loop\" href=\"https:\/\/pesu24.ee\/en\/sukahoidjad\/sukahoidja-axami-v-10722\/\" aria-label=\"Sukahoidja Axami V-10722 \u2013 vali suurus\"><div class=\"mw-sizes-line\"><span class=\"mw-sizes-label\">Size:<\/span> <span class=\"mw-sizes\"><span class=\"mw-size-badge\">M<\/span> <span class=\"mw-size-badge\">L<\/span> <span class=\"mw-size-badge\">XL<\/span><\/span><\/div><\/a><a href=\"https:\/\/pesu24.ee\/en\/sukahoidjad\/sukahoidja-axami-v-10722\/\" aria-describedby=\"woocommerce_loop_add_to_cart_link_describedby_29537\" data-quantity=\"1\" class=\"button product_type_variable add_to_cart_button\" data-product_id=\"29537\" data-product_sku=\"\" aria-label=\"Select options for \u201cSukahoidja Axami V-10722\u201d\" rel=\"nofollow\" data-no-translation-aria-label=\"\">Select size<\/a>\t<span id=\"woocommerce_loop_add_to_cart_link_describedby_29537\" class=\"screen-reader-text\">\n\t\tThis product has multiple variants. The options may be chosen on the product page\t<\/span>\n<\/li>\n<\/ul>\n<\/div>","protected":false},"excerpt":{"rendered":"<p>&#46;&#46;&#46;<\/p>","protected":false},"featured_media":29831,"comment_status":"open","ping_status":"closed","template":"","meta":{"_glsr_average":0,"_glsr_ranking":0,"_glsr_reviews":0},"product_brand":[502],"product_cat":[423],"product_tag":[],"class_list":{"0":"post-29828","1":"product","2":"type-product","3":"status-publish","4":"has-post-thumbnail","6":"product_brand-axami","7":"product_cat-topid-rinnahoidjad","8":"pa_varvus-beez","9":"pa_varvus-punane","11":"first","12":"instock","13":"sold-individually","14":"taxable","15":"shipping-taxable","16":"purchasable","17":"product-type-variable"},"_links":{"self":[{"href":"https:\/\/pesu24.ee\/en\/wp-json\/wp\/v2\/product\/29828","targetHints":{"allow":["GET"]}}],"collection":[{"href":"https:\/\/pesu24.ee\/en\/wp-json\/wp\/v2\/product"}],"about":[{"href":"https:\/\/pesu24.ee\/en\/wp-json\/wp\/v2\/types\/product"}],"replies":[{"embeddable":true,"href":"https:\/\/pesu24.ee\/en\/wp-json\/wp\/v2\/comments?post=29828"}],"wp:featuredmedia":[{"embeddable":true,"href":"https:\/\/pesu24.ee\/en\/wp-json\/wp\/v2\/media\/29831"}],"wp:attachment":[{"href":"https:\/\/pesu24.ee\/en\/wp-json\/wp\/v2\/media?parent=29828"}],"wp:term":[{"taxonomy":"product_brand","embeddable":true,"href":"https:\/\/pesu24.ee\/en\/wp-json\/wp\/v2\/product_brand?post=29828"},{"taxonomy":"product_cat","embeddable":true,"href":"https:\/\/pesu24.ee\/en\/wp-json\/wp\/v2\/product_cat?post=29828"},{"taxonomy":"product_tag","embeddable":true,"href":"https:\/\/pesu24.ee\/en\/wp-json\/wp\/v2\/product_tag?post=29828"}],"curies":[{"name":"wp","href":"https:\/\/api.w.org\/{rel}","templated":true}]}}