{"id":29841,"date":"2025-12-19T11:34:41","date_gmt":"2025-12-19T08:34:41","guid":{"rendered":"https:\/\/pesu24.ee\/?post_type=product&#038;p=29841"},"modified":"2026-01-01T12:28:22","modified_gmt":"2026-01-01T09:28:22","slug":"push-up-rinnahoidja-axami-v-10261","status":"publish","type":"product","link":"https:\/\/pesu24.ee\/en\/topid-rinnahoidjad\/push-up-rinnahoidja-axami-v-10261\/","title":{"rendered":"Push-up rinnahoidja Axami V-10261"},"content":{"rendered":"<p>Axami pesubr\u00e4ndi push-up rinnahoidja. V\u00e4ga kvaliteetsest materjalist, luksuslik br\u00e4nd. Tootefotodel olevad <a href=\"https:\/\/pesu24.ee\/en\/stringid-puksikud\/puksikud-axami-v-10263\/\" target=\"_blank\" rel=\"noopener\">Axami V-10623 p\u00fcksikud<\/a> komplekti ei kuulu ja tuleb eraldi osta.<\/p>\n<p><span style=\"color: #a68d03;\"><strong>Details<\/strong><\/span><\/p>\n<div class=\"omadused\">\n<p>See toode sisaldab ja eri\u00e4rasused:<\/p>\n<ul>\n<li>komplektis <span style=\"text-decoration: underline;\">ainult<\/span> rinnahoidja, tootefotodel olevad <a href=\"https:\/\/pesu24.ee\/en\/stringid-puksikud\/puksikud-axami-v-10263\/\">Axami V-10623 p\u00fcksikud<\/a> tuleb eraldi osta.<\/li>\n<li>rinna hoidja push-up, elegantse roosa-violett tikandiga.<\/li>\n<li>eemaldatavad padjad push-up efekti jaoks.<\/li>\n<li>reguleeritavad, mitte eemaldatavad \u00f5lapaelad.<\/li>\n<li>taga kolmeastmeline kinnitus.<\/li>\n<li>rinnakorvil on tugikaared.<\/li>\n<li>v\u00e4rvus roosa.<\/li>\n<li>puuvill 36%, pol\u00fcester 30%, pol\u00fcamiid 17%, pol\u00fcuretaan 16% ja elastaan 1%.<\/li>\n<\/ul>\n<\/div>\n<h2>Selle tootega sobivad kokku<\/h2>\n<p>Komplektis rinnahoidja. P\u00fcksikud tuleb eraldi juurde osta.<\/p>\n<div class=\"woocommerce columns-3\"><ul class=\"products columns-3\">\n<li class=\"product type-product post-29494 status-publish first instock product_cat-stringid-puksikud has-post-thumbnail sold-individually taxable shipping-taxable purchasable product-type-variable woovr-active woovr-show-price\">\n\t<a href=\"https:\/\/pesu24.ee\/en\/stringid-puksikud\/puksikud-axami-v-10263\/\" class=\"woocommerce-LoopProduct-link woocommerce-loop-product__link\"><img loading=\"lazy\" decoding=\"async\" width=\"300\" height=\"450\" src=\"https:\/\/pesu24.ee\/wp-content\/uploads\/2025\/11\/237b0239-09d6-43af-acb8-ce5ef70f337e_0-300x450.jpg\" class=\"attachment-woocommerce_thumbnail size-woocommerce_thumbnail\" alt=\"P\u00fcksikud Axami V-10263\" srcset=\"https:\/\/pesu24.ee\/wp-content\/uploads\/2025\/11\/237b0239-09d6-43af-acb8-ce5ef70f337e_0-300x450.jpg 300w, https:\/\/pesu24.ee\/wp-content\/uploads\/2025\/11\/237b0239-09d6-43af-acb8-ce5ef70f337e_0-200x300.jpg 200w, https:\/\/pesu24.ee\/wp-content\/uploads\/2025\/11\/237b0239-09d6-43af-acb8-ce5ef70f337e_0-8x12.jpg 8w, https:\/\/pesu24.ee\/wp-content\/uploads\/2025\/11\/237b0239-09d6-43af-acb8-ce5ef70f337e_0.jpg 600w\" sizes=\"auto, (max-width: 300px) 100vw, 300px\" \/><div class=\"product-badges\">  <span class=\"badge badge--stock\"><span class=\"dot\" aria-hidden=\"true\"><\/span>Laos<\/span><\/div><h2 class=\"woocommerce-loop-product__title\">P\u00fcksikud Axami V-10263<\/h2>\n\t<span class=\"price\"><span class=\"woocommerce-Price-amount amount\"><bdi><span class=\"woocommerce-Price-currencySymbol\">&euro;<\/span>32.<span class=\"price-cents\">90<\/span><\/bdi><\/span><\/span>\n<\/a><a class=\"mw-size-hints mw-loop\" href=\"https:\/\/pesu24.ee\/en\/stringid-puksikud\/puksikud-axami-v-10263\/\" aria-label=\"P\u00fcksikud Axami V-10263 \u2013 vali suurus\"><div class=\"mw-sizes-line\"><span class=\"mw-sizes-label\">Size:<\/span> <span class=\"mw-sizes\"><span class=\"mw-size-badge\">S<\/span> <span class=\"mw-size-badge\">L<\/span><\/span><\/div><\/a><a href=\"https:\/\/pesu24.ee\/en\/stringid-puksikud\/puksikud-axami-v-10263\/\" aria-describedby=\"woocommerce_loop_add_to_cart_link_describedby_29494\" data-quantity=\"1\" class=\"button product_type_variable add_to_cart_button\" data-product_id=\"29494\" data-product_sku=\"\" aria-label=\"Select options for \u201cP\u00fcksikud Axami V-10263\u201d\" rel=\"nofollow\" data-no-translation-aria-label=\"\">Select size<\/a>\t<span id=\"woocommerce_loop_add_to_cart_link_describedby_29494\" class=\"screen-reader-text\">\n\t\tThis product has multiple variants. The options may be chosen on the product page\t<\/span>\n<\/li>\n<\/ul>\n<\/div>","protected":false},"excerpt":{"rendered":"<p>&#46;&#46;&#46;<\/p>","protected":false},"featured_media":29845,"comment_status":"open","ping_status":"closed","template":"","meta":{"_glsr_average":0,"_glsr_ranking":0,"_glsr_reviews":0},"product_brand":[502],"product_cat":[423],"product_tag":[],"class_list":{"0":"post-29841","1":"product","2":"type-product","3":"status-publish","4":"has-post-thumbnail","6":"product_brand-axami","7":"product_cat-topid-rinnahoidjad","8":"pa_varvus-roosa","10":"first","11":"instock","12":"sold-individually","13":"taxable","14":"shipping-taxable","15":"purchasable","16":"product-type-variable"},"_links":{"self":[{"href":"https:\/\/pesu24.ee\/en\/wp-json\/wp\/v2\/product\/29841","targetHints":{"allow":["GET"]}}],"collection":[{"href":"https:\/\/pesu24.ee\/en\/wp-json\/wp\/v2\/product"}],"about":[{"href":"https:\/\/pesu24.ee\/en\/wp-json\/wp\/v2\/types\/product"}],"replies":[{"embeddable":true,"href":"https:\/\/pesu24.ee\/en\/wp-json\/wp\/v2\/comments?post=29841"}],"wp:featuredmedia":[{"embeddable":true,"href":"https:\/\/pesu24.ee\/en\/wp-json\/wp\/v2\/media\/29845"}],"wp:attachment":[{"href":"https:\/\/pesu24.ee\/en\/wp-json\/wp\/v2\/media?parent=29841"}],"wp:term":[{"taxonomy":"product_brand","embeddable":true,"href":"https:\/\/pesu24.ee\/en\/wp-json\/wp\/v2\/product_brand?post=29841"},{"taxonomy":"product_cat","embeddable":true,"href":"https:\/\/pesu24.ee\/en\/wp-json\/wp\/v2\/product_cat?post=29841"},{"taxonomy":"product_tag","embeddable":true,"href":"https:\/\/pesu24.ee\/en\/wp-json\/wp\/v2\/product_tag?post=29841"}],"curies":[{"name":"wp","href":"https:\/\/api.w.org\/{rel}","templated":true}]}}