{"id":30189,"date":"2025-12-16T11:36:33","date_gmt":"2025-12-16T08:36:33","guid":{"rendered":"https:\/\/pesu24.ee\/?post_type=product&#038;p=30189"},"modified":"2025-12-16T11:38:03","modified_gmt":"2025-12-16T08:38:03","slug":"2-osaline-pesukomplekt-obsessive-inferro","status":"publish","type":"product","link":"https:\/\/pesu24.ee\/en\/pesukomplektid\/2-osaline-pesukomplekt-obsessive-inferro\/","title":{"rendered":"2-osaline pesukomplekt Obsessive Inferro"},"content":{"rendered":"<div class=\"omadused\">\n  Details<\/p>\n<ul>\n<li>Julge ja unikaalse geomeetrilise disainiga komplekt<\/li>\n<li>Komplektis rinnahoidja ja k\u00f5rge v\u00f6\u00f6kohaga stringid<\/li>\n<li>Eemaldatava rihmaga kaelarihm (choker)<\/li>\n<li>Reguleeritavad rihmad t\u00e4pseks sobivuseks<\/li>\n<li>H\u00f5bedased kinnitused ja detailid<\/li>\n<li>Dekoratiivsed elemendid on niklivabad<\/li>\n<li>Kvaliteetsed materjalid ja viimistletud detailid<\/li>\n<li>Universaalsuurus &#8211; sobilik S\/M\/L kandjatele<\/li>\n<\/ul>\n<\/div>","protected":false},"excerpt":{"rendered":"<p>&#46;&#46;&#46;<\/p>","protected":false},"featured_media":30192,"comment_status":"open","ping_status":"closed","template":"","meta":{"_glsr_average":0,"_glsr_ranking":0,"_glsr_reviews":0},"product_brand":[500],"product_cat":[16],"product_tag":[],"class_list":{"0":"post-30189","1":"product","2":"type-product","3":"status-publish","4":"has-post-thumbnail","6":"product_brand-obsessive","7":"product_cat-pesukomplektid","8":"pa_suurus-universaalsuurus","9":"pa_varvus-punane","11":"first","12":"instock","13":"sold-individually","14":"taxable","15":"shipping-taxable","16":"purchasable","17":"product-type-simple"},"_links":{"self":[{"href":"https:\/\/pesu24.ee\/en\/wp-json\/wp\/v2\/product\/30189","targetHints":{"allow":["GET"]}}],"collection":[{"href":"https:\/\/pesu24.ee\/en\/wp-json\/wp\/v2\/product"}],"about":[{"href":"https:\/\/pesu24.ee\/en\/wp-json\/wp\/v2\/types\/product"}],"replies":[{"embeddable":true,"href":"https:\/\/pesu24.ee\/en\/wp-json\/wp\/v2\/comments?post=30189"}],"wp:featuredmedia":[{"embeddable":true,"href":"https:\/\/pesu24.ee\/en\/wp-json\/wp\/v2\/media\/30192"}],"wp:attachment":[{"href":"https:\/\/pesu24.ee\/en\/wp-json\/wp\/v2\/media?parent=30189"}],"wp:term":[{"taxonomy":"product_brand","embeddable":true,"href":"https:\/\/pesu24.ee\/en\/wp-json\/wp\/v2\/product_brand?post=30189"},{"taxonomy":"product_cat","embeddable":true,"href":"https:\/\/pesu24.ee\/en\/wp-json\/wp\/v2\/product_cat?post=30189"},{"taxonomy":"product_tag","embeddable":true,"href":"https:\/\/pesu24.ee\/en\/wp-json\/wp\/v2\/product_tag?post=30189"}],"curies":[{"name":"wp","href":"https:\/\/api.w.org\/{rel}","templated":true}]}}