{"id":31003,"date":"2026-02-19T12:05:44","date_gmt":"2026-02-19T10:05:44","guid":{"rendered":"https:\/\/pesu24.ee\/?post_type=product&#038;p=31003"},"modified":"2026-02-19T12:18:19","modified_gmt":"2026-02-19T10:18:19","slug":"body-obsessive-nightly-blue","status":"publish","type":"product","link":"https:\/\/pesu24.ee\/en\/bodyd\/body-obsessive-nightly-blue\/","title":{"rendered":"Body Obsessive Nightly Blue"},"content":{"rendered":"<div class=\"omadused\">\n<h3>Toote omadused<\/h3>\n<ul>\n<li>komplektis body<\/li>\n<li>avatud jalgevahe<\/li>\n<li>polsterdatud tugikaartega rinnakorv<\/li>\n<li>l\u00e4bikumav v\u00f5rkmaterjal pitsist \u00e4\u00e4ristega<\/li>\n<li>avatud seljaosa<\/li>\n<li>reguleeritavad \u00f5lapaelad<\/li>\n<li>taga astmeline kinnitus<\/li>\n<li>disainitud EL&#8217;s<\/li>\n<li>kangas: 94% pol\u00fcamiid &amp; 6% elastaan<\/li>\n<\/ul>\n<h2>Sama pesukollektsiooni tooted<\/h2>\n<div class=\"woocommerce columns-3\"><ul class=\"products columns-3\">\n<li class=\"product type-product post-31013 status-publish first instock product_cat-stringid-puksikud has-post-thumbnail sold-individually taxable shipping-taxable purchasable product-type-variable woovr-active woovr-show-price\">\n\t<a href=\"https:\/\/pesu24.ee\/en\/stringid-puksikud\/stringid-obsessive-nightly-blue\/\" class=\"woocommerce-LoopProduct-link woocommerce-loop-product__link\"><img loading=\"lazy\" decoding=\"async\" width=\"300\" height=\"375\" src=\"https:\/\/pesu24.ee\/wp-content\/uploads\/2026\/02\/Obsessive-nightly-blue-crotchless-thong-3-frf-300x375.jpg\" class=\"attachment-woocommerce_thumbnail size-woocommerce_thumbnail\" alt=\"Stringid Obsessive Nightly Blue\" srcset=\"https:\/\/pesu24.ee\/wp-content\/uploads\/2026\/02\/Obsessive-nightly-blue-crotchless-thong-3-frf-300x375.jpg 300w, https:\/\/pesu24.ee\/wp-content\/uploads\/2026\/02\/Obsessive-nightly-blue-crotchless-thong-3-frf-240x300.jpg 240w, https:\/\/pesu24.ee\/wp-content\/uploads\/2026\/02\/Obsessive-nightly-blue-crotchless-thong-3-frf-10x12.jpg 10w, https:\/\/pesu24.ee\/wp-content\/uploads\/2026\/02\/Obsessive-nightly-blue-crotchless-thong-3-frf-600x750.jpg 600w, https:\/\/pesu24.ee\/wp-content\/uploads\/2026\/02\/Obsessive-nightly-blue-crotchless-thong-3-frf.jpg 720w\" sizes=\"auto, (max-width: 300px) 100vw, 300px\" \/><div class=\"product-badges\">  <span class=\"badge badge--stock\"><span class=\"dot\" aria-hidden=\"true\"><\/span>Laos<\/span><\/div><h2 class=\"woocommerce-loop-product__title\">Stringid Obsessive Nightly Blue<\/h2>\n\t<span class=\"price\"><span class=\"woocommerce-Price-amount amount\"><bdi><span class=\"woocommerce-Price-currencySymbol\">&euro;<\/span>29.<span class=\"price-cents\">90<\/span><\/bdi><\/span><\/span>\n<\/a><a class=\"mw-size-hints mw-loop\" href=\"https:\/\/pesu24.ee\/en\/stringid-puksikud\/stringid-obsessive-nightly-blue\/\" aria-label=\"Stringid Obsessive Nightly Blue \u2013 vali suurus\"><div class=\"mw-sizes-line\"><span class=\"mw-sizes-label\">Size:<\/span> <span class=\"mw-sizes\"><span class=\"mw-size-badge\">XS\/S<\/span> <span class=\"mw-size-badge\">M\/L<\/span> <span class=\"mw-size-badge\">XL\/XXL<\/span><\/span><\/div><\/a><a href=\"https:\/\/pesu24.ee\/en\/stringid-puksikud\/stringid-obsessive-nightly-blue\/\" aria-describedby=\"woocommerce_loop_add_to_cart_link_describedby_31013\" data-quantity=\"1\" class=\"button product_type_variable add_to_cart_button\" data-product_id=\"31013\" data-product_sku=\"\" aria-label=\"Select options for \u201cStringid Obsessive Nightly Blue\u201d\" rel=\"nofollow\" data-no-translation-aria-label=\"\">Select size<\/a>\t<span id=\"woocommerce_loop_add_to_cart_link_describedby_31013\" class=\"screen-reader-text\">\n\t\tThis product has multiple variants. The options may be chosen on the product page\t<\/span>\n<\/li>\n<li class=\"product type-product post-30978 status-publish instock product_cat-pesukomplektid has-post-thumbnail sold-individually taxable shipping-taxable purchasable product-type-variable woovr-active woovr-show-price\">\n\t<a href=\"https:\/\/pesu24.ee\/en\/pesukomplektid\/3-osaline-pesukomplekt-obsessive-nightly-blue\/\" class=\"woocommerce-LoopProduct-link woocommerce-loop-product__link\"><img loading=\"lazy\" decoding=\"async\" width=\"300\" height=\"375\" src=\"https:\/\/pesu24.ee\/wp-content\/uploads\/2026\/02\/Obsessive-nightly-blue-3-pcs-set-im1-300x375.jpg\" class=\"attachment-woocommerce_thumbnail size-woocommerce_thumbnail\" alt=\"3-osaline pesukomplekt Obsessive Nightly Blue\" srcset=\"https:\/\/pesu24.ee\/wp-content\/uploads\/2026\/02\/Obsessive-nightly-blue-3-pcs-set-im1-300x375.jpg 300w, https:\/\/pesu24.ee\/wp-content\/uploads\/2026\/02\/Obsessive-nightly-blue-3-pcs-set-im1-240x300.jpg 240w, https:\/\/pesu24.ee\/wp-content\/uploads\/2026\/02\/Obsessive-nightly-blue-3-pcs-set-im1-10x12.jpg 10w, https:\/\/pesu24.ee\/wp-content\/uploads\/2026\/02\/Obsessive-nightly-blue-3-pcs-set-im1-600x750.jpg 600w, https:\/\/pesu24.ee\/wp-content\/uploads\/2026\/02\/Obsessive-nightly-blue-3-pcs-set-im1.jpg 720w\" sizes=\"auto, (max-width: 300px) 100vw, 300px\" \/><div class=\"product-badges\">  <span class=\"badge badge--stock\"><span class=\"dot\" aria-hidden=\"true\"><\/span>Laos<\/span>  <span class=\"badge badge--ship\">\n            <svg class=\"truck\" viewbox=\"0 0 24 16\" width=\"16\" height=\"12\" aria-hidden=\"true\" focusable=\"false\">\n              <path fill=\"currentColor\" d=\"M1 3h12v7H1zM13 5h5l3 3v2h-8z\"\/>\n              <circle cx=\"6\" cy=\"12.5\" r=\"2.5\" fill=\"currentColor\"\/>\n              <circle cx=\"16\" cy=\"12.5\" r=\"2.5\" fill=\"currentColor\"\/>\n            <\/svg>\n            Tasuta tarne\n          <\/span><\/div><h2 class=\"woocommerce-loop-product__title\">3-osaline pesukomplekt Obsessive Nightly Blue<\/h2>\n\t<span class=\"price\"><span class=\"woocommerce-Price-amount amount\"><bdi><span class=\"woocommerce-Price-currencySymbol\">&euro;<\/span>79.<span class=\"price-cents\">90<\/span><\/bdi><\/span><\/span>\n<\/a><a class=\"mw-size-hints mw-loop\" href=\"https:\/\/pesu24.ee\/en\/pesukomplektid\/3-osaline-pesukomplekt-obsessive-nightly-blue\/\" aria-label=\"3-osaline pesukomplekt Obsessive Nightly Blue \u2013 vali suurus\"><div class=\"mw-sizes-line\"><span class=\"mw-sizes-label\">Size:<\/span> <span class=\"mw-sizes\"><span class=\"mw-size-badge\">XS\/S<\/span> <span class=\"mw-size-badge\">M\/L<\/span> <span class=\"mw-size-badge\">XL\/XXL<\/span><\/span><\/div><\/a><a href=\"https:\/\/pesu24.ee\/en\/pesukomplektid\/3-osaline-pesukomplekt-obsessive-nightly-blue\/\" aria-describedby=\"woocommerce_loop_add_to_cart_link_describedby_30978\" data-quantity=\"1\" class=\"button product_type_variable add_to_cart_button\" data-product_id=\"30978\" data-product_sku=\"\" aria-label=\"Select options for \u201c3-osaline pesukomplekt Obsessive Nightly Blue\u201d\" rel=\"nofollow\" data-no-translation-aria-label=\"\">Select size<\/a>\t<span id=\"woocommerce_loop_add_to_cart_link_describedby_30978\" class=\"screen-reader-text\">\n\t\tThis product has multiple variants. The options may be chosen on the product page\t<\/span>\n<\/li>\n<li class=\"product type-product post-30962 status-publish last instock product_cat-oosargid has-post-thumbnail sold-individually taxable shipping-taxable purchasable product-type-variable woovr-active woovr-show-price\">\n\t<a href=\"https:\/\/pesu24.ee\/en\/oosargid\/oosark-obsessive-nightly-blue\/\" class=\"woocommerce-LoopProduct-link woocommerce-loop-product__link\"><img loading=\"lazy\" decoding=\"async\" width=\"300\" height=\"375\" src=\"https:\/\/pesu24.ee\/wp-content\/uploads\/2026\/02\/Obsessive-nightly-blue-chemise-2-frf-300x375.jpg\" class=\"attachment-woocommerce_thumbnail size-woocommerce_thumbnail\" alt=\"\u00d6\u00f6s\u00e4rk Obsessive Nightly Blue\" srcset=\"https:\/\/pesu24.ee\/wp-content\/uploads\/2026\/02\/Obsessive-nightly-blue-chemise-2-frf-300x375.jpg 300w, https:\/\/pesu24.ee\/wp-content\/uploads\/2026\/02\/Obsessive-nightly-blue-chemise-2-frf-240x300.jpg 240w, https:\/\/pesu24.ee\/wp-content\/uploads\/2026\/02\/Obsessive-nightly-blue-chemise-2-frf-10x12.jpg 10w, https:\/\/pesu24.ee\/wp-content\/uploads\/2026\/02\/Obsessive-nightly-blue-chemise-2-frf-600x750.jpg 600w, https:\/\/pesu24.ee\/wp-content\/uploads\/2026\/02\/Obsessive-nightly-blue-chemise-2-frf.jpg 720w\" sizes=\"auto, (max-width: 300px) 100vw, 300px\" \/><div class=\"product-badges\">  <span class=\"badge badge--stock\"><span class=\"dot\" aria-hidden=\"true\"><\/span>Laos<\/span>  <span class=\"badge badge--ship\">\n            <svg class=\"truck\" viewbox=\"0 0 24 16\" width=\"16\" height=\"12\" aria-hidden=\"true\" focusable=\"false\">\n              <path fill=\"currentColor\" d=\"M1 3h12v7H1zM13 5h5l3 3v2h-8z\"\/>\n              <circle cx=\"6\" cy=\"12.5\" r=\"2.5\" fill=\"currentColor\"\/>\n              <circle cx=\"16\" cy=\"12.5\" r=\"2.5\" fill=\"currentColor\"\/>\n            <\/svg>\n            Tasuta tarne\n          <\/span><\/div><h2 class=\"woocommerce-loop-product__title\">\u00d6\u00f6s\u00e4rk Obsessive Nightly Blue<\/h2>\n\t<span class=\"price\"><span class=\"woocommerce-Price-amount amount\"><bdi><span class=\"woocommerce-Price-currencySymbol\">&euro;<\/span>74.<span class=\"price-cents\">90<\/span><\/bdi><\/span><\/span>\n<\/a><a class=\"mw-size-hints mw-loop\" href=\"https:\/\/pesu24.ee\/en\/oosargid\/oosark-obsessive-nightly-blue\/\" aria-label=\"\u00d6\u00f6s\u00e4rk Obsessive Nightly Blue \u2013 vali suurus\"><div class=\"mw-sizes-line\"><span class=\"mw-sizes-label\">Size:<\/span> <span class=\"mw-sizes\"><span class=\"mw-size-badge\">XS\/S<\/span> <span class=\"mw-size-badge\">XL\/XXL<\/span><\/span><\/div><\/a><a href=\"https:\/\/pesu24.ee\/en\/oosargid\/oosark-obsessive-nightly-blue\/\" aria-describedby=\"woocommerce_loop_add_to_cart_link_describedby_30962\" data-quantity=\"1\" class=\"button product_type_variable add_to_cart_button\" data-product_id=\"30962\" data-product_sku=\"\" aria-label=\"Select options for \u201c\u00d6\u00f6s\u00e4rk Obsessive Nightly Blue\u201d\" rel=\"nofollow\" data-no-translation-aria-label=\"\">Select size<\/a>\t<span id=\"woocommerce_loop_add_to_cart_link_describedby_30962\" class=\"screen-reader-text\">\n\t\tThis product has multiple variants. The options may be chosen on the product page\t<\/span>\n<\/li>\n<\/ul>\n<\/div>\n<\/div>","protected":false},"excerpt":{"rendered":"<p>&#46;&#46;&#46;<\/p>","protected":false},"featured_media":31008,"comment_status":"open","ping_status":"closed","template":"","meta":{"_glsr_average":0,"_glsr_ranking":0,"_glsr_reviews":0},"product_brand":[500],"product_cat":[89],"product_tag":[],"class_list":{"0":"post-31003","1":"product","2":"type-product","3":"status-publish","4":"has-post-thumbnail","6":"product_brand-obsessive","7":"product_cat-bodyd","8":"pa_suurus-m-l","9":"pa_suurus-xl-xxl","10":"pa_suurus-xs-s","12":"first","13":"instock","14":"sold-individually","15":"taxable","16":"shipping-taxable","17":"purchasable","18":"product-type-variable"},"_links":{"self":[{"href":"https:\/\/pesu24.ee\/en\/wp-json\/wp\/v2\/product\/31003","targetHints":{"allow":["GET"]}}],"collection":[{"href":"https:\/\/pesu24.ee\/en\/wp-json\/wp\/v2\/product"}],"about":[{"href":"https:\/\/pesu24.ee\/en\/wp-json\/wp\/v2\/types\/product"}],"replies":[{"embeddable":true,"href":"https:\/\/pesu24.ee\/en\/wp-json\/wp\/v2\/comments?post=31003"}],"wp:featuredmedia":[{"embeddable":true,"href":"https:\/\/pesu24.ee\/en\/wp-json\/wp\/v2\/media\/31008"}],"wp:attachment":[{"href":"https:\/\/pesu24.ee\/en\/wp-json\/wp\/v2\/media?parent=31003"}],"wp:term":[{"taxonomy":"product_brand","embeddable":true,"href":"https:\/\/pesu24.ee\/en\/wp-json\/wp\/v2\/product_brand?post=31003"},{"taxonomy":"product_cat","embeddable":true,"href":"https:\/\/pesu24.ee\/en\/wp-json\/wp\/v2\/product_cat?post=31003"},{"taxonomy":"product_tag","embeddable":true,"href":"https:\/\/pesu24.ee\/en\/wp-json\/wp\/v2\/product_tag?post=31003"}],"curies":[{"name":"wp","href":"https:\/\/api.w.org\/{rel}","templated":true}]}}