{"id":31159,"date":"2026-03-05T10:49:44","date_gmt":"2026-03-05T08:49:44","guid":{"rendered":"https:\/\/pesu24.ee\/?post_type=product&#038;p=31159"},"modified":"2026-03-05T10:50:08","modified_gmt":"2026-03-05T08:50:08","slug":"babydoll-beauty-night-milana-2","status":"publish","type":"product","link":"https:\/\/pesu24.ee\/en\/babydollid\/babydoll-beauty-night-milana-2\/","title":{"rendered":"Babydoll Beauty Night Milana"},"content":{"rendered":"<h3>Toote omadused<\/h3>\n<ul>\n<li>komplektis babydoll &amp; stringid<\/li>\n<li>l\u00e4bikumav mustas toonis materjal<\/li>\n<li>s\u00fcgava v\u00e4ljal\u00f5ikega pitsist rinnakorvid<\/li>\n<li>dekoratiivne kaelarihm<\/li>\n<li>reguleeritavad \u00f5lapaelad<\/li>\n<li>kangas: 85% pol\u00fcamiid, 10% elastaan &amp; 5% pol\u00fcester<\/li>\n<\/ul>","protected":false},"excerpt":{"rendered":"<p>&#46;&#46;&#46;<\/p>","protected":false},"featured_media":31162,"comment_status":"open","ping_status":"closed","template":"","meta":{"_glsr_average":0,"_glsr_ranking":0,"_glsr_reviews":0},"product_brand":[503],"product_cat":[82],"product_tag":[],"class_list":{"0":"post-31159","1":"product","2":"type-product","3":"status-publish","4":"has-post-thumbnail","6":"product_brand-beauty-night","7":"product_cat-babydollid","8":"pa_suurus-l-xl","9":"pa_suurus-s-m","10":"pa_varvus-must","12":"first","13":"instock","14":"sold-individually","15":"taxable","16":"shipping-taxable","17":"purchasable","18":"product-type-variable"},"_links":{"self":[{"href":"https:\/\/pesu24.ee\/en\/wp-json\/wp\/v2\/product\/31159","targetHints":{"allow":["GET"]}}],"collection":[{"href":"https:\/\/pesu24.ee\/en\/wp-json\/wp\/v2\/product"}],"about":[{"href":"https:\/\/pesu24.ee\/en\/wp-json\/wp\/v2\/types\/product"}],"replies":[{"embeddable":true,"href":"https:\/\/pesu24.ee\/en\/wp-json\/wp\/v2\/comments?post=31159"}],"wp:featuredmedia":[{"embeddable":true,"href":"https:\/\/pesu24.ee\/en\/wp-json\/wp\/v2\/media\/31162"}],"wp:attachment":[{"href":"https:\/\/pesu24.ee\/en\/wp-json\/wp\/v2\/media?parent=31159"}],"wp:term":[{"taxonomy":"product_brand","embeddable":true,"href":"https:\/\/pesu24.ee\/en\/wp-json\/wp\/v2\/product_brand?post=31159"},{"taxonomy":"product_cat","embeddable":true,"href":"https:\/\/pesu24.ee\/en\/wp-json\/wp\/v2\/product_cat?post=31159"},{"taxonomy":"product_tag","embeddable":true,"href":"https:\/\/pesu24.ee\/en\/wp-json\/wp\/v2\/product_tag?post=31159"}],"curies":[{"name":"wp","href":"https:\/\/api.w.org\/{rel}","templated":true}]}}