{"id":31456,"date":"2026-04-07T10:03:59","date_gmt":"2026-04-07T08:03:59","guid":{"rendered":"https:\/\/pesu24.ee\/?post_type=product&#038;p=31456"},"modified":"2026-04-07T10:03:59","modified_gmt":"2026-04-07T08:03:59","slug":"avatud-stringid-obsessive-vila-blanes","status":"publish","type":"product","link":"https:\/\/pesu24.ee\/en\/stringid-puksikud\/avatud-stringid-obsessive-vila-blanes\/","title":{"rendered":"Avatud stringid Obsessive Vila Blanes"},"content":{"rendered":"<div class=\"omadused\">\n<h3>Toote omadused<\/h3>\n<ul>\n<li>avatud jalgevahega stringid<\/li>\n<li>seljal ristuvad paelad<\/li>\n<li>lilleline tikand<\/li>\n<li>kuldsed aksessuaarid<\/li>\n<li>k\u00f5rgkvaliteetsed kangad (94% pol\u00fcamiid &amp; 6% elastaan; 88% pol\u00fcamiid &amp; 12% elastaan)<\/li>\n<\/ul>\n<\/div>","protected":false},"excerpt":{"rendered":"<p>&#46;&#46;&#46;<\/p>","protected":false},"featured_media":31458,"comment_status":"open","ping_status":"closed","template":"","meta":{"_glsr_average":0,"_glsr_ranking":0,"_glsr_reviews":0},"product_brand":[500],"product_cat":[385],"product_tag":[],"class_list":{"0":"post-31456","1":"product","2":"type-product","3":"status-publish","4":"has-post-thumbnail","6":"product_brand-obsessive","7":"product_cat-stringid-puksikud","8":"pa_suurus-m-l","9":"pa_suurus-xl-xxl","10":"pa_suurus-xs-s","11":"pa_varvus-beez","12":"pa_varvus-must","14":"first","15":"instock","16":"sold-individually","17":"taxable","18":"shipping-taxable","19":"purchasable","20":"product-type-variable"},"_links":{"self":[{"href":"https:\/\/pesu24.ee\/en\/wp-json\/wp\/v2\/product\/31456","targetHints":{"allow":["GET"]}}],"collection":[{"href":"https:\/\/pesu24.ee\/en\/wp-json\/wp\/v2\/product"}],"about":[{"href":"https:\/\/pesu24.ee\/en\/wp-json\/wp\/v2\/types\/product"}],"replies":[{"embeddable":true,"href":"https:\/\/pesu24.ee\/en\/wp-json\/wp\/v2\/comments?post=31456"}],"wp:featuredmedia":[{"embeddable":true,"href":"https:\/\/pesu24.ee\/en\/wp-json\/wp\/v2\/media\/31458"}],"wp:attachment":[{"href":"https:\/\/pesu24.ee\/en\/wp-json\/wp\/v2\/media?parent=31456"}],"wp:term":[{"taxonomy":"product_brand","embeddable":true,"href":"https:\/\/pesu24.ee\/en\/wp-json\/wp\/v2\/product_brand?post=31456"},{"taxonomy":"product_cat","embeddable":true,"href":"https:\/\/pesu24.ee\/en\/wp-json\/wp\/v2\/product_cat?post=31456"},{"taxonomy":"product_tag","embeddable":true,"href":"https:\/\/pesu24.ee\/en\/wp-json\/wp\/v2\/product_tag?post=31456"}],"curies":[{"name":"wp","href":"https:\/\/api.w.org\/{rel}","templated":true}]}}