{"id":31551,"date":"2026-04-07T12:11:04","date_gmt":"2026-04-07T10:11:04","guid":{"rendered":"https:\/\/pesu24.ee\/?post_type=product&#038;p=31551"},"modified":"2026-04-07T12:11:04","modified_gmt":"2026-04-07T10:11:04","slug":"oosark-obsessive-lune-bellis","status":"publish","type":"product","link":"https:\/\/pesu24.ee\/en\/oosargid\/oosark-obsessive-lune-bellis\/","title":{"rendered":"\u00d6\u00f6s\u00e4rk Obsessive Lune Bellis"},"content":{"rendered":"<div class=\"omadused\">\n<h3>Toote omadused<\/h3>\n<ul>\n<li>komplektis \u00f6\u00f6s\u00e4rk &amp; stringid<\/li>\n<li>avatud seljaosa<\/li>\n<li>reguleeritavad \u00f5lapaelad<\/li>\n<li>geomeetriline motiiv<\/li>\n<li>k\u00f5rge kvaliteediga kangad (90% pol\u00fcamiid &amp; 10% elastaan; 94% pol\u00fcamiid &amp; 6% elastaan)<\/li>\n<\/ul>\n<\/div>","protected":false},"excerpt":{"rendered":"<p>&#46;&#46;&#46;<\/p>","protected":false},"featured_media":31553,"comment_status":"open","ping_status":"closed","template":"","meta":{"_glsr_average":0,"_glsr_ranking":0,"_glsr_reviews":0},"product_brand":[500],"product_cat":[151],"product_tag":[],"class_list":{"0":"post-31551","1":"product","2":"type-product","3":"status-publish","4":"has-post-thumbnail","6":"product_brand-obsessive","7":"product_cat-oosargid","8":"pa_suurus-m-l","9":"pa_suurus-xl-xxl","10":"pa_suurus-xs-s","11":"pa_varvus-must","13":"first","14":"instock","15":"sold-individually","16":"taxable","17":"shipping-taxable","18":"purchasable","19":"product-type-variable"},"_links":{"self":[{"href":"https:\/\/pesu24.ee\/en\/wp-json\/wp\/v2\/product\/31551","targetHints":{"allow":["GET"]}}],"collection":[{"href":"https:\/\/pesu24.ee\/en\/wp-json\/wp\/v2\/product"}],"about":[{"href":"https:\/\/pesu24.ee\/en\/wp-json\/wp\/v2\/types\/product"}],"replies":[{"embeddable":true,"href":"https:\/\/pesu24.ee\/en\/wp-json\/wp\/v2\/comments?post=31551"}],"wp:featuredmedia":[{"embeddable":true,"href":"https:\/\/pesu24.ee\/en\/wp-json\/wp\/v2\/media\/31553"}],"wp:attachment":[{"href":"https:\/\/pesu24.ee\/en\/wp-json\/wp\/v2\/media?parent=31551"}],"wp:term":[{"taxonomy":"product_brand","embeddable":true,"href":"https:\/\/pesu24.ee\/en\/wp-json\/wp\/v2\/product_brand?post=31551"},{"taxonomy":"product_cat","embeddable":true,"href":"https:\/\/pesu24.ee\/en\/wp-json\/wp\/v2\/product_cat?post=31551"},{"taxonomy":"product_tag","embeddable":true,"href":"https:\/\/pesu24.ee\/en\/wp-json\/wp\/v2\/product_tag?post=31551"}],"curies":[{"name":"wp","href":"https:\/\/api.w.org\/{rel}","templated":true}]}}