{"id":31582,"date":"2026-04-07T12:29:34","date_gmt":"2026-04-07T10:29:34","guid":{"rendered":"https:\/\/pesu24.ee\/?post_type=product&#038;p=31582"},"modified":"2026-04-07T12:29:34","modified_gmt":"2026-04-07T10:29:34","slug":"2-osaline-pesukomplekt-obsessive-vila-blanes","status":"publish","type":"product","link":"https:\/\/pesu24.ee\/en\/pesukomplektid\/2-osaline-pesukomplekt-obsessive-vila-blanes\/","title":{"rendered":"2-osaline pesukomplekt Obsessive Vila Blanes"},"content":{"rendered":"<div class=\"omadused\">\n<h3>Toote omadused<\/h3>\n<ul>\n<li>komplektis rinnahoidja &amp; p\u00fcksikud<\/li>\n<li>kaunistatud tikitud lillemustriga<\/li>\n<li>tugikaartega rinnakorv<\/li>\n<li>reguleeritavad \u00f5lapaelad<\/li>\n<li>astmeline kinnitus<\/li>\n<li>kvaliteetsed kangad (94% pol\u00fcamiid &amp; 6% elastaan; 88% pol\u00fcamiiad &amp; 12% elastaan; 100% pol\u00fcester)<\/li>\n<\/ul>\n<\/div>","protected":false},"excerpt":{"rendered":"<p>&#46;&#46;&#46;<\/p>","protected":false},"featured_media":31590,"comment_status":"open","ping_status":"closed","template":"","meta":{"_glsr_average":0,"_glsr_ranking":0,"_glsr_reviews":0},"product_brand":[500],"product_cat":[16],"product_tag":[],"class_list":{"0":"post-31582","1":"product","2":"type-product","3":"status-publish","4":"has-post-thumbnail","6":"product_brand-obsessive","7":"product_cat-pesukomplektid","8":"pa_suurus-m-l","9":"pa_suurus-xl-xxl","10":"pa_suurus-xs-s","11":"pa_varvus-beez","12":"pa_varvus-must","14":"first","15":"instock","16":"sold-individually","17":"taxable","18":"shipping-taxable","19":"purchasable","20":"product-type-variable"},"_links":{"self":[{"href":"https:\/\/pesu24.ee\/en\/wp-json\/wp\/v2\/product\/31582","targetHints":{"allow":["GET"]}}],"collection":[{"href":"https:\/\/pesu24.ee\/en\/wp-json\/wp\/v2\/product"}],"about":[{"href":"https:\/\/pesu24.ee\/en\/wp-json\/wp\/v2\/types\/product"}],"replies":[{"embeddable":true,"href":"https:\/\/pesu24.ee\/en\/wp-json\/wp\/v2\/comments?post=31582"}],"wp:featuredmedia":[{"embeddable":true,"href":"https:\/\/pesu24.ee\/en\/wp-json\/wp\/v2\/media\/31590"}],"wp:attachment":[{"href":"https:\/\/pesu24.ee\/en\/wp-json\/wp\/v2\/media?parent=31582"}],"wp:term":[{"taxonomy":"product_brand","embeddable":true,"href":"https:\/\/pesu24.ee\/en\/wp-json\/wp\/v2\/product_brand?post=31582"},{"taxonomy":"product_cat","embeddable":true,"href":"https:\/\/pesu24.ee\/en\/wp-json\/wp\/v2\/product_cat?post=31582"},{"taxonomy":"product_tag","embeddable":true,"href":"https:\/\/pesu24.ee\/en\/wp-json\/wp\/v2\/product_tag?post=31582"}],"curies":[{"name":"wp","href":"https:\/\/api.w.org\/{rel}","templated":true}]}}